{"id":129,"date":"2019-12-27T16:50:00","date_gmt":"2019-12-27T15:50:00","guid":{"rendered":"http:\/\/www.ztefan.pl\/?page_id=129"},"modified":"2024-12-22T12:27:29","modified_gmt":"2024-12-22T11:27:29","slug":"produkcja","status":"publish","type":"page","link":"https:\/\/www.ztefan.pl\/en\/produkcja\/","title":{"rendered":"Produkcja"},"content":{"rendered":"<p><div class=\"fusion-fullwidth fullwidth-box fusion-builder-row-3 max_width nonhundred-percent-fullwidth non-hundred-percent-height-scrolling\"  style='background-color: #bf9b31;background-position: center center;background-repeat: no-repeat;padding-top:0px;padding-right:30px;padding-bottom:0px;padding-left:30px;'><div class=\"fusion-builder-row fusion-row \"><div  class=\"fusion-layout-column fusion_builder_column fusion_builder_column_1_1 fusion-builder-column-4 fusion-one-full fusion-column-first fusion-column-last 1_1\"  style='margin-top:0px;margin-bottom:20px;'>\n\t\t\t\t\t<div class=\"fusion-column-wrapper\" style=\"padding: 0px 0px 0px 0px;background-position:left top;background-repeat:no-repeat;-webkit-background-size:cover;-moz-background-size:cover;-o-background-size:cover;background-size:cover;\"   data-bg-url=\"\">\n\t\t\t\t\t\t<div class=\"fusion-text page_title\"><h1 style=\"text-align: center;\">Production<\/h1>\n<\/div><div class=\"fusion-clearfix\"><\/div>\n\n\t\t\t\t\t<\/div>\n\t\t\t\t<\/div><\/div><\/div><div class=\"fusion-fullwidth fullwidth-box fusion-builder-row-4 content_width nonhundred-percent-fullwidth non-hundred-percent-height-scrolling\"  style='background-color: rgba(255,255,255,0);background-position: center center;background-repeat: no-repeat;padding-top:50px;padding-right:30px;padding-bottom:50px;padding-left:30px;'><div class=\"fusion-builder-row fusion-row \"><div  class=\"fusion-layout-column fusion_builder_column fusion_builder_column_1_1 fusion-builder-column-5 fusion-one-full fusion-column-first fusion-column-last 1_1\"  style='margin-top:0px;margin-bottom:20px;'>\n\t\t\t\t\t<div class=\"fusion-column-wrapper\" style=\"padding: 0px 0px 0px 0px;background-position:left top;background-repeat:no-repeat;-webkit-background-size:cover;-moz-background-size:cover;-o-background-size:cover;background-size:cover;\"   data-bg-url=\"\">\n\t\t\t\t\t\t<div class=\"fusion-text\"><p style=\"text-align: center;\">Our bags are manufactured in several factories in India. They are all hand made by the best leatherworkers. We use bags<br \/>\nmade of strong and resistant Indian buffalo leathers and exclusive and exceptional goatskins.<\/p>\n<\/div><div class=\"fusion-clearfix\"><\/div>\n\n\t\t\t\t\t<\/div>\n\t\t\t\t<\/div><div  class=\"fusion-layout-column fusion_builder_column fusion_builder_column_1_1 fusion-builder-column-6 fusion-one-full fusion-column-first fusion-column-last 1_1\"  style='margin-top:0px;margin-bottom:20px;'>\n\t\t\t\t\t<div class=\"fusion-column-wrapper\" style=\"padding: 0px 0px 0px 0px;background-position:left top;background-repeat:no-repeat;-webkit-background-size:cover;-moz-background-size:cover;-o-background-size:cover;background-size:cover;\"   data-bg-url=\"\">\n\t\t\t\t\t\t<style type=\"text\/css\">.fusion-gallery-2 .fusion-gallery-image {border:0px solid #f6f6f6;}<\/style><div class=\"fusion-gallery fusion-gallery-container fusion-grid-5 fusion-columns-total-0 fusion-gallery-layout-grid fusion-gallery-2\" style=\"margin:-5px;\"><div style=\"padding:5px;\" class=\"fusion-grid-column fusion-gallery-column fusion-gallery-column-5 hover-type-none\"><div class=\"fusion-gallery-image\"><a href=\"https:\/\/www.ztefan.pl\/wp-content\/uploads\/2020\/01\/d6284f5c-1f0f-461d-b1dc-8c1d0fd81ca8.jpg\" rel=\"noreferrer\" data-rel=\"iLightbox[gallery_image_2]\" class=\"fusion-lightbox\" target=\"_self\"><img loading=\"lazy\" src=\"data:image\/svg+xml,%3Csvg%20xmlns%3D%27http%3A%2F%2Fwww.w3.org%2F2000%2Fsvg%27%20width%3D%27320%27%20height%3D%27202%27%20viewBox%3D%270%200%20320%20202%27%3E%3Crect%20width%3D%27320%27%20height%3D%273202%27%20fill-opacity%3D%220%22%2F%3E%3C%2Fsvg%3E\" data-orig-src=\"https:\/\/www.ztefan.pl\/wp-content\/uploads\/2020\/01\/d6284f5c-1f0f-461d-b1dc-8c1d0fd81ca8-320x202.jpg\" width=\"320\" height=\"202\" alt=\"praca rzemie\u015blnicza\" title=\"d6284f5c-1f0f-461d-b1dc-8c1d0fd81ca8\" aria-label=\"d6284f5c-1f0f-461d-b1dc-8c1d0fd81ca8\" class=\"lazyload img-responsive wp-image-270\" \/><\/a><\/div><\/div><div class=\"clearfix\"><\/div><div style=\"padding:5px;\" class=\"fusion-grid-column fusion-gallery-column fusion-gallery-column-5 hover-type-none\"><div class=\"fusion-gallery-image\"><a href=\"https:\/\/www.ztefan.pl\/wp-content\/uploads\/2020\/01\/95222806-c15c-44ae-a992-fbf6511b3318.jpg\" rel=\"noreferrer\" data-rel=\"iLightbox[gallery_image_2]\" class=\"fusion-lightbox\" target=\"_self\"><img loading=\"lazy\" src=\"data:image\/svg+xml,%3Csvg%20xmlns%3D%27http%3A%2F%2Fwww.w3.org%2F2000%2Fsvg%27%20width%3D%27320%27%20height%3D%27202%27%20viewBox%3D%270%200%20320%20202%27%3E%3Crect%20width%3D%27320%27%20height%3D%273202%27%20fill-opacity%3D%220%22%2F%3E%3C%2Fsvg%3E\" data-orig-src=\"https:\/\/www.ztefan.pl\/wp-content\/uploads\/2020\/01\/95222806-c15c-44ae-a992-fbf6511b3318-320x202.jpg\" width=\"320\" height=\"202\" alt=\"praca rzemie\u015blnicza\" title=\"95222806-c15c-44ae-a992-fbf6511b3318\" aria-label=\"95222806-c15c-44ae-a992-fbf6511b3318\" class=\"lazyload img-responsive wp-image-269\" \/><\/a><\/div><\/div><div style=\"padding:5px;\" class=\"fusion-grid-column fusion-gallery-column fusion-gallery-column-5 hover-type-none\"><div class=\"fusion-gallery-image\"><a href=\"https:\/\/www.ztefan.pl\/wp-content\/uploads\/2020\/01\/4128338d-d098-460b-860b-c6b8f057637d.jpg\" rel=\"noreferrer\" data-rel=\"iLightbox[gallery_image_2]\" class=\"fusion-lightbox\" target=\"_self\"><img loading=\"lazy\" src=\"data:image\/svg+xml,%3Csvg%20xmlns%3D%27http%3A%2F%2Fwww.w3.org%2F2000%2Fsvg%27%20width%3D%27320%27%20height%3D%27202%27%20viewBox%3D%270%200%20320%20202%27%3E%3Crect%20width%3D%27320%27%20height%3D%273202%27%20fill-opacity%3D%220%22%2F%3E%3C%2Fsvg%3E\" data-orig-src=\"https:\/\/www.ztefan.pl\/wp-content\/uploads\/2020\/01\/4128338d-d098-460b-860b-c6b8f057637d-320x202.jpg\" width=\"320\" height=\"202\" alt=\"praca rzemie\u015blnicza\" title=\"4128338d-d098-460b-860b-c6b8f057637d\" aria-label=\"4128338d-d098-460b-860b-c6b8f057637d\" class=\"lazyload img-responsive wp-image-268\" \/><\/a><\/div><\/div><div style=\"padding:5px;\" class=\"fusion-grid-column fusion-gallery-column fusion-gallery-column-5 hover-type-none\"><div class=\"fusion-gallery-image\"><a href=\"https:\/\/www.ztefan.pl\/wp-content\/uploads\/2020\/01\/67722dec-6733-451a-af27-212b82955414.jpg\" rel=\"noreferrer\" data-rel=\"iLightbox[gallery_image_2]\" class=\"fusion-lightbox\" target=\"_self\"><img loading=\"lazy\" src=\"data:image\/svg+xml,%3Csvg%20xmlns%3D%27http%3A%2F%2Fwww.w3.org%2F2000%2Fsvg%27%20width%3D%27320%27%20height%3D%27202%27%20viewBox%3D%270%200%20320%20202%27%3E%3Crect%20width%3D%27320%27%20height%3D%273202%27%20fill-opacity%3D%220%22%2F%3E%3C%2Fsvg%3E\" data-orig-src=\"https:\/\/www.ztefan.pl\/wp-content\/uploads\/2020\/01\/67722dec-6733-451a-af27-212b82955414-320x202.jpg\" width=\"320\" height=\"202\" alt=\"praca rzemie\u015blnicza\" title=\"67722dec-6733-451a-af27-212b82955414\" aria-label=\"67722dec-6733-451a-af27-212b82955414\" class=\"lazyload img-responsive wp-image-267\" \/><\/a><\/div><\/div><div style=\"padding:5px;\" class=\"fusion-grid-column fusion-gallery-column fusion-gallery-column-5 hover-type-none\"><div class=\"fusion-gallery-image\"><a href=\"https:\/\/www.ztefan.pl\/wp-content\/uploads\/2020\/01\/9e19524f-1b2a-4453-82ef-f613b8580231.jpg\" rel=\"noreferrer\" data-rel=\"iLightbox[gallery_image_2]\" class=\"fusion-lightbox\" target=\"_self\"><img loading=\"lazy\" src=\"data:image\/svg+xml,%3Csvg%20xmlns%3D%27http%3A%2F%2Fwww.w3.org%2F2000%2Fsvg%27%20width%3D%27320%27%20height%3D%27202%27%20viewBox%3D%270%200%20320%20202%27%3E%3Crect%20width%3D%27320%27%20height%3D%273202%27%20fill-opacity%3D%220%22%2F%3E%3C%2Fsvg%3E\" data-orig-src=\"https:\/\/www.ztefan.pl\/wp-content\/uploads\/2020\/01\/9e19524f-1b2a-4453-82ef-f613b8580231-320x202.jpg\" width=\"320\" height=\"202\" alt=\"praca rzemie\u015blnicza\" title=\"9e19524f-1b2a-4453-82ef-f613b8580231\" aria-label=\"9e19524f-1b2a-4453-82ef-f613b8580231\" class=\"lazyload img-responsive wp-image-266\" \/><\/a><\/div><\/div><\/div><div class=\"fusion-clearfix\"><\/div>\n\n\t\t\t\t\t<\/div>\n\t\t\t\t<\/div><\/div><\/div><\/p>","protected":false},"excerpt":{"rendered":"","protected":false},"author":1,"featured_media":0,"parent":0,"menu_order":0,"comment_status":"closed","ping_status":"closed","template":"","meta":[],"yoast_head":"<!-- This site is optimized with the Yoast SEO plugin v18.3 - https:\/\/yoast.com\/wordpress\/plugins\/seo\/ -->\n<title>Leather accessories production<\/title>\n<meta name=\"description\" content=\"[:pl]Zach\u0119camy do zapoznania si\u0119 z charakterem produkcji naszych eleganckich wyrob\u00f3w galanteryjnych. Zatrudniamy wy\u0142\u0105cznie do\u015bwiadczonych i najlepszych kaletnik\u00f3w[:][:en][:]\" \/>\n<meta name=\"robots\" content=\"index, follow, max-snippet:-1, max-image-preview:large, max-video-preview:-1\" \/>\n<link rel=\"canonical\" href=\"https:\/\/www.ztefan.pl\/produkcja\/\" \/>\n<meta property=\"og:locale\" content=\"en_US\" \/>\n<meta property=\"og:type\" content=\"article\" \/>\n<meta property=\"og:title\" content=\"[:pl]Produkcja galanterii ze sk\u00f3ry \u2013 nowoczesne zak\u0142ady w Indiach[:][:en]Leather accessories production[:]\" \/>\n<meta property=\"og:description\" content=\"[:pl]Zach\u0119camy do zapoznania si\u0119 z charakterem produkcji naszych eleganckich wyrob\u00f3w galanteryjnych. Zatrudniamy wy\u0142\u0105cznie do\u015bwiadczonych i najlepszych kaletnik\u00f3w[:][:en][:]\" \/>\n<meta property=\"og:url\" content=\"https:\/\/www.ztefan.pl\/produkcja\/\" \/>\n<meta property=\"og:site_name\" content=\"Ztefan\" \/>\n<meta property=\"article:publisher\" content=\"https:\/\/www.facebook.com\/ZTEFANSZCZECIN\" \/>\n<meta property=\"article:modified_time\" content=\"2024-12-22T11:27:29+00:00\" \/>\n<meta property=\"og:image\" content=\"https:\/\/www.ztefan.pl\/wp-content\/uploads\/2019\/12\/logo_www_color.png\" \/>\n\t<meta property=\"og:image:width\" content=\"182\" \/>\n\t<meta property=\"og:image:height\" content=\"90\" \/>\n\t<meta property=\"og:image:type\" content=\"image\/png\" \/>\n<meta name=\"twitter:card\" content=\"summary_large_image\" \/>\n<meta name=\"twitter:label1\" content=\"Est. reading time\" \/>\n\t<meta name=\"twitter:data1\" content=\"3 minutes\" \/>\n<script type=\"application\/ld+json\" class=\"yoast-schema-graph\">{\"@context\":\"https:\/\/schema.org\",\"@graph\":[{\"@type\":\"Organization\",\"@id\":\"https:\/\/www.ztefan.pl\/#organization\",\"name\":\"ZTEFAN Piotr Stefa\u0144ski\",\"url\":\"https:\/\/www.ztefan.pl\/\",\"sameAs\":[\"https:\/\/www.facebook.com\/ZTEFANSZCZECIN\",\"https:\/\/www.instagram.com\/ztefan_torby_skorzane\/\"],\"logo\":{\"@type\":\"ImageObject\",\"@id\":\"https:\/\/www.ztefan.pl\/#logo\",\"inLanguage\":\"en-US\",\"url\":\"https:\/\/www.ztefan.pl\/wp-content\/uploads\/2019\/12\/logo_www_color.png\",\"contentUrl\":\"https:\/\/www.ztefan.pl\/wp-content\/uploads\/2019\/12\/logo_www_color.png\",\"width\":182,\"height\":90,\"caption\":\"ZTEFAN Piotr Stefa\u0144ski\"},\"image\":{\"@id\":\"https:\/\/www.ztefan.pl\/#logo\"}},{\"@type\":\"WebSite\",\"@id\":\"https:\/\/www.ztefan.pl\/#website\",\"url\":\"https:\/\/www.ztefan.pl\/\",\"name\":\"Ztefan\",\"description\":\"Sk\u00f3rzane wyroby, torby podr\u00f3\u017cne, torby sportowe , torby na laptop Szczecin\",\"publisher\":{\"@id\":\"https:\/\/www.ztefan.pl\/#organization\"},\"potentialAction\":[{\"@type\":\"SearchAction\",\"target\":{\"@type\":\"EntryPoint\",\"urlTemplate\":\"https:\/\/www.ztefan.pl\/?s={search_term_string}\"},\"query-input\":\"required name=search_term_string\"}],\"inLanguage\":\"en-US\"},{\"@type\":\"WebPage\",\"@id\":\"https:\/\/www.ztefan.pl\/produkcja\/#webpage\",\"url\":\"https:\/\/www.ztefan.pl\/produkcja\/\",\"name\":\"[:pl]Produkcja galanterii ze sk\u00f3ry \u2013 nowoczesne zak\u0142ady w Indiach[:][:en]Leather accessories production[:]\",\"isPartOf\":{\"@id\":\"https:\/\/www.ztefan.pl\/#website\"},\"datePublished\":\"2019-12-27T15:50:00+00:00\",\"dateModified\":\"2024-12-22T11:27:29+00:00\",\"description\":\"[:pl]Zach\u0119camy do zapoznania si\u0119 z charakterem produkcji naszych eleganckich wyrob\u00f3w galanteryjnych. Zatrudniamy wy\u0142\u0105cznie do\u015bwiadczonych i najlepszych kaletnik\u00f3w[:][:en][:]\",\"breadcrumb\":{\"@id\":\"https:\/\/www.ztefan.pl\/produkcja\/#breadcrumb\"},\"inLanguage\":\"en-US\",\"potentialAction\":[{\"@type\":\"ReadAction\",\"target\":[\"https:\/\/www.ztefan.pl\/produkcja\/\"]}]},{\"@type\":\"BreadcrumbList\",\"@id\":\"https:\/\/www.ztefan.pl\/produkcja\/#breadcrumb\",\"itemListElement\":[{\"@type\":\"ListItem\",\"position\":1,\"name\":\"Home\",\"item\":\"https:\/\/www.ztefan.pl\/\"},{\"@type\":\"ListItem\",\"position\":2,\"name\":\"Produkcja\"}]}]}<\/script>\n<!-- \/ Yoast SEO plugin. -->","yoast_head_json":{"title":"[:pl]Produkcja galanterii ze sk\u00f3ry \u2013 nowoczesne zak\u0142ady w Indiach[:][:en]Leather accessories production[:]","description":"[:pl]Zach\u0119camy do zapoznania si\u0119 z charakterem produkcji naszych eleganckich wyrob\u00f3w galanteryjnych. Zatrudniamy wy\u0142\u0105cznie do\u015bwiadczonych i najlepszych kaletnik\u00f3w[:][:en][:]","robots":{"index":"index","follow":"follow","max-snippet":"max-snippet:-1","max-image-preview":"max-image-preview:large","max-video-preview":"max-video-preview:-1"},"canonical":"https:\/\/www.ztefan.pl\/produkcja\/","og_locale":"en_US","og_type":"article","og_title":"[:pl]Produkcja galanterii ze sk\u00f3ry \u2013 nowoczesne zak\u0142ady w Indiach[:][:en]Leather accessories production[:]","og_description":"[:pl]Zach\u0119camy do zapoznania si\u0119 z charakterem produkcji naszych eleganckich wyrob\u00f3w galanteryjnych. Zatrudniamy wy\u0142\u0105cznie do\u015bwiadczonych i najlepszych kaletnik\u00f3w[:][:en][:]","og_url":"https:\/\/www.ztefan.pl\/produkcja\/","og_site_name":"Ztefan","article_publisher":"https:\/\/www.facebook.com\/ZTEFANSZCZECIN","article_modified_time":"2024-12-22T11:27:29+00:00","og_image":[{"width":182,"height":90,"url":"https:\/\/www.ztefan.pl\/wp-content\/uploads\/2019\/12\/logo_www_color.png","type":"image\/png"}],"twitter_card":"summary_large_image","twitter_misc":{"Est. reading time":"3 minutes"},"schema":{"@context":"https:\/\/schema.org","@graph":[{"@type":"Organization","@id":"https:\/\/www.ztefan.pl\/#organization","name":"ZTEFAN Piotr Stefa\u0144ski","url":"https:\/\/www.ztefan.pl\/","sameAs":["https:\/\/www.facebook.com\/ZTEFANSZCZECIN","https:\/\/www.instagram.com\/ztefan_torby_skorzane\/"],"logo":{"@type":"ImageObject","@id":"https:\/\/www.ztefan.pl\/#logo","inLanguage":"en-US","url":"https:\/\/www.ztefan.pl\/wp-content\/uploads\/2019\/12\/logo_www_color.png","contentUrl":"https:\/\/www.ztefan.pl\/wp-content\/uploads\/2019\/12\/logo_www_color.png","width":182,"height":90,"caption":"ZTEFAN Piotr Stefa\u0144ski"},"image":{"@id":"https:\/\/www.ztefan.pl\/#logo"}},{"@type":"WebSite","@id":"https:\/\/www.ztefan.pl\/#website","url":"https:\/\/www.ztefan.pl\/","name":"Ztefan","description":"Sk\u00f3rzane wyroby, torby podr\u00f3\u017cne, torby sportowe , torby na laptop Szczecin","publisher":{"@id":"https:\/\/www.ztefan.pl\/#organization"},"potentialAction":[{"@type":"SearchAction","target":{"@type":"EntryPoint","urlTemplate":"https:\/\/www.ztefan.pl\/?s={search_term_string}"},"query-input":"required name=search_term_string"}],"inLanguage":"en-US"},{"@type":"WebPage","@id":"https:\/\/www.ztefan.pl\/produkcja\/#webpage","url":"https:\/\/www.ztefan.pl\/produkcja\/","name":"[:pl]Produkcja galanterii ze sk\u00f3ry \u2013 nowoczesne zak\u0142ady w Indiach[:][:en]Leather accessories production[:]","isPartOf":{"@id":"https:\/\/www.ztefan.pl\/#website"},"datePublished":"2019-12-27T15:50:00+00:00","dateModified":"2024-12-22T11:27:29+00:00","description":"[:pl]Zach\u0119camy do zapoznania si\u0119 z charakterem produkcji naszych eleganckich wyrob\u00f3w galanteryjnych. Zatrudniamy wy\u0142\u0105cznie do\u015bwiadczonych i najlepszych kaletnik\u00f3w[:][:en][:]","breadcrumb":{"@id":"https:\/\/www.ztefan.pl\/produkcja\/#breadcrumb"},"inLanguage":"en-US","potentialAction":[{"@type":"ReadAction","target":["https:\/\/www.ztefan.pl\/produkcja\/"]}]},{"@type":"BreadcrumbList","@id":"https:\/\/www.ztefan.pl\/produkcja\/#breadcrumb","itemListElement":[{"@type":"ListItem","position":1,"name":"Home","item":"https:\/\/www.ztefan.pl\/"},{"@type":"ListItem","position":2,"name":"Produkcja"}]}]}},"_links":{"self":[{"href":"https:\/\/www.ztefan.pl\/en\/wp-json\/wp\/v2\/pages\/129"}],"collection":[{"href":"https:\/\/www.ztefan.pl\/en\/wp-json\/wp\/v2\/pages"}],"about":[{"href":"https:\/\/www.ztefan.pl\/en\/wp-json\/wp\/v2\/types\/page"}],"author":[{"embeddable":true,"href":"https:\/\/www.ztefan.pl\/en\/wp-json\/wp\/v2\/users\/1"}],"replies":[{"embeddable":true,"href":"https:\/\/www.ztefan.pl\/en\/wp-json\/wp\/v2\/comments?post=129"}],"version-history":[{"count":0,"href":"https:\/\/www.ztefan.pl\/en\/wp-json\/wp\/v2\/pages\/129\/revisions"}],"wp:attachment":[{"href":"https:\/\/www.ztefan.pl\/en\/wp-json\/wp\/v2\/media?parent=129"}],"curies":[{"name":"wp","href":"https:\/\/api.w.org\/{rel}","templated":true}]}}