{"id":2460,"date":"2022-01-11T13:59:07","date_gmt":"2022-01-11T12:59:07","guid":{"rendered":"http:\/\/www.ztefan.pl\/?page_id=2460"},"modified":"2024-10-16T10:46:03","modified_gmt":"2024-10-16T08:46:03","slug":"skorzane-gadgety-dla-doroslych","status":"publish","type":"page","link":"https:\/\/www.ztefan.pl\/en\/skorzane-gadgety-dla-doroslych\/","title":{"rendered":"Leather gadgets for adults"},"content":{"rendered":"<p>Natural leather harness with chain&rdquo; to your cart\" rel=\"nofollow\">Add to cart<\/a>\n<a href=\"https:\/\/www.ztefan.pl\/en\/produkt\/uprzaz-z-naturalnej-skory-z-lancuszkiem\/\" class=\"show_details_button\">\n\tDetails<\/a>\n\n\n\t<\/div>\n\t<\/div>\n\n\t<\/div> <\/li>\n<li class=\"product-grid-view product type-product post-2578 status-publish instock product_cat-kajdanki-erotyczne has-post-thumbnail taxable shipping-taxable purchasable product-type-simple\">\n\t<a href=\"https:\/\/www.ztefan.pl\/en\/produkt\/kajdanki-z-naturalnej-skory\/\" class=\"product-images\" aria-label=\"Handcuffs made of natural leather and chain\">\n\n<div class=\"crossfade-images\">\n\t<img width=\"500\" height=\"375\" src=\"data:image\/svg+xml,%3Csvg%20xmlns%3D%27http%3A%2F%2Fwww.w3.org%2F2000%2Fsvg%27%20width%3D%27504%27%20height%3D%27600%27%20viewBox%3D%270%200%20504%20600%27%3E%3Crect%20width%3D%27504%27%20height%3D%273600%27%20fill-opacity%3D%220%22%2F%3E%3C%2Fsvg%3E\" class=\"hover-image lazyload\" alt=\"Kajdanki z naturalnej sk\u00f3ry\" loading=\"lazy\" data-orig-src=\"https:\/\/www.ztefan.pl\/wp-content\/uploads\/2022\/03\/IMG_7283-500x375.jpg\" \/>\t<img width=\"500\" height=\"375\" src=\"https:\/\/www.ztefan.pl\/wp-content\/uploads\/2022\/04\/IMG_5434-500x375.jpg\" class=\"attachment-shop_catalog size-shop_catalog lazyload wp-post-image\" alt=\"Kajdanki z naturalnej sk\u00f3ry\" loading=\"lazy\" srcset=\"data:image\/svg+xml,%3Csvg%20xmlns%3D%27http%3A%2F%2Fwww.w3.org%2F2000%2Fsvg%27%20width%3D%27800%27%20height%3D%27600%27%20viewBox%3D%270%200%20800%20600%27%3E%3Crect%20width%3D%27800%27%20height%3D%273600%27%20fill-opacity%3D%220%22%2F%3E%3C%2Fsvg%3E\" data-orig-src=\"https:\/\/www.ztefan.pl\/wp-content\/uploads\/2022\/04\/IMG_5434-500x375.jpg\" data-srcset=\"https:\/\/www.ztefan.pl\/wp-content\/uploads\/2022\/04\/IMG_5434-200x150.jpg 200w, https:\/\/www.ztefan.pl\/wp-content\/uploads\/2022\/04\/IMG_5434-300x225.jpg 300w, https:\/\/www.ztefan.pl\/wp-content\/uploads\/2022\/04\/IMG_5434-400x300.jpg 400w, https:\/\/www.ztefan.pl\/wp-content\/uploads\/2022\/04\/IMG_5434-500x375.jpg 500w, https:\/\/www.ztefan.pl\/wp-content\/uploads\/2022\/04\/IMG_5434-600x450.jpg 600w, https:\/\/www.ztefan.pl\/wp-content\/uploads\/2022\/04\/IMG_5434-700x525.jpg 700w, https:\/\/www.ztefan.pl\/wp-content\/uploads\/2022\/04\/IMG_5434-768x576.jpg 768w, https:\/\/www.ztefan.pl\/wp-content\/uploads\/2022\/04\/IMG_5434.jpg 800w\" data-sizes=\"auto\" \/>\t\t\t<div class=\"cart-loading\"><i class=\"fusion-icon-spinner\"><\/i><\/div>\n\t<\/div>\n<\/a>\n<div class=\"fusion-product-content\">\n\t<div class=\"product-details\">\n\t\t<div class=\"product-details-container\">\n<h3 class=\"product-title\">\n\t<a href=\"https:\/\/www.ztefan.pl\/en\/produkt\/kajdanki-z-naturalnej-skory\/\">\n\t\tHandcuffs made of natural leather and chain\t<\/a>\n<\/h3>\n<div class=\"fusion-price-rating\">\n\t\t<\/div>\n\t<\/div>\n<\/div>\n\n\n\t<div class=\"product-buttons\">\n\t\t<div class=\"fusion-content-sep sep-double sep-solid\"><\/div>\n\t\t<div class=\"product-buttons-container clearfix\">\n<a href=\"?add-to-cart=2578\" data-quantity=\"1\" class=\"button product_type_simple add_to_cart_button ajax_add_to_cart\" data-product_id=\"2578\" data-product_sku=\"\" aria-label=\"Add &ldquo;Handcuffs made of natural leather and chain&rdquo; to your cart\" rel=\"nofollow\">Add to cart<\/a>\n<a href=\"https:\/\/www.ztefan.pl\/en\/produkt\/kajdanki-z-naturalnej-skory\/\" class=\"show_details_button\">\n\tDetails<\/a>\n\n\n\t<\/div>\n\t<\/div>\n\n\t<\/div> <\/li>\n<li class=\"product-grid-view product type-product post-2559 status-publish instock product_cat-pejcze-erotyczne has-post-thumbnail taxable shipping-taxable purchasable product-type-simple\">\n\t<a href=\"https:\/\/www.ztefan.pl\/en\/produkt\/pejcz-skorzany-serce\/\" class=\"product-images\" aria-label=\"Leather whip &#8211; Heart\">\n\n<div class=\"crossfade-images\">\n\t<img width=\"500\" height=\"375\" src=\"https:\/\/www.ztefan.pl\/wp-content\/uploads\/2022\/03\/IMG_5035-500x375.jpg\" class=\"hover-image lazyload\" alt=\"Pejcz sk\u00f3rzany\" loading=\"lazy\" srcset=\"data:image\/svg+xml,%3Csvg%20xmlns%3D%27http%3A%2F%2Fwww.w3.org%2F2000%2Fsvg%27%20width%3D%27800%27%20height%3D%27600%27%20viewBox%3D%270%200%20800%20600%27%3E%3Crect%20width%3D%27800%27%20height%3D%273600%27%20fill-opacity%3D%220%22%2F%3E%3C%2Fsvg%3E\" data-orig-src=\"https:\/\/www.ztefan.pl\/wp-content\/uploads\/2022\/03\/IMG_5035-500x375.jpg\" data-srcset=\"https:\/\/www.ztefan.pl\/wp-content\/uploads\/2022\/03\/IMG_5035-200x150.jpg 200w, https:\/\/www.ztefan.pl\/wp-content\/uploads\/2022\/03\/IMG_5035-300x225.jpg 300w, https:\/\/www.ztefan.pl\/wp-content\/uploads\/2022\/03\/IMG_5035-400x300.jpg 400w, https:\/\/www.ztefan.pl\/wp-content\/uploads\/2022\/03\/IMG_5035-500x375.jpg 500w, https:\/\/www.ztefan.pl\/wp-content\/uploads\/2022\/03\/IMG_5035-600x450.jpg 600w, https:\/\/www.ztefan.pl\/wp-content\/uploads\/2022\/03\/IMG_5035-700x525.jpg 700w, https:\/\/www.ztefan.pl\/wp-content\/uploads\/2022\/03\/IMG_5035-768x576.jpg 768w, https:\/\/www.ztefan.pl\/wp-content\/uploads\/2022\/03\/IMG_5035.jpg 800w\" data-sizes=\"auto\" \/>\t<img width=\"500\" height=\"375\" src=\"https:\/\/www.ztefan.pl\/wp-content\/uploads\/2022\/03\/IMG_5036-500x375.jpg\" class=\"attachment-shop_catalog size-shop_catalog lazyload wp-post-image\" alt=\"Pejcz sk\u00f3rzany\" loading=\"lazy\" srcset=\"data:image\/svg+xml,%3Csvg%20xmlns%3D%27http%3A%2F%2Fwww.w3.org%2F2000%2Fsvg%27%20width%3D%27800%27%20height%3D%27600%27%20viewBox%3D%270%200%20800%20600%27%3E%3Crect%20width%3D%27800%27%20height%3D%273600%27%20fill-opacity%3D%220%22%2F%3E%3C%2Fsvg%3E\" data-orig-src=\"https:\/\/www.ztefan.pl\/wp-content\/uploads\/2022\/03\/IMG_5036-500x375.jpg\" data-srcset=\"https:\/\/www.ztefan.pl\/wp-content\/uploads\/2022\/03\/IMG_5036-200x150.jpg 200w, https:\/\/www.ztefan.pl\/wp-content\/uploads\/2022\/03\/IMG_5036-300x225.jpg 300w, https:\/\/www.ztefan.pl\/wp-content\/uploads\/2022\/03\/IMG_5036-400x300.jpg 400w, https:\/\/www.ztefan.pl\/wp-content\/uploads\/2022\/03\/IMG_5036-500x375.jpg 500w, https:\/\/www.ztefan.pl\/wp-content\/uploads\/2022\/03\/IMG_5036-600x450.jpg 600w, https:\/\/www.ztefan.pl\/wp-content\/uploads\/2022\/03\/IMG_5036-700x525.jpg 700w, https:\/\/www.ztefan.pl\/wp-content\/uploads\/2022\/03\/IMG_5036-768x576.jpg 768w, https:\/\/www.ztefan.pl\/wp-content\/uploads\/2022\/03\/IMG_5036.jpg 800w\" data-sizes=\"auto\" \/>\t\t\t<div class=\"cart-loading\"><i class=\"fusion-icon-spinner\"><\/i><\/div>\n\t<\/div>\n<\/a>\n<div class=\"fusion-product-content\">\n\t<div class=\"product-details\">\n\t\t<div class=\"product-details-container\">\n<h3 class=\"product-title\">\n\t<a href=\"https:\/\/www.ztefan.pl\/en\/produkt\/pejcz-skorzany-serce\/\">\n\t\tLeather whip &#8211; Heart\t<\/a>\n<\/h3>\n<div class=\"fusion-price-rating\">\n\t\t<\/div>\n\t<\/div>\n<\/div>\n\n\n\t<div class=\"product-buttons\">\n\t\t<div class=\"fusion-content-sep sep-double sep-solid\"><\/div>\n\t\t<div class=\"product-buttons-container clearfix\">\n<a href=\"?add-to-cart=2559\" data-quantity=\"1\" class=\"button product_type_simple add_to_cart_button ajax_add_to_cart\" data-product_id=\"2559\" data-product_sku=\"\" aria-label=\"Add &ldquo; Leather whip - Heart&rdquo; to your cart\" rel=\"nofollow\">Add to cart<\/a>\n<a href=\"https:\/\/www.ztefan.pl\/en\/produkt\/pejcz-skorzany-serce\/\" class=\"show_details_button\">\n\tDetails<\/a>\n\n\n\t<\/div>\n\t<\/div>\n\n\t<\/div> <\/li>\n<\/ul>\n<\/div>\n<\/div><div class=\"fusion-text new-text-wnt\"><h1>Sk\u00f3rzane gad\u017cety dla doros\u0142ych pobudzaj\u0105ce Twoje zmys\u0142y<\/h1>\n<p>Jeste\u015bmy obecnym od wielu lat na rynku producentem wyrob\u00f3w sk\u00f3rzanych. Stawiamy przede wszystkim na jako\u015b\u0107 i r\u00f3\u017cnorodno\u015b\u0107 oferowanych produkt\u00f3w. Dlatego te\u017c w naszej ofercie znajdziesz nie tylko praktyczne i designerskie <a href=\"https:\/\/www.ztefan.pl\/kategoria\/torby-na-laptopa\/\">m\u0119skie sk\u00f3rzane akt\u00f3wki<\/a>, ale tak\u017ce akcesoria, kt\u00f3re pobudzaj\u0105 zmys\u0142y kobiet i m\u0119\u017cczyzn oraz wprowadzaj\u0105 do zwi\u0105zku odrobin\u0119 pikanterii. Jeste\u015bmy tw\u00f3rc\u0105 <strong>sk\u00f3rzanych gad\u017cet\u00f3w dla doros\u0142ych<\/strong>, w\u015br\u00f3d kt\u00f3rych znajdziesz przede wszystkim obro\u017ce i kajdanki z naturalnej sk\u00f3ry zwierz\u0119cej oraz sk\u00f3rzane pejcze erotyczne z rzemykami r\u00f3\u017cnej grubo\u015bci.<\/p>\n<p>Wszystkie akcesoria wykonujemy r\u0119cznie, dlatego mo\u017cesz mie\u0107 pewno\u015b\u0107, \u017ce ka\u017cdy ich szczeg\u00f3\u0142 zosta\u0142 starannie dopracowany. Sk\u00f3rzane gad\u017cety dla doros\u0142ych zachwycaj\u0105 nie tylko swoim wygl\u0105dem, ale s\u0105 tak\u017ce przyjemne w dotyku, co zapewni Wam dodatkowe, przyjemne doznania w \u0142\u00f3\u017cku. Zar\u00f3wno dost\u0119pne w ofercie sklepu ZTEFAN ze Szczecina pejcze, jak i obro\u017ce czy kajdanki stanowi\u0105 idealny pomys\u0142 na prezent z okazji Walentynek czy rocznicy Waszego zwi\u0105zku.<\/p>\n<h2>Kajdanki erotyczne ze sk\u00f3ry<\/h2>\n<p>Chcesz wprowadzi\u0107 do Waszego zwi\u0105zku odrobin\u0119 pikanterii? Zastanawiasz si\u0119 nad wyborem gad\u017cetu erotycznego? W naszej ofercie znajdziesz kajdanki i obro\u017ce wykonane z naturalnej sk\u00f3ry, dzi\u0119ki kt\u00f3rym b\u0119dziecie mogli prze\u017cy\u0107 zdecydowanie odmienne ni\u017c dotychczas doznania \u0142\u00f3\u017ckowe.<\/p>\n<h2>Pejcze erotyczne ze sk\u00f3ry<\/h2>\n<p>Szukasz prezentu dla partnera\/partnerki na kolejn\u0105 rocznic\u0119 zwi\u0105zku? Z naszymi pejczami wykonanymi ze sk\u00f3ry mo\u017cesz nieco urozmaici\u0107 Wasze \u017cycie erotyczne. Prze\u0142am swoj\u0105 nie\u015bmia\u0142o\u015b\u0107 i spr\u00f3buj czego\u015b nowego. Produkty dost\u0119pne dla os\u00f3b pe\u0142noletnich.<\/p>\n<\/div><div class=\"fusion-clearfix\"><\/div>\n\n\t\t\t\t\t<\/div>\n\t\t\t\t<\/div><\/div><\/div><div class=\"fusion-fullwidth fullwidth-box fusion-builder-row-2 nonhundred-percent-fullwidth non-hundred-percent-height-scrolling\"  style='background-color: rgba(255,255,255,0);background-position: center center;background-repeat: no-repeat;padding-top:0px;padding-right:30px;padding-bottom:0px;padding-left:30px;'><div class=\"fusion-builder-row fusion-row \"><div  class=\"fusion-layout-column fusion_builder_column fusion_builder_column_1_1 fusion-builder-column-2 fusion-one-full fusion-column-first fusion-column-last 1_1\"  style='margin-top:0px;margin-bottom:20px;width:100%'>\n\t\t\t\t\t<div class=\"fusion-column-wrapper\" style=\"padding: 0px 0px 0px 0px;background-position:left top;background-repeat:no-repeat;-webkit-background-size:cover;-moz-background-size:cover;-o-background-size:cover;background-size:cover;\"   data-bg-url=\"\">\n\t\t\t\t\t\t<div class=\"fusion-text\"><h1 style=\"text-align: center;\">Leather gadgets for adults<\/h1>\n<\/div><div class=\"fusion-clearfix\"><\/div>\n\n\t\t\t\t\t<\/div>\n\t\t\t\t<\/div><\/div><\/div><\/p>","protected":false},"excerpt":{"rendered":"","protected":false},"author":1,"featured_media":0,"parent":0,"menu_order":0,"comment_status":"closed","ping_status":"closed","template":"","meta":[],"yoast_head":"<!-- This site is optimized with the Yoast SEO plugin v18.3 - https:\/\/yoast.com\/wordpress\/plugins\/seo\/ -->\n<title>Sk\u00f3rzane gad\u017cety dla doros\u0142ych pobudzaj\u0105ce Twoje zmys\u0142y<\/title>\n<meta name=\"description\" content=\"Dopad\u0142a Was rutyna? Szukacie nowych dozna\u0144 erotycznych? Oferujemy wykonane r\u0119cznie sk\u00f3rzane gad\u017cety dla doros\u0142ych. W ofercie pejcze, obro\u017ce i kajdanki. Zapraszamy!\" \/>\n<meta name=\"robots\" content=\"index, follow, max-snippet:-1, max-image-preview:large, max-video-preview:-1\" \/>\n<link rel=\"canonical\" href=\"https:\/\/www.ztefan.pl\/skorzane-gadgety-dla-doroslych\/\" \/>\n<meta property=\"og:locale\" content=\"en_US\" \/>\n<meta property=\"og:type\" content=\"article\" \/>\n<meta property=\"og:title\" content=\"Sk\u00f3rzane gad\u017cety dla doros\u0142ych pobudzaj\u0105ce Twoje zmys\u0142y\" \/>\n<meta property=\"og:description\" content=\"Dopad\u0142a Was rutyna? Szukacie nowych dozna\u0144 erotycznych? Oferujemy wykonane r\u0119cznie sk\u00f3rzane gad\u017cety dla doros\u0142ych. W ofercie pejcze, obro\u017ce i kajdanki. Zapraszamy!\" \/>\n<meta property=\"og:url\" content=\"https:\/\/www.ztefan.pl\/skorzane-gadgety-dla-doroslych\/\" \/>\n<meta property=\"og:site_name\" content=\"Ztefan\" \/>\n<meta property=\"article:publisher\" content=\"https:\/\/www.facebook.com\/ZTEFANSZCZECIN\" \/>\n<meta property=\"article:modified_time\" content=\"2024-10-16T08:46:03+00:00\" \/>\n<meta property=\"og:image\" content=\"https:\/\/www.ztefan.pl\/wp-content\/uploads\/2019\/12\/logo_www_color.png\" \/>\n\t<meta property=\"og:image:width\" content=\"182\" \/>\n\t<meta property=\"og:image:height\" content=\"90\" \/>\n\t<meta property=\"og:image:type\" content=\"image\/png\" \/>\n<meta name=\"twitter:card\" content=\"summary_large_image\" \/>\n<meta name=\"twitter:label1\" content=\"Est. reading time\" \/>\n\t<meta name=\"twitter:data1\" content=\"6 minutes\" \/>\n<script type=\"application\/ld+json\" class=\"yoast-schema-graph\">{\"@context\":\"https:\/\/schema.org\",\"@graph\":[{\"@type\":\"Organization\",\"@id\":\"https:\/\/www.ztefan.pl\/#organization\",\"name\":\"ZTEFAN Piotr Stefa\u0144ski\",\"url\":\"https:\/\/www.ztefan.pl\/\",\"sameAs\":[\"https:\/\/www.facebook.com\/ZTEFANSZCZECIN\",\"https:\/\/www.instagram.com\/ztefan_torby_skorzane\/\"],\"logo\":{\"@type\":\"ImageObject\",\"@id\":\"https:\/\/www.ztefan.pl\/#logo\",\"inLanguage\":\"en-US\",\"url\":\"https:\/\/www.ztefan.pl\/wp-content\/uploads\/2019\/12\/logo_www_color.png\",\"contentUrl\":\"https:\/\/www.ztefan.pl\/wp-content\/uploads\/2019\/12\/logo_www_color.png\",\"width\":182,\"height\":90,\"caption\":\"ZTEFAN Piotr Stefa\u0144ski\"},\"image\":{\"@id\":\"https:\/\/www.ztefan.pl\/#logo\"}},{\"@type\":\"WebSite\",\"@id\":\"https:\/\/www.ztefan.pl\/#website\",\"url\":\"https:\/\/www.ztefan.pl\/\",\"name\":\"Ztefan\",\"description\":\"Sk\u00f3rzane wyroby, torby podr\u00f3\u017cne, torby sportowe , torby na laptop Szczecin\",\"publisher\":{\"@id\":\"https:\/\/www.ztefan.pl\/#organization\"},\"potentialAction\":[{\"@type\":\"SearchAction\",\"target\":{\"@type\":\"EntryPoint\",\"urlTemplate\":\"https:\/\/www.ztefan.pl\/?s={search_term_string}\"},\"query-input\":\"required name=search_term_string\"}],\"inLanguage\":\"en-US\"},{\"@type\":\"WebPage\",\"@id\":\"https:\/\/www.ztefan.pl\/skorzane-gadgety-dla-doroslych\/#webpage\",\"url\":\"https:\/\/www.ztefan.pl\/skorzane-gadgety-dla-doroslych\/\",\"name\":\"Sk\u00f3rzane gad\u017cety dla doros\u0142ych pobudzaj\u0105ce Twoje zmys\u0142y\",\"isPartOf\":{\"@id\":\"https:\/\/www.ztefan.pl\/#website\"},\"datePublished\":\"2022-01-11T12:59:07+00:00\",\"dateModified\":\"2024-10-16T08:46:03+00:00\",\"description\":\"Dopad\u0142a Was rutyna? Szukacie nowych dozna\u0144 erotycznych? Oferujemy wykonane r\u0119cznie sk\u00f3rzane gad\u017cety dla doros\u0142ych. W ofercie pejcze, obro\u017ce i kajdanki. Zapraszamy!\",\"breadcrumb\":{\"@id\":\"https:\/\/www.ztefan.pl\/skorzane-gadgety-dla-doroslych\/#breadcrumb\"},\"inLanguage\":\"en-US\",\"potentialAction\":[{\"@type\":\"ReadAction\",\"target\":[\"https:\/\/www.ztefan.pl\/skorzane-gadgety-dla-doroslych\/\"]}]},{\"@type\":\"BreadcrumbList\",\"@id\":\"https:\/\/www.ztefan.pl\/skorzane-gadgety-dla-doroslych\/#breadcrumb\",\"itemListElement\":[{\"@type\":\"ListItem\",\"position\":1,\"name\":\"Home\",\"item\":\"https:\/\/www.ztefan.pl\/\"},{\"@type\":\"ListItem\",\"position\":2,\"name\":\"Leather gadgets for adults\"}]}]}<\/script>\n<!-- \/ Yoast SEO plugin. -->","yoast_head_json":{"title":"Sk\u00f3rzane gad\u017cety dla doros\u0142ych pobudzaj\u0105ce Twoje zmys\u0142y","description":"Dopad\u0142a Was rutyna? Szukacie nowych dozna\u0144 erotycznych? Oferujemy wykonane r\u0119cznie sk\u00f3rzane gad\u017cety dla doros\u0142ych. W ofercie pejcze, obro\u017ce i kajdanki. Zapraszamy!","robots":{"index":"index","follow":"follow","max-snippet":"max-snippet:-1","max-image-preview":"max-image-preview:large","max-video-preview":"max-video-preview:-1"},"canonical":"https:\/\/www.ztefan.pl\/skorzane-gadgety-dla-doroslych\/","og_locale":"en_US","og_type":"article","og_title":"Sk\u00f3rzane gad\u017cety dla doros\u0142ych pobudzaj\u0105ce Twoje zmys\u0142y","og_description":"Dopad\u0142a Was rutyna? Szukacie nowych dozna\u0144 erotycznych? Oferujemy wykonane r\u0119cznie sk\u00f3rzane gad\u017cety dla doros\u0142ych. W ofercie pejcze, obro\u017ce i kajdanki. Zapraszamy!","og_url":"https:\/\/www.ztefan.pl\/skorzane-gadgety-dla-doroslych\/","og_site_name":"Ztefan","article_publisher":"https:\/\/www.facebook.com\/ZTEFANSZCZECIN","article_modified_time":"2024-10-16T08:46:03+00:00","og_image":[{"width":182,"height":90,"url":"https:\/\/www.ztefan.pl\/wp-content\/uploads\/2019\/12\/logo_www_color.png","type":"image\/png"}],"twitter_card":"summary_large_image","twitter_misc":{"Est. reading time":"6 minutes"},"schema":{"@context":"https:\/\/schema.org","@graph":[{"@type":"Organization","@id":"https:\/\/www.ztefan.pl\/#organization","name":"ZTEFAN Piotr Stefa\u0144ski","url":"https:\/\/www.ztefan.pl\/","sameAs":["https:\/\/www.facebook.com\/ZTEFANSZCZECIN","https:\/\/www.instagram.com\/ztefan_torby_skorzane\/"],"logo":{"@type":"ImageObject","@id":"https:\/\/www.ztefan.pl\/#logo","inLanguage":"en-US","url":"https:\/\/www.ztefan.pl\/wp-content\/uploads\/2019\/12\/logo_www_color.png","contentUrl":"https:\/\/www.ztefan.pl\/wp-content\/uploads\/2019\/12\/logo_www_color.png","width":182,"height":90,"caption":"ZTEFAN Piotr Stefa\u0144ski"},"image":{"@id":"https:\/\/www.ztefan.pl\/#logo"}},{"@type":"WebSite","@id":"https:\/\/www.ztefan.pl\/#website","url":"https:\/\/www.ztefan.pl\/","name":"Ztefan","description":"Sk\u00f3rzane wyroby, torby podr\u00f3\u017cne, torby sportowe , torby na laptop Szczecin","publisher":{"@id":"https:\/\/www.ztefan.pl\/#organization"},"potentialAction":[{"@type":"SearchAction","target":{"@type":"EntryPoint","urlTemplate":"https:\/\/www.ztefan.pl\/?s={search_term_string}"},"query-input":"required name=search_term_string"}],"inLanguage":"en-US"},{"@type":"WebPage","@id":"https:\/\/www.ztefan.pl\/skorzane-gadgety-dla-doroslych\/#webpage","url":"https:\/\/www.ztefan.pl\/skorzane-gadgety-dla-doroslych\/","name":"Sk\u00f3rzane gad\u017cety dla doros\u0142ych pobudzaj\u0105ce Twoje zmys\u0142y","isPartOf":{"@id":"https:\/\/www.ztefan.pl\/#website"},"datePublished":"2022-01-11T12:59:07+00:00","dateModified":"2024-10-16T08:46:03+00:00","description":"Dopad\u0142a Was rutyna? Szukacie nowych dozna\u0144 erotycznych? Oferujemy wykonane r\u0119cznie sk\u00f3rzane gad\u017cety dla doros\u0142ych. W ofercie pejcze, obro\u017ce i kajdanki. Zapraszamy!","breadcrumb":{"@id":"https:\/\/www.ztefan.pl\/skorzane-gadgety-dla-doroslych\/#breadcrumb"},"inLanguage":"en-US","potentialAction":[{"@type":"ReadAction","target":["https:\/\/www.ztefan.pl\/skorzane-gadgety-dla-doroslych\/"]}]},{"@type":"BreadcrumbList","@id":"https:\/\/www.ztefan.pl\/skorzane-gadgety-dla-doroslych\/#breadcrumb","itemListElement":[{"@type":"ListItem","position":1,"name":"Home","item":"https:\/\/www.ztefan.pl\/"},{"@type":"ListItem","position":2,"name":"Leather gadgets for adults"}]}]}},"_links":{"self":[{"href":"https:\/\/www.ztefan.pl\/en\/wp-json\/wp\/v2\/pages\/2460"}],"collection":[{"href":"https:\/\/www.ztefan.pl\/en\/wp-json\/wp\/v2\/pages"}],"about":[{"href":"https:\/\/www.ztefan.pl\/en\/wp-json\/wp\/v2\/types\/page"}],"author":[{"embeddable":true,"href":"https:\/\/www.ztefan.pl\/en\/wp-json\/wp\/v2\/users\/1"}],"replies":[{"embeddable":true,"href":"https:\/\/www.ztefan.pl\/en\/wp-json\/wp\/v2\/comments?post=2460"}],"version-history":[{"count":0,"href":"https:\/\/www.ztefan.pl\/en\/wp-json\/wp\/v2\/pages\/2460\/revisions"}],"wp:attachment":[{"href":"https:\/\/www.ztefan.pl\/en\/wp-json\/wp\/v2\/media?parent=2460"}],"curies":[{"name":"wp","href":"https:\/\/api.w.org\/{rel}","templated":true}]}}