{"id":2744,"date":"2022-09-22T12:07:56","date_gmt":"2022-09-22T10:07:56","guid":{"rendered":"https:\/\/www.ztefan.pl\/?page_id=2744"},"modified":"2024-10-16T10:45:14","modified_gmt":"2024-10-16T08:45:14","slug":"produkcja-tabliczki","status":"publish","type":"page","link":"https:\/\/www.ztefan.pl\/en\/produkcja-tabliczki\/","title":{"rendered":"Production &#8211; plates"},"content":{"rendered":"<p><div class=\"fusion-fullwidth fullwidth-box fusion-builder-row-5 nonhundred-percent-fullwidth non-hundred-percent-height-scrolling\"  style='background-color: rgba(255,255,255,0);background-position: center center;background-repeat: no-repeat;padding-top:0px;padding-right:30px;padding-bottom:0px;padding-left:30px;'><div class=\"fusion-builder-row fusion-row \"><div  class=\"fusion-layout-column fusion_builder_column fusion_builder_column_1_1 fusion-builder-column-6 fusion-one-full fusion-column-first fusion-column-last 1_1\"  style='margin-top:0px;margin-bottom:0px;'>\n\t\t\t\t\t<div class=\"fusion-column-wrapper\" style=\"padding: 0px 0px 0px 0px;background-position:left top;background-repeat:no-repeat;-webkit-background-size:cover;-moz-background-size:cover;-o-background-size:cover;background-size:cover;\"   data-bg-url=\"\">\n\t\t\t\t\t\t<div class=\"fusion-text\"><\/div><div class=\"fusion-text\"><h1 style=\"text-align: center;\">Plates production<\/h1>\n<\/div><div class=\"fusion-clearfix\"><\/div>\n\n\t\t\t\t\t<\/div>\n\t\t\t\t<\/div><\/div><\/div><\/p>","protected":false},"excerpt":{"rendered":"","protected":false},"author":1,"featured_media":0,"parent":0,"menu_order":0,"comment_status":"closed","ping_status":"closed","template":"","meta":[],"yoast_head":"<!-- This site is optimized with the Yoast SEO plugin v18.3 - https:\/\/yoast.com\/wordpress\/plugins\/seo\/ -->\n<title>Production - plates - Ztefan<\/title>\n<meta name=\"robots\" content=\"index, follow, max-snippet:-1, max-image-preview:large, max-video-preview:-1\" \/>\n<link rel=\"canonical\" href=\"https:\/\/www.ztefan.pl\/produkcja-tabliczki\/\" \/>\n<meta property=\"og:locale\" content=\"en_US\" \/>\n<meta property=\"og:type\" content=\"article\" \/>\n<meta property=\"og:title\" content=\"[:pl]Produkcja - tabliczki[:en]Production - plates[:] - Ztefan\" \/>\n<meta property=\"og:url\" content=\"https:\/\/www.ztefan.pl\/produkcja-tabliczki\/\" \/>\n<meta property=\"og:site_name\" content=\"Ztefan\" \/>\n<meta property=\"article:publisher\" content=\"https:\/\/www.facebook.com\/ZTEFANSZCZECIN\" \/>\n<meta property=\"article:modified_time\" content=\"2024-10-16T08:45:14+00:00\" \/>\n<meta property=\"og:image\" content=\"https:\/\/www.ztefan.pl\/wp-content\/uploads\/2019\/12\/logo_www_color.png\" \/>\n\t<meta property=\"og:image:width\" content=\"182\" \/>\n\t<meta property=\"og:image:height\" content=\"90\" \/>\n\t<meta property=\"og:image:type\" content=\"image\/png\" \/>\n<meta name=\"twitter:card\" content=\"summary_large_image\" \/>\n<meta name=\"twitter:label1\" content=\"Est. reading time\" \/>\n\t<meta name=\"twitter:data1\" content=\"4 minutes\" \/>\n<script type=\"application\/ld+json\" class=\"yoast-schema-graph\">{\"@context\":\"https:\/\/schema.org\",\"@graph\":[{\"@type\":\"Organization\",\"@id\":\"https:\/\/www.ztefan.pl\/#organization\",\"name\":\"ZTEFAN Piotr Stefa\u0144ski\",\"url\":\"https:\/\/www.ztefan.pl\/\",\"sameAs\":[\"https:\/\/www.facebook.com\/ZTEFANSZCZECIN\",\"https:\/\/www.instagram.com\/ztefan_torby_skorzane\/\"],\"logo\":{\"@type\":\"ImageObject\",\"@id\":\"https:\/\/www.ztefan.pl\/#logo\",\"inLanguage\":\"en-US\",\"url\":\"https:\/\/www.ztefan.pl\/wp-content\/uploads\/2019\/12\/logo_www_color.png\",\"contentUrl\":\"https:\/\/www.ztefan.pl\/wp-content\/uploads\/2019\/12\/logo_www_color.png\",\"width\":182,\"height\":90,\"caption\":\"ZTEFAN Piotr Stefa\u0144ski\"},\"image\":{\"@id\":\"https:\/\/www.ztefan.pl\/#logo\"}},{\"@type\":\"WebSite\",\"@id\":\"https:\/\/www.ztefan.pl\/#website\",\"url\":\"https:\/\/www.ztefan.pl\/\",\"name\":\"Ztefan\",\"description\":\"Sk\u00f3rzane wyroby, torby podr\u00f3\u017cne, torby sportowe , torby na laptop Szczecin\",\"publisher\":{\"@id\":\"https:\/\/www.ztefan.pl\/#organization\"},\"potentialAction\":[{\"@type\":\"SearchAction\",\"target\":{\"@type\":\"EntryPoint\",\"urlTemplate\":\"https:\/\/www.ztefan.pl\/?s={search_term_string}\"},\"query-input\":\"required name=search_term_string\"}],\"inLanguage\":\"en-US\"},{\"@type\":\"WebPage\",\"@id\":\"https:\/\/www.ztefan.pl\/produkcja-tabliczki\/#webpage\",\"url\":\"https:\/\/www.ztefan.pl\/produkcja-tabliczki\/\",\"name\":\"[:pl]Produkcja - tabliczki[:en]Production - plates[:] - Ztefan\",\"isPartOf\":{\"@id\":\"https:\/\/www.ztefan.pl\/#website\"},\"datePublished\":\"2022-09-22T10:07:56+00:00\",\"dateModified\":\"2024-10-16T08:45:14+00:00\",\"breadcrumb\":{\"@id\":\"https:\/\/www.ztefan.pl\/produkcja-tabliczki\/#breadcrumb\"},\"inLanguage\":\"en-US\",\"potentialAction\":[{\"@type\":\"ReadAction\",\"target\":[\"https:\/\/www.ztefan.pl\/produkcja-tabliczki\/\"]}]},{\"@type\":\"BreadcrumbList\",\"@id\":\"https:\/\/www.ztefan.pl\/produkcja-tabliczki\/#breadcrumb\",\"itemListElement\":[{\"@type\":\"ListItem\",\"position\":1,\"name\":\"Home\",\"item\":\"https:\/\/www.ztefan.pl\/\"},{\"@type\":\"ListItem\",\"position\":2,\"name\":\"Production &#8211; plates\"}]}]}<\/script>\n<!-- \/ Yoast SEO plugin. -->","yoast_head_json":{"title":"[:pl]Produkcja - tabliczki[:en]Production - plates[:] - Ztefan","robots":{"index":"index","follow":"follow","max-snippet":"max-snippet:-1","max-image-preview":"max-image-preview:large","max-video-preview":"max-video-preview:-1"},"canonical":"https:\/\/www.ztefan.pl\/produkcja-tabliczki\/","og_locale":"en_US","og_type":"article","og_title":"[:pl]Produkcja - tabliczki[:en]Production - plates[:] - Ztefan","og_url":"https:\/\/www.ztefan.pl\/produkcja-tabliczki\/","og_site_name":"Ztefan","article_publisher":"https:\/\/www.facebook.com\/ZTEFANSZCZECIN","article_modified_time":"2024-10-16T08:45:14+00:00","og_image":[{"width":182,"height":90,"url":"https:\/\/www.ztefan.pl\/wp-content\/uploads\/2019\/12\/logo_www_color.png","type":"image\/png"}],"twitter_card":"summary_large_image","twitter_misc":{"Est. reading time":"4 minutes"},"schema":{"@context":"https:\/\/schema.org","@graph":[{"@type":"Organization","@id":"https:\/\/www.ztefan.pl\/#organization","name":"ZTEFAN Piotr Stefa\u0144ski","url":"https:\/\/www.ztefan.pl\/","sameAs":["https:\/\/www.facebook.com\/ZTEFANSZCZECIN","https:\/\/www.instagram.com\/ztefan_torby_skorzane\/"],"logo":{"@type":"ImageObject","@id":"https:\/\/www.ztefan.pl\/#logo","inLanguage":"en-US","url":"https:\/\/www.ztefan.pl\/wp-content\/uploads\/2019\/12\/logo_www_color.png","contentUrl":"https:\/\/www.ztefan.pl\/wp-content\/uploads\/2019\/12\/logo_www_color.png","width":182,"height":90,"caption":"ZTEFAN Piotr Stefa\u0144ski"},"image":{"@id":"https:\/\/www.ztefan.pl\/#logo"}},{"@type":"WebSite","@id":"https:\/\/www.ztefan.pl\/#website","url":"https:\/\/www.ztefan.pl\/","name":"Ztefan","description":"Sk\u00f3rzane wyroby, torby podr\u00f3\u017cne, torby sportowe , torby na laptop Szczecin","publisher":{"@id":"https:\/\/www.ztefan.pl\/#organization"},"potentialAction":[{"@type":"SearchAction","target":{"@type":"EntryPoint","urlTemplate":"https:\/\/www.ztefan.pl\/?s={search_term_string}"},"query-input":"required name=search_term_string"}],"inLanguage":"en-US"},{"@type":"WebPage","@id":"https:\/\/www.ztefan.pl\/produkcja-tabliczki\/#webpage","url":"https:\/\/www.ztefan.pl\/produkcja-tabliczki\/","name":"[:pl]Produkcja - tabliczki[:en]Production - plates[:] - Ztefan","isPartOf":{"@id":"https:\/\/www.ztefan.pl\/#website"},"datePublished":"2022-09-22T10:07:56+00:00","dateModified":"2024-10-16T08:45:14+00:00","breadcrumb":{"@id":"https:\/\/www.ztefan.pl\/produkcja-tabliczki\/#breadcrumb"},"inLanguage":"en-US","potentialAction":[{"@type":"ReadAction","target":["https:\/\/www.ztefan.pl\/produkcja-tabliczki\/"]}]},{"@type":"BreadcrumbList","@id":"https:\/\/www.ztefan.pl\/produkcja-tabliczki\/#breadcrumb","itemListElement":[{"@type":"ListItem","position":1,"name":"Home","item":"https:\/\/www.ztefan.pl\/"},{"@type":"ListItem","position":2,"name":"Production &#8211; plates"}]}]}},"_links":{"self":[{"href":"https:\/\/www.ztefan.pl\/en\/wp-json\/wp\/v2\/pages\/2744"}],"collection":[{"href":"https:\/\/www.ztefan.pl\/en\/wp-json\/wp\/v2\/pages"}],"about":[{"href":"https:\/\/www.ztefan.pl\/en\/wp-json\/wp\/v2\/types\/page"}],"author":[{"embeddable":true,"href":"https:\/\/www.ztefan.pl\/en\/wp-json\/wp\/v2\/users\/1"}],"replies":[{"embeddable":true,"href":"https:\/\/www.ztefan.pl\/en\/wp-json\/wp\/v2\/comments?post=2744"}],"version-history":[{"count":0,"href":"https:\/\/www.ztefan.pl\/en\/wp-json\/wp\/v2\/pages\/2744\/revisions"}],"wp:attachment":[{"href":"https:\/\/www.ztefan.pl\/en\/wp-json\/wp\/v2\/media?parent=2744"}],"curies":[{"name":"wp","href":"https:\/\/api.w.org\/{rel}","templated":true}]}}