{"id":48,"date":"2019-12-16T22:46:56","date_gmt":"2019-12-16T21:46:56","guid":{"rendered":"http:\/\/www.ztefan.pl\/?page_id=48"},"modified":"2024-10-16T10:48:35","modified_gmt":"2024-10-16T08:48:35","slug":"regulamin","status":"publish","type":"page","link":"https:\/\/www.ztefan.pl\/en\/regulamin\/","title":{"rendered":"Regulamin"},"content":{"rendered":"<p><div class=\"fusion-fullwidth fullwidth-box fusion-builder-row-3 max_width nonhundred-percent-fullwidth non-hundred-percent-height-scrolling\"  style='background-color: #bf9b31;background-position: center center;background-repeat: no-repeat;padding-top:0px;padding-right:30px;padding-bottom:0px;padding-left:30px;'><div class=\"fusion-builder-row fusion-row \"><div  class=\"fusion-layout-column fusion_builder_column fusion_builder_column_1_1 fusion-builder-column-3 fusion-one-full fusion-column-first fusion-column-last 1_1\"  style='margin-top:0px;margin-bottom:20px;'>\n\t\t\t\t\t<div class=\"fusion-column-wrapper\" style=\"padding: 0px 0px 0px 0px;background-position:left top;background-repeat:no-repeat;-webkit-background-size:cover;-moz-background-size:cover;-o-background-size:cover;background-size:cover;\"   data-bg-url=\"\">\n\t\t\t\t\t\t<div class=\"fusion-text page_title\"><h1 style=\"text-align: center;\">Terms and Conditions<\/h1>\n<\/div><div class=\"fusion-clearfix\"><\/div>\n\n\t\t\t\t\t<\/div>\n\t\t\t\t<\/div><\/div><\/div><div class=\"fusion-fullwidth fullwidth-box fusion-builder-row-4 content_width nonhundred-percent-fullwidth non-hundred-percent-height-scrolling\"  style='background-color: rgba(255,255,255,0);background-position: center center;background-repeat: no-repeat;padding-top:50px;padding-right:30px;padding-bottom:50px;padding-left:30px;'><div class=\"fusion-builder-row fusion-row \"><div  class=\"fusion-layout-column fusion_builder_column fusion_builder_column_1_1 fusion-builder-column-4 fusion-one-full fusion-column-first fusion-column-last 1_1\"  style='margin-top:0px;margin-bottom:20px;'>\n\t\t\t\t\t<div class=\"fusion-column-wrapper\" style=\"padding: 0px 0px 0px 0px;background-position:left top;background-repeat:no-repeat;-webkit-background-size:cover;-moz-background-size:cover;-o-background-size:cover;background-size:cover;\"   data-bg-url=\"\">\n\t\t\t\t\t\t<div class=\"fusion-text\"><p>1. Niniejszy Regulamin okre\u015bla og\u00f3lne warunki, zasady oraz spos\u00f3b sprzeda\u017cy prowadzonej w formie sklepu internetowego, dost\u0119pnego pod adresem www.ztefan.pl (zwanego dalej: \u201eSklepem Internetowym\u201d) prowadzonego przez firm\u0119 ZTEFAN PIOTR STEFA\u0143SKI z siedzib\u0105 w Szczecinie, adres: ul. Le\u015bnej 5 , 72-010 Prz\u0119socin NIP PL955-175-49-23,<\/p>\n<p><strong>\u00a7 1 Definicje<\/strong><\/p>\n<p>1.Dni robocze &#8211; oznacza dni tygodnia od poniedzia\u0142ku do pi\u0105tku z wy\u0142\u0105czeniem dni ustawowo wolnych od pracy.<br \/>\n2.Dostawa &#8211; oznacza czynno\u015b\u0107 faktyczn\u0105 polegaj\u0105c\u0105 na dostarczeniu Klientowi przez Sprzedawc\u0119, za po\u015brednictwem Dostawcy, Towaru okre\u015blonego w zam\u00f3wieniu.<br \/>\n3.Dostawca &#8211; oznacza podmiot, z kt\u00f3rym wsp\u00f3\u0142pracuje Sprzedawca w zakresie dokonywania Dostawy Towar\u00f3w:<br \/>\na)firm\u0119 kuriersk\u0105;<br \/>\nb) poczta polska<br \/>\nc) inpost<br \/>\n4.Klient &#8211; oznacza podmiot, na rzecz kt\u00f3rego zgodnie z Regulaminem i przepisami prawa mog\u0105 by\u0107 \u015bwiadczone us\u0142ugi drog\u0105 elektroniczn\u0105 lub z kt\u00f3rym zawarta mo\u017ce by\u0107 Umowa sprzeda\u017cy.<br \/>\n5.Przedsi\u0119biorca &#8211; oznacza osob\u0119 fizyczn\u0105, osob\u0119 prawn\u0105 lub jednostk\u0119 organizacyjn\u0105 nieb\u0119d\u0105c\u0105 osob\u0105 prawn\u0105, kt\u00f3rej ustawa przyznaje zdolno\u015b\u0107 prawn\u0105, prowadz\u0105c\u0105 we w\u0142asnym imieniu dzia\u0142alno\u015b\u0107 gospodarcz\u0105 lub zawodow\u0105 i dokonuj\u0105c\u0105 czynno\u015bci prawnej zwi\u0105zan\u0105 bezpo\u015brednio z jej dzia\u0142alno\u015bci\u0105 gospodarcz\u0105 lub zawodow\u0105.<br \/>\n6.Regulamin &#8211; oznacza niniejszy regulamin.<br \/>\n7.Sprzedawca &#8211; oznacza firm\u0119 , sklep internetowy, dost\u0119pny pod adresem www.ztefan.pl (zwanego dalej: \u201eSklepem Internetowym\u201d) prowadzonego przez firm\u0119 ZTEFAN PIOTR STEFA\u0143SKI z siedzib\u0105 w Szczecinie, adres: ul. Le\u015bna 5 , 72-010 Prz\u0119socin NIP PL955-175-49-23,.<br \/>\n8.Strona Internetowa Sklepu &#8211; oznacza strony internetowe, pod kt\u00f3rymi Sprzedawca prowadzi Sklep Internetowy, dzia\u0142aj\u0105ce w domenie ztefan.pl<br \/>\n9.Towar &#8211; oznacza produkt przedstawiony przez Sprzedawc\u0119 za po\u015brednictwem Strony Internetowej Sklepu,<\/p>\n<p>10.Umowa sprzeda\u017cy &#8211; oznacza umow\u0119 sprzeda\u017cy zawart\u0105 na odleg\u0142o\u015b\u0107, na zasadach okre\u015blonych w Regulaminie, mi\u0119dzy Klientem a Sprzedawc\u0105.<br \/>\n11. Wysy\u0142ka &#8211; oznacza termin wys\u0142ania Towaru poprzez Dostawc\u0119 do Zamawiaj\u0105cego<\/p>\n<p><strong>\u00a7 2 Postanowienia og\u00f3lne i korzystanie ze Sklepu Internetowego<\/strong><\/p>\n<p>1.Wszelkie prawa do Sklepu Internetowego, w tym maj\u0105tkowe prawa autorskie, prawa w\u0142asno\u015bci intelektualnej do jego nazwy, jego domeny internetowej, Strony Internetowej Sklepu, a tak\u017ce do wzorc\u00f3w, formularzy, logotyp\u00f3w, opis\u00f3w Towar\u00f3w i zdj\u0119\u0107 zamieszczanych na Stronie Internetowej Sklepu nale\u017c\u0105 do Sprzedawcy, a korzystanie z nich mo\u017ce nast\u0119powa\u0107 wy\u0142\u0105cznie w spos\u00f3b okre\u015blony i zgodny z Regulaminem oraz za zgod\u0105 Sprzedawcy wyra\u017con\u0105 na pi\u015bmie.<br \/>\n2.Sprzedawca do\u0142o\u017cy stara\u0144, aby korzystanie ze Sklepu Internetowego by\u0142o mo\u017cliwe dla u\u017cytkownik\u00f3w Internetu z u\u017cyciem wszystkich popularnych przegl\u0105darek internetowych, system\u00f3w operacyjnych, typ\u00f3w urz\u0105dze\u0144 oraz typ\u00f3w po\u0142\u0105cze\u0144 internetowych.<br \/>\n3.Zakazane jest dostarczanie przez Klienta tre\u015bci o charakterze bezprawnym oraz wykorzystywanie przez Klienta Sklepu Internetowego, Strony Internetowej Sklepu lub us\u0142ug nieodp\u0142atnych \u015bwiadczonych przez Sprzedawc\u0119, w spos\u00f3b sprzeczny z prawem, dobrymi obyczajami lub naruszaj\u0105cy dobra osobiste os\u00f3b trzecich.<\/p>\n<p><strong>\u00a7 3 Zam\u00f3wienia<\/strong><\/p>\n<p>1.Informacje zawarte na Stronie Internetowej Sklepu nie stanowi\u0105 oferty Sprzedawcy w rozumieniu Kodeksu cywilnego, a jedynie zaproszenie Klient\u00f3w do sk\u0142adania ofert zawarcia Umowy sprzeda\u017cy.<br \/>\n2.Klient mo\u017ce sk\u0142ada\u0107 zam\u00f3wienia w Sklepie Internetowym za po\u015brednictwem Strony Internetowej Sklepu przez 7 dni w tygodniu, 24 godziny na dob\u0119.<br \/>\n3.Klient sk\u0142adaj\u0105cy zam\u00f3wienie za po\u015brednictwem Strony Internetowej Sklepu, kompletuje zam\u00f3wienie wybieraj\u0105c Towar, kt\u00f3rym jest zainteresowany. Dodanie Towaru do zam\u00f3wienia nast\u0119puje przez wyb\u00f3r polecenia &#8220;DODAJ DO KOSZYKA&#8221; pod danym Towarem prezentowanym na Stronie Internetowej Sklepu. Klient po skompletowaniu ca\u0142o\u015bci zam\u00f3wienia i wskazaniu w \u201eKOSZYKU\u201d sposobu Dostawy oraz formy p\u0142atno\u015bci, sk\u0142ada zam\u00f3wienie przez wys\u0142anie formularza zam\u00f3wienia do Sprzedawcy,<br \/>\n4.Z\u0142o\u017cenie zam\u00f3wienia stanowi z\u0142o\u017cenie Sprzedawcy przez Klienta oferty zawarcia Umowy sprzeda\u017cy Towar\u00f3w b\u0119d\u0105cych przedmiotem zam\u00f3wienia.<\/p>\n<p><strong>\u00a7 4 P\u0142atno\u015bci<\/strong><\/p>\n<p>1.Ceny na Stronie Internetowej Sklepu zamieszczone przy danym Towarze stanowi\u0105 ceny brutto i nie zawieraj\u0105 informacji odno\u015bnie koszt\u00f3w Dostawy i wszelkich innych koszt\u00f3w, kt\u00f3re Klient b\u0119dzie zobowi\u0105zany ponie\u015b\u0107 w zwi\u0105zku z Umow\u0105 sprzeda\u017cy, o kt\u00f3rych Klient b\u0119dzie poinformowany przy wyborze sposobu Dostawy i sk\u0142adaniu zam\u00f3wienia.<br \/>\n2.Klient mo\u017ce wybra\u0107 nast\u0119puj\u0105ce formy p\u0142atno\u015bci za zam\u00f3wione Towary:<br \/>\na)przelew bankowy na rachunek bankowy Sprzedawcy (w tym przypadku realizacja zam\u00f3wienia rozpocz\u0119ta zostanie po przes\u0142aniu Klientowi przez Sprzedawc\u0119 potwierdzenia przyj\u0119cia zam\u00f3wienia oraz po wp\u0142yni\u0119ciu \u015brodk\u00f3w na rachunek bankowy Sprzedawcy);<br \/>\nb)przelew bankowy poprzez zewn\u0119trzny system p\u0142atno\u015bci PayU, obs\u0142ugiwany przez firm\u0119 PayU S.A. z siedzib\u0105 w Poznaniu (w tym przypadku realizacja zam\u00f3wienia rozpocz\u0119ta zostanie po przes\u0142aniu Klientowi przez Sprzedawc\u0119 potwierdzenia przyj\u0119cia zam\u00f3wienia oraz po otrzymaniu przez Sprzedawc\u0119 informacji z systemu PayU o dokonaniu p\u0142atno\u015bci przez Klienta);<br \/>\nc)przelew bankowy poprzez zewn\u0119trzny system p\u0142atno\u015bci PayPal, obs\u0142ugiwany przez firm\u0119 PayPal (Europe) S.\u00e0 r.l. &amp; Cie, S.C.A. z siedzib\u0105 w Luksemburgu (w tym przypadku realizacja zam\u00f3wienia rozpocz\u0119ta zostanie po przes\u0142aniu Klientowi przez Sprzedawc\u0119 potwierdzenia przyj\u0119cia zam\u00f3wienia oraz po otrzymaniu przez Sprzedawc\u0119 informacji z systemu PayPal o dokonaniu p\u0142atno\u015bci przez Klienta);<\/p>\n<p><strong>\u00a7 5 Dostawa<\/strong><\/p>\n<p>1.Sprzedawca realizuje Dostaw\u0119 na terytorium Rzeczypospolitej Polskiej. Wysy\u0142ka za granic\u0119 RP mo\u017cliwa jest po wcze\u015bniejszym uzgodnieniu.<br \/>\n2.Sprzedawca jest zobowi\u0105zany dostarczy\u0107 Towar b\u0119d\u0105cy przedmiotem Umowy sprzeda\u017cy bez wad.<br \/>\n3.Sprzedawca, zgodnie z wol\u0105 Klienta, do\u0142\u0105cza do przesy\u0142ki b\u0119d\u0105cej przedmiotem Dostawy paragon albo faktur\u0119 VAT obejmuj\u0105c\u0105 dostarczane Towary.<br \/>\n4.W przypadku nieobecno\u015bci Klienta pod wskazanym przez niego adresem, podanym przy sk\u0142adaniu zam\u00f3wienia jako adres Dostawy, pracownik Dostawcy pozostawi awizo lub podejmie pr\u00f3b\u0119 kontaktu telefonicznego celem ustalenia terminu, w kt\u00f3rym Klient b\u0119dzie obecny. W przypadku zwrotnego odes\u0142ania zam\u00f3wionego Towaru do Sklepu Internetowego przez Dostawc\u0119, Sprzedawca skontaktuje si\u0119 z Klientem drog\u0105 elektroniczn\u0105 lub telefonicznie, ustalaj\u0105c ponownie z Klientem termin i koszt Dostawy.<br \/>\n5. Moment dokonania dostawy towaru(\u00f3w): Dokonanie dostawy towaru(\u00f3w) nast\u0119puje z chwil\u0105 wydania towaru podmiotowi, kt\u00f3ry jest zobowi\u0105zany do jego dostarczenia.<\/p>\n<p><strong>\u00a7 6 Wysy\u0142ka<\/strong><\/p>\n<p>1. Wysy\u0142ka oznacza termin wys\u0142ania zam\u00f3wionego towaru do klienta.<br \/>\n2. Wysy\u0142ki s\u0105 realizowane 1 raz w tygodniu<\/p>\n<p>3. Je\u017celi jeden z dni wymienionych w p. 2 wypada w dzie\u0144 \u015awi\u0119ta Narodowego, dnia Ustawowo Wolnego od Pracy lub \u015awiata ko\u015bcielnego &#8211; wysy\u0142ka nast\u0105pi w nast\u0119pnym dniu wysy\u0142ki.<\/p>\n<p><strong>\u00a7 7 Reklamacje<\/strong><\/p>\n<p>1.Wszelkie reklamacje zwi\u0105zane z Towarem lub realizacj\u0105 Umowy sprzeda\u017cy, Klient mo\u017ce kierowa\u0107 w formie pisemnej na adres Sprzedawcy.<br \/>\n2.Sprzedawca w ci\u0105gu 14 dni od dnia \u017c\u0105dania zawieraj\u0105cego reklamacj\u0119, ustosunkuje si\u0119 do reklamacji Towaru lub reklamacji zwi\u0105zanej z realizacj\u0105 Umowy sprzeda\u017cy zg\u0142oszonej przez Klienta. 3.Klient mo\u017ce zg\u0142osi\u0107 Sprzedawcy reklamacj\u0119 w zwi\u0105zku z korzystaniem z us\u0142ug nieodp\u0142atnych \u015bwiadczonych drog\u0105 elektroniczn\u0105 przez Sprzedawc\u0119. Reklamacja mo\u017ce by\u0107 z\u0142o\u017cona w formie elektronicznej i przes\u0142ana na adres reklamacje@ztefan.pl W zg\u0142oszeniu reklamacyjnym Klient winien zawrze\u0107 opis zaistnia\u0142ego problemu. Sprzedawca niezw\u0142ocznie, lecz nie p\u00f3\u017aniej ni\u017c w terminie 14 dni rozpatruje reklamacje i udziela Klientowi odpowiedzi.<\/p>\n<p><strong>\u00a7 8 Odst\u0105pienie od Umowy sprzeda\u017cy<\/strong><\/p>\n<p>1.Klient b\u0119d\u0105cy Konsumentem, kt\u00f3ry zawar\u0142 Umow\u0119 sprzeda\u017cy, mo\u017ce w terminie 14 dni odst\u0105pi\u0107 od niej bez podawania przyczyny.<br \/>\n2.Bieg terminu na odst\u0105pienie od Umowy sprzeda\u017cy rozpoczyna si\u0119 od chwili obj\u0119cia Towaru w posiadanie przez Klienta. Klient mo\u017ce odst\u0105pi\u0107 od Umowy sprzeda\u017cy sk\u0142adaj\u0105c Sprzedawcy o\u015bwiadczenie o odst\u0105pieniu. Do zachowania terminu wystarczy wys\u0142anie o\u015bwiadczenia przed jego up\u0142ywem.<br \/>\n3.W przypadku odst\u0105pienia od Umowy sprzeda\u017cy, jest ona uwa\u017cana za niezawart\u0105.<br \/>\n4.Je\u015bli Klient z\u0142o\u017cy\u0142 o\u015bwiadczenie o odst\u0105pieniu od Umowy sprzeda\u017cy zanim Sprzedawca przyj\u0105\u0142 jego ofert\u0119, oferta przestaje wi\u0105za\u0107.<br \/>\n5.Sprzedawca ma obowi\u0105zek niezw\u0142ocznie, nie p\u00f3\u017aniej ni\u017c w terminie 14 dni od dnia otrzymania o\u015bwiadczenia Klienta o odst\u0105pieniu od Umowy sprzeda\u017cy, zwr\u00f3ci\u0107 mu dokonane przez niego p\u0142atno\u015bci.<br \/>\n6.Klient ma obowi\u0105zek zwr\u00f3ci\u0107 Towar Sprzedawcy niezw\u0142ocznie, jednak nie p\u00f3\u017aniej ni\u017c w terminie 14 dni od dnia, w kt\u00f3rym odst\u0105pi\u0142 od Umowy sprzeda\u017cy. Do zachowania terminu wystarczy odes\u0142anie Towaru na adres Sprzedawcy przed up\u0142ywem tego terminu.<br \/>\n7.W wypadku odst\u0105pienia Klient ponosi koszty zwrotu Towaru. Towar musi by\u0107 nienaruszony a etykieta z plomb\u0105 z laku nie mo\u017ce by\u0107 zerwana.<\/p>\n<p><strong>\u00a7 9 Ochrona danych osobowych<\/strong><\/p>\n<p>1.Administratorem danych osobowych Klient\u00f3w przekazanych Sprzedawcy dobrowolnie w ramach u\u017cytkowania strony , sk\u0142adania zam\u00f3wienia jednorazowego oraz w ramach \u015bwiadczenia przez Sprzedawc\u0119 us\u0142ug drog\u0105 elektroniczn\u0105 lub w ramach innych okoliczno\u015bci okre\u015blonych w Regulaminie, jest Sprzedawca.<br \/>\n2.Sprzedawca przetwarza dane osobowe Klient\u00f3w w celu realizacji zam\u00f3wie\u0144, \u015bwiadczenia przez Sprzedawc\u0119 us\u0142ug drog\u0105 elektroniczn\u0105 oraz innych cel\u00f3w okre\u015blonych w Regulaminie. Dane s\u0105 przetwarzane wy\u0142\u0105cznie na podstawie przepis\u00f3w prawa lub zgody wyra\u017conej przez Klienta zgodnie z obowi\u0105zuj\u0105cymi przepisami prawa.<br \/>\n3.Ka\u017cdy kto przeka\u017ce Sprzedawcy swoje dane osobowe, ma prawo dost\u0119pu do ich tre\u015bci oraz do ich poprawiania.<br \/>\n4.Sprzedawca chroni przekazane mu dane osobowe oraz dok\u0142ada wszelkich stara\u0144 w celu zabezpieczenia ich przed nieuprawnionym dost\u0119pem lub wykorzystaniem.<br \/>\n5.Sprzedawca przekazuje dane osobowe Klienta Dostawcy w zakresie niezb\u0119dnym do realizacji Dostawy.<br \/>\n9.W przypadku, gdy Klient wybierze p\u0142atno\u015b\u0107 poprzez system PayU, jego dane osobowe s\u0105 przekazywane w zakresie niezb\u0119dnym dla realizacji p\u0142atno\u015bci sp\u00f3\u0142ce PayU S.A. z siedzib\u0105 w Poznaniu (60-324 Pozna\u0144, ul. Grunwaldzka 182), wpisanej do rejestru przedsi\u0119biorc\u00f3w prowadzonego przez S\u0105d Rejonowy Pozna\u0144 &#8211; Nowe Miasto i Wilda w Poznaniu, Wydzia\u0142 VIII Gospodarczy Krajowego Rejestru S\u0105dowego pod numerem KRS 0000274399.<br \/>\n10. W przypadku, gdy Klient wybierze p\u0142atno\u015b\u0107 poprzez system PayPal jego dane osobowe s\u0105 przekazywane w zakresie niezb\u0119dnym dla realizacji p\u0142atno\u015bci sp\u00f3\u0142ce PayPal (Europe) S.\u00e0 r.l. &amp; Cie, S.C.A. z siedzib\u0105 w Luksemburgu.<\/p>\n<p><strong>\u00a7 10 Postanowienia ko\u0144cowe<\/strong><\/p>\n<p>1.Sprzedawca ponosi odpowiedzialno\u015b\u0107 z tytu\u0142u niewykonania lub nienale\u017cytego wykonania umowy,<br \/>\n2.Tre\u015b\u0107 niniejszego Regulaminu mo\u017ce zosta\u0107 utrwalona poprzez wydrukowanie, zapisanie na no\u015bniku lub pobranie w ka\u017cdej chwili ze Strony Internetowej Sklepu.<br \/>\n3.W przypadku powstania sporu na gruncie zawartej Umowy sprzeda\u017cy, strony b\u0119d\u0105 d\u0105\u017cy\u0142y do rozwi\u0105zania sprawy polubownie. Prawem w\u0142a\u015bciwym dla rozstrzygania wszelkich spor\u00f3w powsta\u0142ych na gruncie niniejszego Regulaminu jest prawo polskie. W przypadku nie rozwi\u0105zania sportu na drodze polubownej w terminie 30 dni od podj\u0119cia pr\u00f3by spory rozstrzygane b\u0119d\u0105 przez s\u0105d powszechny w\u0142a\u015bciwy dla siedziby Sprzedawcy.<br \/>\n4.Ka\u017cdy Klient mo\u017ce skorzysta\u0107 z pozas\u0105dowych sposob\u00f3w rozpatrywania reklamacji i dochodzenia roszcze\u0144. W tym zakresie mo\u017cliwe jest skorzystanie przez Klienta z mediacji. Listy sta\u0142ych mediator\u00f3w oraz istniej\u0105cych o\u015brodk\u00f3w mediacyjnych przekazywane s\u0105 i udost\u0119pniane przez Prezes\u00f3w w\u0142a\u015bciwych S\u0105d\u00f3w Okr\u0119gowych.<br \/>\n5.Sprzedawca zastrzega sobie prawo zmiany niniejszego Regulaminu. Wszystkie zam\u00f3wienia przyj\u0119te przez Sprzedawc\u0119 do realizacji przed dniem wej\u015bcia w \u017cycie nowego Regulaminu s\u0105 realizowane na podstawie Regulaminu, kt\u00f3ry obowi\u0105zywa\u0142 w dniu sk\u0142adania zam\u00f3wienia przez Klienta. Zmiana Regulaminu wchodzi w \u017cycie w terminie 7 dni od dnia opublikowania na Stronie Internetowej Sklepu. Sprzedawca poinformuje Klienta na 7 dni przed wej\u015bciem w \u017cycie nowego Regulaminu o zmianie Regulaminu za pomoc\u0105 wiadomo\u015bci przes\u0142anej drog\u0105 elektroniczn\u0105 zawieraj\u0105cej odno\u015bnik do tekstu zmienionego Regulaminu. W razie, gdy Klient nie akceptuje nowej tre\u015bci Regulaminu obowi\u0105zany jest zawiadomi\u0107 o tym fakcie Sprzedawc\u0119, co skutkuje rozwi\u0105zaniem umowy zgodnie z postanowieniami \u00a715 Regulaminu.<br \/>\n6. W sprawach nieuregulowanych w niniejszym Regulaminie zastosowanie maj\u0105 odpowiednie przepisy kodeksu cywilnego oraz ustawy o\u015bwiadczeniu us\u0142ug droga elektroniczn\u0105.<br \/>\n7.Regulamin wchodzi w \u017cycie z dniem opublikowania na stronie sklepu.<\/p>\n<\/div><div class=\"fusion-clearfix\"><\/div>\n\n\t\t\t\t\t<\/div>\n\t\t\t\t<\/div><\/div><\/div><\/p>","protected":false},"excerpt":{"rendered":"","protected":false},"author":1,"featured_media":0,"parent":0,"menu_order":0,"comment_status":"closed","ping_status":"closed","template":"","meta":[],"yoast_head":"<!-- This site is optimized with the Yoast SEO plugin v18.3 - https:\/\/yoast.com\/wordpress\/plugins\/seo\/ -->\n<title>Regulamin - Ztefan<\/title>\n<meta name=\"robots\" content=\"noindex, follow\" \/>\n<meta property=\"og:locale\" content=\"en_US\" \/>\n<meta property=\"og:type\" content=\"article\" \/>\n<meta property=\"og:title\" content=\"Regulamin - Ztefan\" \/>\n<meta property=\"og:url\" content=\"https:\/\/www.ztefan.pl\/regulamin\/\" \/>\n<meta property=\"og:site_name\" content=\"Ztefan\" \/>\n<meta property=\"article:publisher\" content=\"https:\/\/www.facebook.com\/ZTEFANSZCZECIN\" \/>\n<meta property=\"article:modified_time\" content=\"2024-10-16T08:48:35+00:00\" \/>\n<meta property=\"og:image\" content=\"https:\/\/www.ztefan.pl\/wp-content\/uploads\/2019\/12\/logo_www_color.png\" \/>\n\t<meta property=\"og:image:width\" content=\"182\" \/>\n\t<meta property=\"og:image:height\" content=\"90\" \/>\n\t<meta property=\"og:image:type\" content=\"image\/png\" \/>\n<meta name=\"twitter:card\" content=\"summary_large_image\" \/>\n<meta name=\"twitter:label1\" content=\"Est. reading time\" \/>\n\t<meta name=\"twitter:data1\" content=\"27 minutes\" \/>\n<script type=\"application\/ld+json\" class=\"yoast-schema-graph\">{\"@context\":\"https:\/\/schema.org\",\"@graph\":[{\"@type\":\"Organization\",\"@id\":\"https:\/\/www.ztefan.pl\/#organization\",\"name\":\"ZTEFAN Piotr Stefa\u0144ski\",\"url\":\"https:\/\/www.ztefan.pl\/\",\"sameAs\":[\"https:\/\/www.facebook.com\/ZTEFANSZCZECIN\",\"https:\/\/www.instagram.com\/ztefan_torby_skorzane\/\"],\"logo\":{\"@type\":\"ImageObject\",\"@id\":\"https:\/\/www.ztefan.pl\/#logo\",\"inLanguage\":\"en-US\",\"url\":\"https:\/\/www.ztefan.pl\/wp-content\/uploads\/2019\/12\/logo_www_color.png\",\"contentUrl\":\"https:\/\/www.ztefan.pl\/wp-content\/uploads\/2019\/12\/logo_www_color.png\",\"width\":182,\"height\":90,\"caption\":\"ZTEFAN Piotr Stefa\u0144ski\"},\"image\":{\"@id\":\"https:\/\/www.ztefan.pl\/#logo\"}},{\"@type\":\"WebSite\",\"@id\":\"https:\/\/www.ztefan.pl\/#website\",\"url\":\"https:\/\/www.ztefan.pl\/\",\"name\":\"Ztefan\",\"description\":\"Sk\u00f3rzane wyroby, torby podr\u00f3\u017cne, torby sportowe , torby na laptop Szczecin\",\"publisher\":{\"@id\":\"https:\/\/www.ztefan.pl\/#organization\"},\"potentialAction\":[{\"@type\":\"SearchAction\",\"target\":{\"@type\":\"EntryPoint\",\"urlTemplate\":\"https:\/\/www.ztefan.pl\/?s={search_term_string}\"},\"query-input\":\"required name=search_term_string\"}],\"inLanguage\":\"en-US\"},{\"@type\":\"WebPage\",\"@id\":\"https:\/\/www.ztefan.pl\/regulamin\/#webpage\",\"url\":\"https:\/\/www.ztefan.pl\/regulamin\/\",\"name\":\"Regulamin - Ztefan\",\"isPartOf\":{\"@id\":\"https:\/\/www.ztefan.pl\/#website\"},\"datePublished\":\"2019-12-16T21:46:56+00:00\",\"dateModified\":\"2024-10-16T08:48:35+00:00\",\"breadcrumb\":{\"@id\":\"https:\/\/www.ztefan.pl\/regulamin\/#breadcrumb\"},\"inLanguage\":\"en-US\",\"potentialAction\":[{\"@type\":\"ReadAction\",\"target\":[\"https:\/\/www.ztefan.pl\/regulamin\/\"]}]},{\"@type\":\"BreadcrumbList\",\"@id\":\"https:\/\/www.ztefan.pl\/regulamin\/#breadcrumb\",\"itemListElement\":[{\"@type\":\"ListItem\",\"position\":1,\"name\":\"Home\",\"item\":\"https:\/\/www.ztefan.pl\/\"},{\"@type\":\"ListItem\",\"position\":2,\"name\":\"Regulamin\"}]}]}<\/script>\n<!-- \/ Yoast SEO plugin. -->","yoast_head_json":{"title":"Regulamin - Ztefan","robots":{"index":"noindex","follow":"follow"},"og_locale":"en_US","og_type":"article","og_title":"Regulamin - Ztefan","og_url":"https:\/\/www.ztefan.pl\/regulamin\/","og_site_name":"Ztefan","article_publisher":"https:\/\/www.facebook.com\/ZTEFANSZCZECIN","article_modified_time":"2024-10-16T08:48:35+00:00","og_image":[{"width":182,"height":90,"url":"https:\/\/www.ztefan.pl\/wp-content\/uploads\/2019\/12\/logo_www_color.png","type":"image\/png"}],"twitter_card":"summary_large_image","twitter_misc":{"Est. reading time":"27 minutes"},"schema":{"@context":"https:\/\/schema.org","@graph":[{"@type":"Organization","@id":"https:\/\/www.ztefan.pl\/#organization","name":"ZTEFAN Piotr Stefa\u0144ski","url":"https:\/\/www.ztefan.pl\/","sameAs":["https:\/\/www.facebook.com\/ZTEFANSZCZECIN","https:\/\/www.instagram.com\/ztefan_torby_skorzane\/"],"logo":{"@type":"ImageObject","@id":"https:\/\/www.ztefan.pl\/#logo","inLanguage":"en-US","url":"https:\/\/www.ztefan.pl\/wp-content\/uploads\/2019\/12\/logo_www_color.png","contentUrl":"https:\/\/www.ztefan.pl\/wp-content\/uploads\/2019\/12\/logo_www_color.png","width":182,"height":90,"caption":"ZTEFAN Piotr Stefa\u0144ski"},"image":{"@id":"https:\/\/www.ztefan.pl\/#logo"}},{"@type":"WebSite","@id":"https:\/\/www.ztefan.pl\/#website","url":"https:\/\/www.ztefan.pl\/","name":"Ztefan","description":"Sk\u00f3rzane wyroby, torby podr\u00f3\u017cne, torby sportowe , torby na laptop Szczecin","publisher":{"@id":"https:\/\/www.ztefan.pl\/#organization"},"potentialAction":[{"@type":"SearchAction","target":{"@type":"EntryPoint","urlTemplate":"https:\/\/www.ztefan.pl\/?s={search_term_string}"},"query-input":"required name=search_term_string"}],"inLanguage":"en-US"},{"@type":"WebPage","@id":"https:\/\/www.ztefan.pl\/regulamin\/#webpage","url":"https:\/\/www.ztefan.pl\/regulamin\/","name":"Regulamin - Ztefan","isPartOf":{"@id":"https:\/\/www.ztefan.pl\/#website"},"datePublished":"2019-12-16T21:46:56+00:00","dateModified":"2024-10-16T08:48:35+00:00","breadcrumb":{"@id":"https:\/\/www.ztefan.pl\/regulamin\/#breadcrumb"},"inLanguage":"en-US","potentialAction":[{"@type":"ReadAction","target":["https:\/\/www.ztefan.pl\/regulamin\/"]}]},{"@type":"BreadcrumbList","@id":"https:\/\/www.ztefan.pl\/regulamin\/#breadcrumb","itemListElement":[{"@type":"ListItem","position":1,"name":"Home","item":"https:\/\/www.ztefan.pl\/"},{"@type":"ListItem","position":2,"name":"Regulamin"}]}]}},"_links":{"self":[{"href":"https:\/\/www.ztefan.pl\/en\/wp-json\/wp\/v2\/pages\/48"}],"collection":[{"href":"https:\/\/www.ztefan.pl\/en\/wp-json\/wp\/v2\/pages"}],"about":[{"href":"https:\/\/www.ztefan.pl\/en\/wp-json\/wp\/v2\/types\/page"}],"author":[{"embeddable":true,"href":"https:\/\/www.ztefan.pl\/en\/wp-json\/wp\/v2\/users\/1"}],"replies":[{"embeddable":true,"href":"https:\/\/www.ztefan.pl\/en\/wp-json\/wp\/v2\/comments?post=48"}],"version-history":[{"count":0,"href":"https:\/\/www.ztefan.pl\/en\/wp-json\/wp\/v2\/pages\/48\/revisions"}],"wp:attachment":[{"href":"https:\/\/www.ztefan.pl\/en\/wp-json\/wp\/v2\/media?parent=48"}],"curies":[{"name":"wp","href":"https:\/\/api.w.org\/{rel}","templated":true}]}}