{"id":67,"date":"2019-12-17T12:53:10","date_gmt":"2019-12-17T11:53:10","guid":{"rendered":"http:\/\/www.ztefan.pl\/cart\/"},"modified":"2024-10-16T10:47:44","modified_gmt":"2024-10-16T08:47:44","slug":"koszyk","status":"publish","type":"page","link":"https:\/\/www.ztefan.pl\/en\/koszyk\/","title":{"rendered":"Koszyk"},"content":{"rendered":"<h1>Cart<\/h1>\r\n    \r\n\r\n    <form method=\"post\" action=\"\" class=\"woocommerce-currency-switcher-form woocs_show_flags\" data-ver=\"2.3.0\">\r\n        <input type=\"hidden\" name=\"woocommerce-currency-switcher\" value=\"PLN\" \/>\r\n        <select name=\"woocommerce-currency-switcher\"  data-width=\"100%\" data-flag-position=\"right\" class=\"woocommerce-currency-switcher\" onchange=\"woocs_redirect(this.value);\r\n                void(0);\">\r\n                    \r\n                \r\n                <option class=\"woocs_option_img_PLN\" value=\"PLN\"  selected='selected' data-imagesrc=\"http:\/\/www.ztefan.pl\/wp-content\/uploads\/2020\/02\/polska.png\" data-icon=\"http:\/\/www.ztefan.pl\/wp-content\/uploads\/2020\/02\/polska.png\" data-description=\"Change currency\">PLN, &#122;&#322;<\/option>\r\n            \r\n                \r\n                <option class=\"woocs_option_img_USD\" value=\"USD\"  data-imagesrc=\"http:\/\/www.ztefan.pl\/wp-content\/uploads\/2020\/02\/dolar.png\" data-icon=\"http:\/\/www.ztefan.pl\/wp-content\/uploads\/2020\/02\/dolar.png\" data-description=\"Change currency\">USD, &#36;<\/option>\r\n            \r\n                \r\n                <option class=\"woocs_option_img_EUR\" value=\"EUR\"  data-imagesrc=\"http:\/\/www.ztefan.pl\/wp-content\/uploads\/2020\/02\/Euro.png\" data-icon=\"http:\/\/www.ztefan.pl\/wp-content\/uploads\/2020\/02\/Euro.png\" data-description=\"Change currency\">EUR, &euro;<\/option>\r\n                    <\/select>\r\n        <div class=\"woocs_display_none\" style=\"display: none;\" >WOOCS v.2.3.0<\/div>\r\n    <\/form>","protected":false},"excerpt":{"rendered":"<p>Cart<\/p>\n","protected":false},"author":1,"featured_media":0,"parent":0,"menu_order":0,"comment_status":"closed","ping_status":"closed","template":"","meta":[],"yoast_head":"<!-- This site is optimized with the Yoast SEO plugin v18.3 - https:\/\/yoast.com\/wordpress\/plugins\/seo\/ -->\n<title>Koszyk - Ztefan<\/title>\n<meta name=\"robots\" content=\"noindex, follow\" \/>\n<meta property=\"og:locale\" content=\"en_US\" \/>\n<meta property=\"og:type\" content=\"article\" \/>\n<meta property=\"og:title\" content=\"Koszyk - Ztefan\" \/>\n<meta property=\"og:description\" content=\"Cart\" \/>\n<meta property=\"og:url\" content=\"https:\/\/www.ztefan.pl\/koszyk\/\" \/>\n<meta property=\"og:site_name\" content=\"Ztefan\" \/>\n<meta property=\"article:publisher\" content=\"https:\/\/www.facebook.com\/ZTEFANSZCZECIN\" \/>\n<meta property=\"article:modified_time\" content=\"2024-10-16T08:47:44+00:00\" \/>\n<meta property=\"og:image\" content=\"https:\/\/www.ztefan.pl\/wp-content\/uploads\/2019\/12\/logo_www_color.png\" \/>\n\t<meta property=\"og:image:width\" content=\"182\" \/>\n\t<meta property=\"og:image:height\" content=\"90\" \/>\n\t<meta property=\"og:image:type\" content=\"image\/png\" \/>\n<meta name=\"twitter:card\" content=\"summary_large_image\" \/>\n<meta name=\"twitter:label1\" content=\"Est. reading time\" \/>\n\t<meta name=\"twitter:data1\" content=\"1 minute\" \/>\n<script type=\"application\/ld+json\" class=\"yoast-schema-graph\">{\"@context\":\"https:\/\/schema.org\",\"@graph\":[{\"@type\":\"Organization\",\"@id\":\"https:\/\/www.ztefan.pl\/#organization\",\"name\":\"ZTEFAN Piotr Stefa\u0144ski\",\"url\":\"https:\/\/www.ztefan.pl\/\",\"sameAs\":[\"https:\/\/www.facebook.com\/ZTEFANSZCZECIN\",\"https:\/\/www.instagram.com\/ztefan_torby_skorzane\/\"],\"logo\":{\"@type\":\"ImageObject\",\"@id\":\"https:\/\/www.ztefan.pl\/#logo\",\"inLanguage\":\"en-US\",\"url\":\"https:\/\/www.ztefan.pl\/wp-content\/uploads\/2019\/12\/logo_www_color.png\",\"contentUrl\":\"https:\/\/www.ztefan.pl\/wp-content\/uploads\/2019\/12\/logo_www_color.png\",\"width\":182,\"height\":90,\"caption\":\"ZTEFAN Piotr Stefa\u0144ski\"},\"image\":{\"@id\":\"https:\/\/www.ztefan.pl\/#logo\"}},{\"@type\":\"WebSite\",\"@id\":\"https:\/\/www.ztefan.pl\/#website\",\"url\":\"https:\/\/www.ztefan.pl\/\",\"name\":\"Ztefan\",\"description\":\"Sk\u00f3rzane wyroby, torby podr\u00f3\u017cne, torby sportowe , torby na laptop Szczecin\",\"publisher\":{\"@id\":\"https:\/\/www.ztefan.pl\/#organization\"},\"potentialAction\":[{\"@type\":\"SearchAction\",\"target\":{\"@type\":\"EntryPoint\",\"urlTemplate\":\"https:\/\/www.ztefan.pl\/?s={search_term_string}\"},\"query-input\":\"required name=search_term_string\"}],\"inLanguage\":\"en-US\"},{\"@type\":\"WebPage\",\"@id\":\"https:\/\/www.ztefan.pl\/koszyk\/#webpage\",\"url\":\"https:\/\/www.ztefan.pl\/koszyk\/\",\"name\":\"Koszyk - Ztefan\",\"isPartOf\":{\"@id\":\"https:\/\/www.ztefan.pl\/#website\"},\"datePublished\":\"2019-12-17T11:53:10+00:00\",\"dateModified\":\"2024-10-16T08:47:44+00:00\",\"breadcrumb\":{\"@id\":\"https:\/\/www.ztefan.pl\/koszyk\/#breadcrumb\"},\"inLanguage\":\"en-US\",\"potentialAction\":[{\"@type\":\"ReadAction\",\"target\":[\"https:\/\/www.ztefan.pl\/koszyk\/\"]}]},{\"@type\":\"BreadcrumbList\",\"@id\":\"https:\/\/www.ztefan.pl\/koszyk\/#breadcrumb\",\"itemListElement\":[{\"@type\":\"ListItem\",\"position\":1,\"name\":\"Home\",\"item\":\"https:\/\/www.ztefan.pl\/\"},{\"@type\":\"ListItem\",\"position\":2,\"name\":\"Koszyk\"}]}]}<\/script>\n<!-- \/ Yoast SEO plugin. -->","yoast_head_json":{"title":"Koszyk - Ztefan","robots":{"index":"noindex","follow":"follow"},"og_locale":"en_US","og_type":"article","og_title":"Koszyk - Ztefan","og_description":"Cart","og_url":"https:\/\/www.ztefan.pl\/koszyk\/","og_site_name":"Ztefan","article_publisher":"https:\/\/www.facebook.com\/ZTEFANSZCZECIN","article_modified_time":"2024-10-16T08:47:44+00:00","og_image":[{"width":182,"height":90,"url":"https:\/\/www.ztefan.pl\/wp-content\/uploads\/2019\/12\/logo_www_color.png","type":"image\/png"}],"twitter_card":"summary_large_image","twitter_misc":{"Est. reading time":"1 minute"},"schema":{"@context":"https:\/\/schema.org","@graph":[{"@type":"Organization","@id":"https:\/\/www.ztefan.pl\/#organization","name":"ZTEFAN Piotr Stefa\u0144ski","url":"https:\/\/www.ztefan.pl\/","sameAs":["https:\/\/www.facebook.com\/ZTEFANSZCZECIN","https:\/\/www.instagram.com\/ztefan_torby_skorzane\/"],"logo":{"@type":"ImageObject","@id":"https:\/\/www.ztefan.pl\/#logo","inLanguage":"en-US","url":"https:\/\/www.ztefan.pl\/wp-content\/uploads\/2019\/12\/logo_www_color.png","contentUrl":"https:\/\/www.ztefan.pl\/wp-content\/uploads\/2019\/12\/logo_www_color.png","width":182,"height":90,"caption":"ZTEFAN Piotr Stefa\u0144ski"},"image":{"@id":"https:\/\/www.ztefan.pl\/#logo"}},{"@type":"WebSite","@id":"https:\/\/www.ztefan.pl\/#website","url":"https:\/\/www.ztefan.pl\/","name":"Ztefan","description":"Sk\u00f3rzane wyroby, torby podr\u00f3\u017cne, torby sportowe , torby na laptop Szczecin","publisher":{"@id":"https:\/\/www.ztefan.pl\/#organization"},"potentialAction":[{"@type":"SearchAction","target":{"@type":"EntryPoint","urlTemplate":"https:\/\/www.ztefan.pl\/?s={search_term_string}"},"query-input":"required name=search_term_string"}],"inLanguage":"en-US"},{"@type":"WebPage","@id":"https:\/\/www.ztefan.pl\/koszyk\/#webpage","url":"https:\/\/www.ztefan.pl\/koszyk\/","name":"Koszyk - Ztefan","isPartOf":{"@id":"https:\/\/www.ztefan.pl\/#website"},"datePublished":"2019-12-17T11:53:10+00:00","dateModified":"2024-10-16T08:47:44+00:00","breadcrumb":{"@id":"https:\/\/www.ztefan.pl\/koszyk\/#breadcrumb"},"inLanguage":"en-US","potentialAction":[{"@type":"ReadAction","target":["https:\/\/www.ztefan.pl\/koszyk\/"]}]},{"@type":"BreadcrumbList","@id":"https:\/\/www.ztefan.pl\/koszyk\/#breadcrumb","itemListElement":[{"@type":"ListItem","position":1,"name":"Home","item":"https:\/\/www.ztefan.pl\/"},{"@type":"ListItem","position":2,"name":"Koszyk"}]}]}},"_links":{"self":[{"href":"https:\/\/www.ztefan.pl\/en\/wp-json\/wp\/v2\/pages\/67"}],"collection":[{"href":"https:\/\/www.ztefan.pl\/en\/wp-json\/wp\/v2\/pages"}],"about":[{"href":"https:\/\/www.ztefan.pl\/en\/wp-json\/wp\/v2\/types\/page"}],"author":[{"embeddable":true,"href":"https:\/\/www.ztefan.pl\/en\/wp-json\/wp\/v2\/users\/1"}],"replies":[{"embeddable":true,"href":"https:\/\/www.ztefan.pl\/en\/wp-json\/wp\/v2\/comments?post=67"}],"version-history":[{"count":0,"href":"https:\/\/www.ztefan.pl\/en\/wp-json\/wp\/v2\/pages\/67\/revisions"}],"wp:attachment":[{"href":"https:\/\/www.ztefan.pl\/en\/wp-json\/wp\/v2\/media?parent=67"}],"curies":[{"name":"wp","href":"https:\/\/api.w.org\/{rel}","templated":true}]}}