{"id":1312,"date":"2020-12-12T20:08:34","date_gmt":"2020-12-12T19:08:34","guid":{"rendered":"http:\/\/www.ztefan.pl\/?post_type=product&#038;p=1312"},"modified":"2021-11-15T18:50:18","modified_gmt":"2021-11-15T17:50:18","slug":"noz-ze-stali-damascenskiej-nm-019-w-komplecie-z-pudelkiem-z-egzotycznego-drewna","status":"publish","type":"product","link":"https:\/\/www.ztefan.pl\/en\/produkt\/noz-ze-stali-damascenskiej-nm-019-w-komplecie-z-pudelkiem-z-egzotycznego-drewna\/","title":{"rendered":"Damascus steel knife NM-019 complete with box"},"content":{"rendered":"<p>Damascus steel knife made in Pakistan<\/p>\n<p>Damascus steel was used in the Middle Ages to make white weapons.<br \/>\nIts name comes from Damascus<br \/>\nDuring the Crusades, knowledge of Damascus steel reached Europe.<\/p>","protected":false},"excerpt":{"rendered":"<p><strong>Material:<\/strong> Damascus steel.<\/p>\n<p><strong>Dimensions:<\/strong><br \/>\n<strong>Overall length:<\/strong> 21,5 cm<br \/>\n<strong>Blade length:<\/strong> 10 cm<\/p>\n<p><b>Box: <\/b>Tali wood<\/p>\n","protected":false},"featured_media":1313,"template":"","meta":[],"yoast_head":"<!-- This site is optimized with the Yoast SEO plugin v18.3 - https:\/\/yoast.com\/wordpress\/plugins\/seo\/ -->\n<title>Damascus steel knife NM-019 complete with box    - Ztefan<\/title>\n<meta name=\"robots\" content=\"index, follow, max-snippet:-1, max-image-preview:large, max-video-preview:-1\" \/>\n<link rel=\"canonical\" href=\"https:\/\/www.ztefan.pl\/en\/produkt\/noz-ze-stali-damascenskiej-nm-019-w-komplecie-z-pudelkiem-z-egzotycznego-drewna\/\" \/>\n<meta property=\"og:locale\" content=\"en_US\" \/>\n<meta property=\"og:type\" content=\"article\" \/>\n<meta property=\"og:title\" content=\"[:pl]N\u00f3\u017c ze stali damasce\u0144skiej NM-019 w komplecie z pude\u0142kiem z egzotycznego drewna [:en]Damascus steel knife NM-019 complete with box   [:] - Ztefan\" \/>\n<meta property=\"og:description\" content=\"[:pl]Materia\u0142 : stal damasce\u0144ska\u00a0 .  Wymiary: D\u0142ugo\u015b\u0107 ca\u0142kowita : 21,5 cm D\u0142ugo\u015b\u0107 ostrza : 10 cm  Pude\u0142ko : drewno Tali\u00a0[:en]Material: Damascus steel.  Dimensions: Overall length: 21,5 cm Blade length: 10 cm  Box: Tali wood[:]\" \/>\n<meta property=\"og:url\" content=\"https:\/\/www.ztefan.pl\/en\/produkt\/noz-ze-stali-damascenskiej-nm-019-w-komplecie-z-pudelkiem-z-egzotycznego-drewna\/\" \/>\n<meta property=\"og:site_name\" content=\"Ztefan\" \/>\n<meta property=\"article:publisher\" content=\"https:\/\/www.facebook.com\/ZTEFANSZCZECIN\" \/>\n<meta property=\"article:modified_time\" content=\"2021-11-15T17:50:18+00:00\" \/>\n<meta property=\"og:image\" content=\"https:\/\/www.ztefan.pl\/wp-content\/uploads\/2020\/12\/DSC06629.jpg\" \/>\n\t<meta property=\"og:image:width\" content=\"1920\" \/>\n\t<meta property=\"og:image:height\" content=\"1277\" \/>\n\t<meta property=\"og:image:type\" content=\"image\/jpeg\" \/>\n<meta name=\"twitter:card\" content=\"summary_large_image\" \/>\n<meta name=\"twitter:label1\" content=\"Est. reading time\" \/>\n\t<meta name=\"twitter:data1\" content=\"1 minute\" \/>\n<script type=\"application\/ld+json\" class=\"yoast-schema-graph\">{\"@context\":\"https:\/\/schema.org\",\"@graph\":[{\"@type\":\"Organization\",\"@id\":\"https:\/\/www.ztefan.pl\/#organization\",\"name\":\"ZTEFAN Piotr Stefa\u0144ski\",\"url\":\"https:\/\/www.ztefan.pl\/\",\"sameAs\":[\"https:\/\/www.facebook.com\/ZTEFANSZCZECIN\",\"https:\/\/www.instagram.com\/ztefan_torby_skorzane\/\"],\"logo\":{\"@type\":\"ImageObject\",\"@id\":\"https:\/\/www.ztefan.pl\/#logo\",\"inLanguage\":\"en-US\",\"url\":\"https:\/\/www.ztefan.pl\/wp-content\/uploads\/2019\/12\/logo_www_color.png\",\"contentUrl\":\"https:\/\/www.ztefan.pl\/wp-content\/uploads\/2019\/12\/logo_www_color.png\",\"width\":182,\"height\":90,\"caption\":\"ZTEFAN Piotr Stefa\u0144ski\"},\"image\":{\"@id\":\"https:\/\/www.ztefan.pl\/#logo\"}},{\"@type\":\"WebSite\",\"@id\":\"https:\/\/www.ztefan.pl\/#website\",\"url\":\"https:\/\/www.ztefan.pl\/\",\"name\":\"Ztefan\",\"description\":\"Sk\u00f3rzane wyroby, torby podr\u00f3\u017cne, torby sportowe , torby na laptop Szczecin\",\"publisher\":{\"@id\":\"https:\/\/www.ztefan.pl\/#organization\"},\"potentialAction\":[{\"@type\":\"SearchAction\",\"target\":{\"@type\":\"EntryPoint\",\"urlTemplate\":\"https:\/\/www.ztefan.pl\/?s={search_term_string}\"},\"query-input\":\"required name=search_term_string\"}],\"inLanguage\":\"en-US\"},{\"@type\":\"ImageObject\",\"@id\":\"https:\/\/www.ztefan.pl\/en\/produkt\/noz-ze-stali-damascenskiej-nm-019-w-komplecie-z-pudelkiem-z-egzotycznego-drewna\/#primaryimage\",\"inLanguage\":\"en-US\",\"url\":\"https:\/\/www.ztefan.pl\/wp-content\/uploads\/2020\/12\/DSC06629.jpg\",\"contentUrl\":\"https:\/\/www.ztefan.pl\/wp-content\/uploads\/2020\/12\/DSC06629.jpg\",\"width\":1920,\"height\":1277,\"caption\":\"n\u00f3\u017c\"},{\"@type\":\"WebPage\",\"@id\":\"https:\/\/www.ztefan.pl\/en\/produkt\/noz-ze-stali-damascenskiej-nm-019-w-komplecie-z-pudelkiem-z-egzotycznego-drewna\/#webpage\",\"url\":\"https:\/\/www.ztefan.pl\/en\/produkt\/noz-ze-stali-damascenskiej-nm-019-w-komplecie-z-pudelkiem-z-egzotycznego-drewna\/\",\"name\":\"[:pl]N\u00f3\u017c ze stali damasce\u0144skiej NM-019 w komplecie z pude\u0142kiem z egzotycznego drewna [:en]Damascus steel knife NM-019 complete with box [:] - Ztefan\",\"isPartOf\":{\"@id\":\"https:\/\/www.ztefan.pl\/#website\"},\"primaryImageOfPage\":{\"@id\":\"https:\/\/www.ztefan.pl\/en\/produkt\/noz-ze-stali-damascenskiej-nm-019-w-komplecie-z-pudelkiem-z-egzotycznego-drewna\/#primaryimage\"},\"datePublished\":\"2020-12-12T19:08:34+00:00\",\"dateModified\":\"2021-11-15T17:50:18+00:00\",\"breadcrumb\":{\"@id\":\"https:\/\/www.ztefan.pl\/en\/produkt\/noz-ze-stali-damascenskiej-nm-019-w-komplecie-z-pudelkiem-z-egzotycznego-drewna\/#breadcrumb\"},\"inLanguage\":\"en-US\",\"potentialAction\":[{\"@type\":\"ReadAction\",\"target\":[\"https:\/\/www.ztefan.pl\/en\/produkt\/noz-ze-stali-damascenskiej-nm-019-w-komplecie-z-pudelkiem-z-egzotycznego-drewna\/\"]}]},{\"@type\":\"BreadcrumbList\",\"@id\":\"https:\/\/www.ztefan.pl\/en\/produkt\/noz-ze-stali-damascenskiej-nm-019-w-komplecie-z-pudelkiem-z-egzotycznego-drewna\/#breadcrumb\",\"itemListElement\":[{\"@type\":\"ListItem\",\"position\":1,\"name\":\"Home\",\"item\":\"https:\/\/www.ztefan.pl\/\"},{\"@type\":\"ListItem\",\"position\":2,\"name\":\"Torby m\u0119skie ze sk\u00f3ry naturalnej\",\"item\":\"https:\/\/www.ztefan.pl\/sklep\/\"},{\"@type\":\"ListItem\",\"position\":3,\"name\":\"Damascus steel knife NM-019 complete with box\"}]}]}<\/script>\n<!-- \/ Yoast SEO plugin. -->","yoast_head_json":{"title":"[:pl]N\u00f3\u017c ze stali damasce\u0144skiej NM-019 w komplecie z pude\u0142kiem z egzotycznego drewna [:en]Damascus steel knife NM-019 complete with box   [:] - Ztefan","robots":{"index":"index","follow":"follow","max-snippet":"max-snippet:-1","max-image-preview":"max-image-preview:large","max-video-preview":"max-video-preview:-1"},"canonical":"https:\/\/www.ztefan.pl\/en\/produkt\/noz-ze-stali-damascenskiej-nm-019-w-komplecie-z-pudelkiem-z-egzotycznego-drewna\/","og_locale":"en_US","og_type":"article","og_title":"[:pl]N\u00f3\u017c ze stali damasce\u0144skiej NM-019 w komplecie z pude\u0142kiem z egzotycznego drewna [:en]Damascus steel knife NM-019 complete with box   [:] - Ztefan","og_description":"[:pl]Materia\u0142 : stal damasce\u0144ska\u00a0 .  Wymiary: D\u0142ugo\u015b\u0107 ca\u0142kowita : 21,5 cm D\u0142ugo\u015b\u0107 ostrza : 10 cm  Pude\u0142ko : drewno Tali\u00a0[:en]Material: Damascus steel.  Dimensions: Overall length: 21,5 cm Blade length: 10 cm  Box: Tali wood[:]","og_url":"https:\/\/www.ztefan.pl\/en\/produkt\/noz-ze-stali-damascenskiej-nm-019-w-komplecie-z-pudelkiem-z-egzotycznego-drewna\/","og_site_name":"Ztefan","article_publisher":"https:\/\/www.facebook.com\/ZTEFANSZCZECIN","article_modified_time":"2021-11-15T17:50:18+00:00","og_image":[{"width":1920,"height":1277,"url":"https:\/\/www.ztefan.pl\/wp-content\/uploads\/2020\/12\/DSC06629.jpg","type":"image\/jpeg"}],"twitter_card":"summary_large_image","twitter_misc":{"Est. reading time":"1 minute"},"schema":{"@context":"https:\/\/schema.org","@graph":[{"@type":"Organization","@id":"https:\/\/www.ztefan.pl\/#organization","name":"ZTEFAN Piotr Stefa\u0144ski","url":"https:\/\/www.ztefan.pl\/","sameAs":["https:\/\/www.facebook.com\/ZTEFANSZCZECIN","https:\/\/www.instagram.com\/ztefan_torby_skorzane\/"],"logo":{"@type":"ImageObject","@id":"https:\/\/www.ztefan.pl\/#logo","inLanguage":"en-US","url":"https:\/\/www.ztefan.pl\/wp-content\/uploads\/2019\/12\/logo_www_color.png","contentUrl":"https:\/\/www.ztefan.pl\/wp-content\/uploads\/2019\/12\/logo_www_color.png","width":182,"height":90,"caption":"ZTEFAN Piotr Stefa\u0144ski"},"image":{"@id":"https:\/\/www.ztefan.pl\/#logo"}},{"@type":"WebSite","@id":"https:\/\/www.ztefan.pl\/#website","url":"https:\/\/www.ztefan.pl\/","name":"Ztefan","description":"Sk\u00f3rzane wyroby, torby podr\u00f3\u017cne, torby sportowe , torby na laptop Szczecin","publisher":{"@id":"https:\/\/www.ztefan.pl\/#organization"},"potentialAction":[{"@type":"SearchAction","target":{"@type":"EntryPoint","urlTemplate":"https:\/\/www.ztefan.pl\/?s={search_term_string}"},"query-input":"required name=search_term_string"}],"inLanguage":"en-US"},{"@type":"ImageObject","@id":"https:\/\/www.ztefan.pl\/en\/produkt\/noz-ze-stali-damascenskiej-nm-019-w-komplecie-z-pudelkiem-z-egzotycznego-drewna\/#primaryimage","inLanguage":"en-US","url":"https:\/\/www.ztefan.pl\/wp-content\/uploads\/2020\/12\/DSC06629.jpg","contentUrl":"https:\/\/www.ztefan.pl\/wp-content\/uploads\/2020\/12\/DSC06629.jpg","width":1920,"height":1277,"caption":"n\u00f3\u017c"},{"@type":"WebPage","@id":"https:\/\/www.ztefan.pl\/en\/produkt\/noz-ze-stali-damascenskiej-nm-019-w-komplecie-z-pudelkiem-z-egzotycznego-drewna\/#webpage","url":"https:\/\/www.ztefan.pl\/en\/produkt\/noz-ze-stali-damascenskiej-nm-019-w-komplecie-z-pudelkiem-z-egzotycznego-drewna\/","name":"[:pl]N\u00f3\u017c ze stali damasce\u0144skiej NM-019 w komplecie z pude\u0142kiem z egzotycznego drewna [:en]Damascus steel knife NM-019 complete with box [:] - Ztefan","isPartOf":{"@id":"https:\/\/www.ztefan.pl\/#website"},"primaryImageOfPage":{"@id":"https:\/\/www.ztefan.pl\/en\/produkt\/noz-ze-stali-damascenskiej-nm-019-w-komplecie-z-pudelkiem-z-egzotycznego-drewna\/#primaryimage"},"datePublished":"2020-12-12T19:08:34+00:00","dateModified":"2021-11-15T17:50:18+00:00","breadcrumb":{"@id":"https:\/\/www.ztefan.pl\/en\/produkt\/noz-ze-stali-damascenskiej-nm-019-w-komplecie-z-pudelkiem-z-egzotycznego-drewna\/#breadcrumb"},"inLanguage":"en-US","potentialAction":[{"@type":"ReadAction","target":["https:\/\/www.ztefan.pl\/en\/produkt\/noz-ze-stali-damascenskiej-nm-019-w-komplecie-z-pudelkiem-z-egzotycznego-drewna\/"]}]},{"@type":"BreadcrumbList","@id":"https:\/\/www.ztefan.pl\/en\/produkt\/noz-ze-stali-damascenskiej-nm-019-w-komplecie-z-pudelkiem-z-egzotycznego-drewna\/#breadcrumb","itemListElement":[{"@type":"ListItem","position":1,"name":"Home","item":"https:\/\/www.ztefan.pl\/"},{"@type":"ListItem","position":2,"name":"Torby m\u0119skie ze sk\u00f3ry naturalnej","item":"https:\/\/www.ztefan.pl\/sklep\/"},{"@type":"ListItem","position":3,"name":"Damascus steel knife NM-019 complete with box"}]}]}},"_links":{"self":[{"href":"https:\/\/www.ztefan.pl\/en\/wp-json\/wp\/v2\/product\/1312"}],"collection":[{"href":"https:\/\/www.ztefan.pl\/en\/wp-json\/wp\/v2\/product"}],"about":[{"href":"https:\/\/www.ztefan.pl\/en\/wp-json\/wp\/v2\/types\/product"}],"wp:featuredmedia":[{"embeddable":true,"href":"https:\/\/www.ztefan.pl\/en\/wp-json\/wp\/v2\/media\/1313"}],"wp:attachment":[{"href":"https:\/\/www.ztefan.pl\/en\/wp-json\/wp\/v2\/media?parent=1312"}],"curies":[{"name":"wp","href":"https:\/\/api.w.org\/{rel}","templated":true}]}}