{"id":1431,"date":"2020-12-19T16:02:14","date_gmt":"2020-12-19T15:02:14","guid":{"rendered":"http:\/\/www.ztefan.pl\/?post_type=product&#038;p=1431"},"modified":"2021-01-06T12:03:45","modified_gmt":"2021-01-06T11:03:45","slug":"maseczki-z-naturalnej-skory-ms-01","status":"publish","type":"product","link":"https:\/\/www.ztefan.pl\/en\/produkt\/maseczki-z-naturalnej-skory-ms-01\/","title":{"rendered":"Natural leather masks MS-01"},"content":{"rendered":"<p><\/p>\n<pre id=\"tw-target-text\" class=\"tw-data-text tw-text-large XcVN5d tw-ta\" dir=\"ltr\" data-placeholder=\"T\u0142umaczenie\"><strong><span lang=\"en\">HONEY COLOR NATURAL LEATHER MASK MS-01<\/span><\/strong><\/pre>\n<p><\/p>","protected":false},"excerpt":{"rendered":"<p id=\"tw-target-text\" class=\"tw-data-text tw-text-large XcVN5d tw-ta\" dir=\"ltr\" data-placeholder=\"T\u0142umaczenie\"><span lang=\"en\">Material: natural leather <\/span><\/p>\n<p class=\"tw-data-text tw-text-large XcVN5d tw-ta\" dir=\"ltr\" data-placeholder=\"T\u0142umaczenie\"><span lang=\"en\"><strong>Color:<\/strong> honey<\/span><\/p>\n<p dir=\"ltr\" data-placeholder=\"T\u0142umaczenie\"><strong>SIZE M<\/strong><\/p>\n<p class=\"tw-data-text tw-text-large XcVN5d tw-ta\" dir=\"ltr\" data-placeholder=\"T\u0142umaczenie\"><span lang=\"en\"><strong>Dimensions:<\/strong> length (without elastics, in the middle): 22 cm <\/span><\/p>\n<p class=\"tw-data-text tw-text-large XcVN5d tw-ta\" dir=\"ltr\" data-placeholder=\"T\u0142umaczenie\"><span lang=\"en\"><strong>\u00a0 height<\/strong> (in the central point): 13 cm <\/span><\/p>\n<p class=\"tw-data-text tw-text-large XcVN5d tw-ta\" dir=\"ltr\" data-placeholder=\"T\u0142umaczenie\"><span lang=\"en\"><strong>\u00a0 length<\/strong> (with the elastic bands tight, not stretched): 34 cm<\/span><\/p>\n<p dir=\"ltr\" data-placeholder=\"T\u0142umaczenie\"><strong>SIZE L<\/strong><\/p>\n<p class=\"tw-data-text tw-text-large XcVN5d tw-ta\" dir=\"ltr\" data-placeholder=\"T\u0142umaczenie\"><span lang=\"en\"><strong>Dimensions:<\/strong> length (without elastics, in the middle): 22 cm <\/span><\/p>\n<p class=\"tw-data-text tw-text-large XcVN5d tw-ta\" dir=\"ltr\" data-placeholder=\"T\u0142umaczenie\"><span lang=\"en\"><strong>\u00a0 height<\/strong> (in the central point): 15 cm <\/span><\/p>\n<p class=\"tw-data-text tw-text-large XcVN5d tw-ta\" dir=\"ltr\" data-placeholder=\"T\u0142umaczenie\"><span lang=\"en\"><strong>\u00a0 length<\/strong> (with the elastic bands tight, not stretched): 36 cm<\/span><\/p>\n<p class=\"tw-data-text tw-text-large XcVN5d tw-ta\" dir=\"ltr\" data-placeholder=\"T\u0142umaczenie\"><span lang=\"en\"><strong>Other<\/strong>: inner pocket for additional filters <\/span><\/p>\n<p dir=\"ltr\" data-placeholder=\"T\u0142umaczenie\">When ordering, please specify the size of the mask<\/p>\n<p class=\"tw-data-text tw-text-large XcVN5d tw-ta\" dir=\"ltr\" data-placeholder=\"T\u0142umaczenie\"><span lang=\"en\">Due to hygiene reasons, the masks cannot be returned or exchanged<\/span><\/p>\n","protected":false},"featured_media":1436,"template":"","meta":[],"yoast_head":"<!-- This site is optimized with the Yoast SEO plugin v18.3 - https:\/\/yoast.com\/wordpress\/plugins\/seo\/ -->\n<title>Natural leather masks MS-01 - Ztefan<\/title>\n<meta name=\"robots\" content=\"index, follow, max-snippet:-1, max-image-preview:large, max-video-preview:-1\" \/>\n<link rel=\"canonical\" href=\"https:\/\/www.ztefan.pl\/produkt\/maseczki-z-naturalnej-skory-ms-01\/\" \/>\n<meta property=\"og:locale\" content=\"en_US\" \/>\n<meta property=\"og:type\" content=\"article\" \/>\n<meta property=\"og:title\" content=\"[:pl]Maseczki z naturalnej sk\u00f3ry MS-01 [:en]Natural leather masks MS-01[:] - Ztefan\" \/>\n<meta property=\"og:description\" content=\"[:pl]  Materia\u0142\u00a0: sk\u00f3ra naturalna  Kolor\u00a0: miodowy  Wymiary\u00a0:  &nbsp;  ROZMIAR M\u00a0  &nbsp;  d\u0142ugo\u015b\u0107 ( bez gumek , w \u015brodkowej cz\u0119\u015bci ) :\u00a022cm  wysoko\u015b\u0107 ( w centralnym punkcie ) :\u00a013 cm  d\u0142ugo\u015b\u0107 ( wraz z napi\u0119tymi , nierozci\u0105gni\u0119tymi gumkami ) :\u00a034 cm  &nbsp;   ROZMIAR L  &nbsp;  d\u0142ugo\u015b\u0107 ( bez gumek , w \u015brodkowej cz\u0119\u015bci ) :\u00a022cm  wysoko\u015b\u0107 ( w centralnym punkcie ) : 15 cm  d\u0142ugo\u015b\u0107 ( wraz z napi\u0119tymi , nierozci\u0105gni\u0119tymi gumkami ) : 36 cm   Inne\u00a0: kieszonka wewn\u0119trzna na dodatkowe filtry   &nbsp;  Przy zam\u00f3wieniu prosimy o podanie rozmiaru maseczki   Ze wzgl\u0119d\u00f3w higienicznych maseczki nie podlegaj\u0105 zwrotowi ani wymianie      &nbsp;  &nbsp;[:en]Material: natural leather  Color: honey SIZE M Dimensions: length (without elastics, in the middle): 22 cm  \u00a0 height (in the central point): 13 cm  \u00a0 length (with the elastic bands tight, not stretched): 34 cm SIZE L Dimensions: length (without elastics, in the middle): 22 cm  \u00a0 height (in the central point): 15 cm  \u00a0 length (with the elastic bands tight, not stretched): 36 cm Other: inner pocket for additional filters  When ordering, please specify the size of the mask Due to hygiene reasons, the masks cannot be returned or exchanged[:]\" \/>\n<meta property=\"og:url\" content=\"https:\/\/www.ztefan.pl\/produkt\/maseczki-z-naturalnej-skory-ms-01\/\" \/>\n<meta property=\"og:site_name\" content=\"Ztefan\" \/>\n<meta property=\"article:publisher\" content=\"https:\/\/www.facebook.com\/ZTEFANSZCZECIN\" \/>\n<meta property=\"article:modified_time\" content=\"2021-01-06T11:03:45+00:00\" \/>\n<meta property=\"og:image\" content=\"https:\/\/www.ztefan.pl\/wp-content\/uploads\/2020\/12\/DSC06860.png\" \/>\n\t<meta property=\"og:image:width\" content=\"1920\" \/>\n\t<meta property=\"og:image:height\" content=\"1276\" \/>\n\t<meta property=\"og:image:type\" content=\"image\/png\" \/>\n<meta name=\"twitter:card\" content=\"summary_large_image\" \/>\n<script type=\"application\/ld+json\" class=\"yoast-schema-graph\">{\"@context\":\"https:\/\/schema.org\",\"@graph\":[{\"@type\":\"Organization\",\"@id\":\"https:\/\/www.ztefan.pl\/#organization\",\"name\":\"ZTEFAN Piotr Stefa\u0144ski\",\"url\":\"https:\/\/www.ztefan.pl\/\",\"sameAs\":[\"https:\/\/www.facebook.com\/ZTEFANSZCZECIN\",\"https:\/\/www.instagram.com\/ztefan_torby_skorzane\/\"],\"logo\":{\"@type\":\"ImageObject\",\"@id\":\"https:\/\/www.ztefan.pl\/#logo\",\"inLanguage\":\"en-US\",\"url\":\"https:\/\/www.ztefan.pl\/wp-content\/uploads\/2019\/12\/logo_www_color.png\",\"contentUrl\":\"https:\/\/www.ztefan.pl\/wp-content\/uploads\/2019\/12\/logo_www_color.png\",\"width\":182,\"height\":90,\"caption\":\"ZTEFAN Piotr Stefa\u0144ski\"},\"image\":{\"@id\":\"https:\/\/www.ztefan.pl\/#logo\"}},{\"@type\":\"WebSite\",\"@id\":\"https:\/\/www.ztefan.pl\/#website\",\"url\":\"https:\/\/www.ztefan.pl\/\",\"name\":\"Ztefan\",\"description\":\"Sk\u00f3rzane wyroby, torby podr\u00f3\u017cne, torby sportowe , torby na laptop Szczecin\",\"publisher\":{\"@id\":\"https:\/\/www.ztefan.pl\/#organization\"},\"potentialAction\":[{\"@type\":\"SearchAction\",\"target\":{\"@type\":\"EntryPoint\",\"urlTemplate\":\"https:\/\/www.ztefan.pl\/?s={search_term_string}\"},\"query-input\":\"required name=search_term_string\"}],\"inLanguage\":\"en-US\"},{\"@type\":\"ImageObject\",\"@id\":\"https:\/\/www.ztefan.pl\/produkt\/maseczki-z-naturalnej-skory-ms-01\/#primaryimage\",\"inLanguage\":\"en-US\",\"url\":\"https:\/\/www.ztefan.pl\/wp-content\/uploads\/2020\/12\/DSC06860.png\",\"contentUrl\":\"https:\/\/www.ztefan.pl\/wp-content\/uploads\/2020\/12\/DSC06860.png\",\"width\":1920,\"height\":1276,\"caption\":\"Sk\u00f3rzana maseczka\"},{\"@type\":\"WebPage\",\"@id\":\"https:\/\/www.ztefan.pl\/produkt\/maseczki-z-naturalnej-skory-ms-01\/#webpage\",\"url\":\"https:\/\/www.ztefan.pl\/produkt\/maseczki-z-naturalnej-skory-ms-01\/\",\"name\":\"[:pl]Maseczki z naturalnej sk\u00f3ry MS-01 [:en]Natural leather masks MS-01[:] - Ztefan\",\"isPartOf\":{\"@id\":\"https:\/\/www.ztefan.pl\/#website\"},\"primaryImageOfPage\":{\"@id\":\"https:\/\/www.ztefan.pl\/produkt\/maseczki-z-naturalnej-skory-ms-01\/#primaryimage\"},\"datePublished\":\"2020-12-19T15:02:14+00:00\",\"dateModified\":\"2021-01-06T11:03:45+00:00\",\"breadcrumb\":{\"@id\":\"https:\/\/www.ztefan.pl\/produkt\/maseczki-z-naturalnej-skory-ms-01\/#breadcrumb\"},\"inLanguage\":\"en-US\",\"potentialAction\":[{\"@type\":\"ReadAction\",\"target\":[\"https:\/\/www.ztefan.pl\/produkt\/maseczki-z-naturalnej-skory-ms-01\/\"]}]},{\"@type\":\"BreadcrumbList\",\"@id\":\"https:\/\/www.ztefan.pl\/produkt\/maseczki-z-naturalnej-skory-ms-01\/#breadcrumb\",\"itemListElement\":[{\"@type\":\"ListItem\",\"position\":1,\"name\":\"Home\",\"item\":\"https:\/\/www.ztefan.pl\/\"},{\"@type\":\"ListItem\",\"position\":2,\"name\":\"Torby m\u0119skie ze sk\u00f3ry naturalnej\",\"item\":\"https:\/\/www.ztefan.pl\/sklep\/\"},{\"@type\":\"ListItem\",\"position\":3,\"name\":\"Maseczki z naturalnej sk\u00f3ry MS-01\"}]}]}<\/script>\n<!-- \/ Yoast SEO plugin. -->","yoast_head_json":{"title":"[:pl]Maseczki z naturalnej sk\u00f3ry MS-01 [:en]Natural leather masks MS-01[:] - Ztefan","robots":{"index":"index","follow":"follow","max-snippet":"max-snippet:-1","max-image-preview":"max-image-preview:large","max-video-preview":"max-video-preview:-1"},"canonical":"https:\/\/www.ztefan.pl\/produkt\/maseczki-z-naturalnej-skory-ms-01\/","og_locale":"en_US","og_type":"article","og_title":"[:pl]Maseczki z naturalnej sk\u00f3ry MS-01 [:en]Natural leather masks MS-01[:] - Ztefan","og_description":"[:pl]  Materia\u0142\u00a0: sk\u00f3ra naturalna  Kolor\u00a0: miodowy  Wymiary\u00a0:  &nbsp;  ROZMIAR M\u00a0  &nbsp;  d\u0142ugo\u015b\u0107 ( bez gumek , w \u015brodkowej cz\u0119\u015bci ) :\u00a022cm  wysoko\u015b\u0107 ( w centralnym punkcie ) :\u00a013 cm  d\u0142ugo\u015b\u0107 ( wraz z napi\u0119tymi , nierozci\u0105gni\u0119tymi gumkami ) :\u00a034 cm  &nbsp;   ROZMIAR L  &nbsp;  d\u0142ugo\u015b\u0107 ( bez gumek , w \u015brodkowej cz\u0119\u015bci ) :\u00a022cm  wysoko\u015b\u0107 ( w centralnym punkcie ) : 15 cm  d\u0142ugo\u015b\u0107 ( wraz z napi\u0119tymi , nierozci\u0105gni\u0119tymi gumkami ) : 36 cm   Inne\u00a0: kieszonka wewn\u0119trzna na dodatkowe filtry   &nbsp;  Przy zam\u00f3wieniu prosimy o podanie rozmiaru maseczki   Ze wzgl\u0119d\u00f3w higienicznych maseczki nie podlegaj\u0105 zwrotowi ani wymianie      &nbsp;  &nbsp;[:en]Material: natural leather  Color: honey SIZE M Dimensions: length (without elastics, in the middle): 22 cm  \u00a0 height (in the central point): 13 cm  \u00a0 length (with the elastic bands tight, not stretched): 34 cm SIZE L Dimensions: length (without elastics, in the middle): 22 cm  \u00a0 height (in the central point): 15 cm  \u00a0 length (with the elastic bands tight, not stretched): 36 cm Other: inner pocket for additional filters  When ordering, please specify the size of the mask Due to hygiene reasons, the masks cannot be returned or exchanged[:]","og_url":"https:\/\/www.ztefan.pl\/produkt\/maseczki-z-naturalnej-skory-ms-01\/","og_site_name":"Ztefan","article_publisher":"https:\/\/www.facebook.com\/ZTEFANSZCZECIN","article_modified_time":"2021-01-06T11:03:45+00:00","og_image":[{"width":1920,"height":1276,"url":"https:\/\/www.ztefan.pl\/wp-content\/uploads\/2020\/12\/DSC06860.png","type":"image\/png"}],"twitter_card":"summary_large_image","schema":{"@context":"https:\/\/schema.org","@graph":[{"@type":"Organization","@id":"https:\/\/www.ztefan.pl\/#organization","name":"ZTEFAN Piotr Stefa\u0144ski","url":"https:\/\/www.ztefan.pl\/","sameAs":["https:\/\/www.facebook.com\/ZTEFANSZCZECIN","https:\/\/www.instagram.com\/ztefan_torby_skorzane\/"],"logo":{"@type":"ImageObject","@id":"https:\/\/www.ztefan.pl\/#logo","inLanguage":"en-US","url":"https:\/\/www.ztefan.pl\/wp-content\/uploads\/2019\/12\/logo_www_color.png","contentUrl":"https:\/\/www.ztefan.pl\/wp-content\/uploads\/2019\/12\/logo_www_color.png","width":182,"height":90,"caption":"ZTEFAN Piotr Stefa\u0144ski"},"image":{"@id":"https:\/\/www.ztefan.pl\/#logo"}},{"@type":"WebSite","@id":"https:\/\/www.ztefan.pl\/#website","url":"https:\/\/www.ztefan.pl\/","name":"Ztefan","description":"Sk\u00f3rzane wyroby, torby podr\u00f3\u017cne, torby sportowe , torby na laptop Szczecin","publisher":{"@id":"https:\/\/www.ztefan.pl\/#organization"},"potentialAction":[{"@type":"SearchAction","target":{"@type":"EntryPoint","urlTemplate":"https:\/\/www.ztefan.pl\/?s={search_term_string}"},"query-input":"required name=search_term_string"}],"inLanguage":"en-US"},{"@type":"ImageObject","@id":"https:\/\/www.ztefan.pl\/produkt\/maseczki-z-naturalnej-skory-ms-01\/#primaryimage","inLanguage":"en-US","url":"https:\/\/www.ztefan.pl\/wp-content\/uploads\/2020\/12\/DSC06860.png","contentUrl":"https:\/\/www.ztefan.pl\/wp-content\/uploads\/2020\/12\/DSC06860.png","width":1920,"height":1276,"caption":"Sk\u00f3rzana maseczka"},{"@type":"WebPage","@id":"https:\/\/www.ztefan.pl\/produkt\/maseczki-z-naturalnej-skory-ms-01\/#webpage","url":"https:\/\/www.ztefan.pl\/produkt\/maseczki-z-naturalnej-skory-ms-01\/","name":"[:pl]Maseczki z naturalnej sk\u00f3ry MS-01 [:en]Natural leather masks MS-01[:] - Ztefan","isPartOf":{"@id":"https:\/\/www.ztefan.pl\/#website"},"primaryImageOfPage":{"@id":"https:\/\/www.ztefan.pl\/produkt\/maseczki-z-naturalnej-skory-ms-01\/#primaryimage"},"datePublished":"2020-12-19T15:02:14+00:00","dateModified":"2021-01-06T11:03:45+00:00","breadcrumb":{"@id":"https:\/\/www.ztefan.pl\/produkt\/maseczki-z-naturalnej-skory-ms-01\/#breadcrumb"},"inLanguage":"en-US","potentialAction":[{"@type":"ReadAction","target":["https:\/\/www.ztefan.pl\/produkt\/maseczki-z-naturalnej-skory-ms-01\/"]}]},{"@type":"BreadcrumbList","@id":"https:\/\/www.ztefan.pl\/produkt\/maseczki-z-naturalnej-skory-ms-01\/#breadcrumb","itemListElement":[{"@type":"ListItem","position":1,"name":"Home","item":"https:\/\/www.ztefan.pl\/"},{"@type":"ListItem","position":2,"name":"Torby m\u0119skie ze sk\u00f3ry naturalnej","item":"https:\/\/www.ztefan.pl\/sklep\/"},{"@type":"ListItem","position":3,"name":"Maseczki z naturalnej sk\u00f3ry MS-01"}]}]}},"_links":{"self":[{"href":"https:\/\/www.ztefan.pl\/en\/wp-json\/wp\/v2\/product\/1431"}],"collection":[{"href":"https:\/\/www.ztefan.pl\/en\/wp-json\/wp\/v2\/product"}],"about":[{"href":"https:\/\/www.ztefan.pl\/en\/wp-json\/wp\/v2\/types\/product"}],"wp:featuredmedia":[{"embeddable":true,"href":"https:\/\/www.ztefan.pl\/en\/wp-json\/wp\/v2\/media\/1436"}],"wp:attachment":[{"href":"https:\/\/www.ztefan.pl\/en\/wp-json\/wp\/v2\/media?parent=1431"}],"curies":[{"name":"wp","href":"https:\/\/api.w.org\/{rel}","templated":true}]}}