{"id":1471,"date":"2021-01-03T14:13:47","date_gmt":"2021-01-03T13:13:47","guid":{"rendered":"http:\/\/www.ztefan.pl\/?post_type=product&#038;p=1471"},"modified":"2021-01-09T12:52:14","modified_gmt":"2021-01-09T11:52:14","slug":"czapka-z-daszkiem-z-naturalnej-skory-cs-03","status":"publish","type":"product","link":"https:\/\/www.ztefan.pl\/en\/produkt\/czapka-z-daszkiem-z-naturalnej-skory-cs-03\/","title":{"rendered":"Natural leather cap &#8211; CS-03 pilot"},"content":{"rendered":"<p><span class=\"JLqJ4b ChMk0b\" data-language-for-alternatives=\"en\" data-language-to-translate-into=\"pl\" data-phrase-index=\"0\">Natural leather cap<\/span> <span class=\"JLqJ4b ChMk0b\" data-language-for-alternatives=\"en\" data-language-to-translate-into=\"pl\" data-phrase-index=\"2\">Size 59 cm &#8211; according to the table<\/span><\/p>\n<p><span class=\"JLqJ4b ChMk0b\" data-language-for-alternatives=\"en\" data-language-to-translate-into=\"pl\" data-phrase-index=\"4\">Cap insulated on the inside with a pleasant fur<\/span><\/p>\n<p><span class=\"JLqJ4b ChMk0b\" data-language-for-alternatives=\"en\" data-language-to-translate-into=\"pl\" data-phrase-index=\"6\">Cap length measured from the center of the head to the edge of the earpiece &#8211; earpiece: 80 cm<\/span><\/p>\n<p><span class=\"JLqJ4b ChMk0b\" data-language-for-alternatives=\"en\" data-language-to-translate-into=\"pl\" data-phrase-index=\"8\">The length of the cap through the center of the head from the peak to the end of the cap: 55 cm<\/span><\/p>\n<p>&nbsp;<\/p>","protected":false},"excerpt":{"rendered":"<p><span class=\"JLqJ4b ChMk0b\" data-language-for-alternatives=\"en\" data-language-to-translate-into=\"pl\" data-phrase-index=\"0\"><strong>Type:<\/strong> unisex<\/span><\/p>\n<p><span class=\"JLqJ4b ChMk0b\" data-language-for-alternatives=\"en\" data-language-to-translate-into=\"pl\" data-phrase-index=\"2\"><strong>Material:<\/strong> natural leather<\/span><\/p>\n<p><strong><span class=\"JLqJ4b ChMk0b\" data-language-for-alternatives=\"en\" data-language-to-translate-into=\"pl\" data-phrase-index=\"4\">Black colour<\/span> <\/strong><\/p>\n<p><span class=\"JLqJ4b ChMk0b\" data-language-for-alternatives=\"en\" data-language-to-translate-into=\"pl\" data-phrase-index=\"8\"><strong>Head circumference max:<\/strong> 59 cm<\/span><\/p>\n","protected":false},"featured_media":1492,"template":"","meta":[],"yoast_head":"<!-- This site is optimized with the Yoast SEO plugin v18.3 - https:\/\/yoast.com\/wordpress\/plugins\/seo\/ -->\n<title>Natural leather cap - CS-03 pilot - Ztefan<\/title>\n<meta name=\"robots\" content=\"index, follow, max-snippet:-1, max-image-preview:large, max-video-preview:-1\" \/>\n<link rel=\"canonical\" href=\"https:\/\/www.ztefan.pl\/produkt\/czapka-z-daszkiem-z-naturalnej-skory-cs-03\/\" \/>\n<meta property=\"og:locale\" content=\"en_US\" \/>\n<meta property=\"og:type\" content=\"article\" \/>\n<meta property=\"og:title\" content=\"[:pl]Czapka z naturalnej sk\u00f3ry -  pilotka CS-03[:en]Natural leather cap - CS-03 pilot[:] - Ztefan\" \/>\n<meta property=\"og:description\" content=\"[:pl]Typ: unisex   Materia\u0142: sk\u00f3ra naturalna Kolor czarny  Obw\u00f3d g\u0142owy max : 59 cm   [:en]Type: unisex  Material: natural leather  Black colour   Head circumference max: 59 cm[:]\" \/>\n<meta property=\"og:url\" content=\"https:\/\/www.ztefan.pl\/produkt\/czapka-z-daszkiem-z-naturalnej-skory-cs-03\/\" \/>\n<meta property=\"og:site_name\" content=\"Ztefan\" \/>\n<meta property=\"article:publisher\" content=\"https:\/\/www.facebook.com\/ZTEFANSZCZECIN\" \/>\n<meta property=\"article:modified_time\" content=\"2021-01-09T11:52:14+00:00\" \/>\n<meta property=\"og:image\" content=\"https:\/\/www.ztefan.pl\/wp-content\/uploads\/2021\/01\/1a.jpg\" \/>\n\t<meta property=\"og:image:width\" content=\"867\" \/>\n\t<meta property=\"og:image:height\" content=\"1300\" \/>\n\t<meta property=\"og:image:type\" content=\"image\/jpeg\" \/>\n<meta name=\"twitter:card\" content=\"summary_large_image\" \/>\n<meta name=\"twitter:label1\" content=\"Est. reading time\" \/>\n\t<meta name=\"twitter:data1\" content=\"1 minute\" \/>\n<script type=\"application\/ld+json\" class=\"yoast-schema-graph\">{\"@context\":\"https:\/\/schema.org\",\"@graph\":[{\"@type\":\"Organization\",\"@id\":\"https:\/\/www.ztefan.pl\/#organization\",\"name\":\"ZTEFAN Piotr Stefa\u0144ski\",\"url\":\"https:\/\/www.ztefan.pl\/\",\"sameAs\":[\"https:\/\/www.facebook.com\/ZTEFANSZCZECIN\",\"https:\/\/www.instagram.com\/ztefan_torby_skorzane\/\"],\"logo\":{\"@type\":\"ImageObject\",\"@id\":\"https:\/\/www.ztefan.pl\/#logo\",\"inLanguage\":\"en-US\",\"url\":\"https:\/\/www.ztefan.pl\/wp-content\/uploads\/2019\/12\/logo_www_color.png\",\"contentUrl\":\"https:\/\/www.ztefan.pl\/wp-content\/uploads\/2019\/12\/logo_www_color.png\",\"width\":182,\"height\":90,\"caption\":\"ZTEFAN Piotr Stefa\u0144ski\"},\"image\":{\"@id\":\"https:\/\/www.ztefan.pl\/#logo\"}},{\"@type\":\"WebSite\",\"@id\":\"https:\/\/www.ztefan.pl\/#website\",\"url\":\"https:\/\/www.ztefan.pl\/\",\"name\":\"Ztefan\",\"description\":\"Sk\u00f3rzane wyroby, torby podr\u00f3\u017cne, torby sportowe , torby na laptop Szczecin\",\"publisher\":{\"@id\":\"https:\/\/www.ztefan.pl\/#organization\"},\"potentialAction\":[{\"@type\":\"SearchAction\",\"target\":{\"@type\":\"EntryPoint\",\"urlTemplate\":\"https:\/\/www.ztefan.pl\/?s={search_term_string}\"},\"query-input\":\"required name=search_term_string\"}],\"inLanguage\":\"en-US\"},{\"@type\":\"ImageObject\",\"@id\":\"https:\/\/www.ztefan.pl\/produkt\/czapka-z-daszkiem-z-naturalnej-skory-cs-03\/#primaryimage\",\"inLanguage\":\"en-US\",\"url\":\"https:\/\/www.ztefan.pl\/wp-content\/uploads\/2021\/01\/1a.jpg\",\"contentUrl\":\"https:\/\/www.ztefan.pl\/wp-content\/uploads\/2021\/01\/1a.jpg\",\"width\":867,\"height\":1300,\"caption\":\"Sk\u00f3rzana czapka\"},{\"@type\":\"WebPage\",\"@id\":\"https:\/\/www.ztefan.pl\/produkt\/czapka-z-daszkiem-z-naturalnej-skory-cs-03\/#webpage\",\"url\":\"https:\/\/www.ztefan.pl\/produkt\/czapka-z-daszkiem-z-naturalnej-skory-cs-03\/\",\"name\":\"[:pl]Czapka z naturalnej sk\u00f3ry - pilotka CS-03[:en]Natural leather cap - CS-03 pilot[:] - Ztefan\",\"isPartOf\":{\"@id\":\"https:\/\/www.ztefan.pl\/#website\"},\"primaryImageOfPage\":{\"@id\":\"https:\/\/www.ztefan.pl\/produkt\/czapka-z-daszkiem-z-naturalnej-skory-cs-03\/#primaryimage\"},\"datePublished\":\"2021-01-03T13:13:47+00:00\",\"dateModified\":\"2021-01-09T11:52:14+00:00\",\"breadcrumb\":{\"@id\":\"https:\/\/www.ztefan.pl\/produkt\/czapka-z-daszkiem-z-naturalnej-skory-cs-03\/#breadcrumb\"},\"inLanguage\":\"en-US\",\"potentialAction\":[{\"@type\":\"ReadAction\",\"target\":[\"https:\/\/www.ztefan.pl\/produkt\/czapka-z-daszkiem-z-naturalnej-skory-cs-03\/\"]}]},{\"@type\":\"BreadcrumbList\",\"@id\":\"https:\/\/www.ztefan.pl\/produkt\/czapka-z-daszkiem-z-naturalnej-skory-cs-03\/#breadcrumb\",\"itemListElement\":[{\"@type\":\"ListItem\",\"position\":1,\"name\":\"Home\",\"item\":\"https:\/\/www.ztefan.pl\/\"},{\"@type\":\"ListItem\",\"position\":2,\"name\":\"Torby m\u0119skie ze sk\u00f3ry naturalnej\",\"item\":\"https:\/\/www.ztefan.pl\/sklep\/\"},{\"@type\":\"ListItem\",\"position\":3,\"name\":\"Czapka z naturalnej sk\u00f3ry &#8211; pilotka CS-03\"}]}]}<\/script>\n<!-- \/ Yoast SEO plugin. -->","yoast_head_json":{"title":"[:pl]Czapka z naturalnej sk\u00f3ry -  pilotka CS-03[:en]Natural leather cap - CS-03 pilot[:] - Ztefan","robots":{"index":"index","follow":"follow","max-snippet":"max-snippet:-1","max-image-preview":"max-image-preview:large","max-video-preview":"max-video-preview:-1"},"canonical":"https:\/\/www.ztefan.pl\/produkt\/czapka-z-daszkiem-z-naturalnej-skory-cs-03\/","og_locale":"en_US","og_type":"article","og_title":"[:pl]Czapka z naturalnej sk\u00f3ry -  pilotka CS-03[:en]Natural leather cap - CS-03 pilot[:] - Ztefan","og_description":"[:pl]Typ: unisex   Materia\u0142: sk\u00f3ra naturalna Kolor czarny  Obw\u00f3d g\u0142owy max : 59 cm   [:en]Type: unisex  Material: natural leather  Black colour   Head circumference max: 59 cm[:]","og_url":"https:\/\/www.ztefan.pl\/produkt\/czapka-z-daszkiem-z-naturalnej-skory-cs-03\/","og_site_name":"Ztefan","article_publisher":"https:\/\/www.facebook.com\/ZTEFANSZCZECIN","article_modified_time":"2021-01-09T11:52:14+00:00","og_image":[{"width":867,"height":1300,"url":"https:\/\/www.ztefan.pl\/wp-content\/uploads\/2021\/01\/1a.jpg","type":"image\/jpeg"}],"twitter_card":"summary_large_image","twitter_misc":{"Est. reading time":"1 minute"},"schema":{"@context":"https:\/\/schema.org","@graph":[{"@type":"Organization","@id":"https:\/\/www.ztefan.pl\/#organization","name":"ZTEFAN Piotr Stefa\u0144ski","url":"https:\/\/www.ztefan.pl\/","sameAs":["https:\/\/www.facebook.com\/ZTEFANSZCZECIN","https:\/\/www.instagram.com\/ztefan_torby_skorzane\/"],"logo":{"@type":"ImageObject","@id":"https:\/\/www.ztefan.pl\/#logo","inLanguage":"en-US","url":"https:\/\/www.ztefan.pl\/wp-content\/uploads\/2019\/12\/logo_www_color.png","contentUrl":"https:\/\/www.ztefan.pl\/wp-content\/uploads\/2019\/12\/logo_www_color.png","width":182,"height":90,"caption":"ZTEFAN Piotr Stefa\u0144ski"},"image":{"@id":"https:\/\/www.ztefan.pl\/#logo"}},{"@type":"WebSite","@id":"https:\/\/www.ztefan.pl\/#website","url":"https:\/\/www.ztefan.pl\/","name":"Ztefan","description":"Sk\u00f3rzane wyroby, torby podr\u00f3\u017cne, torby sportowe , torby na laptop Szczecin","publisher":{"@id":"https:\/\/www.ztefan.pl\/#organization"},"potentialAction":[{"@type":"SearchAction","target":{"@type":"EntryPoint","urlTemplate":"https:\/\/www.ztefan.pl\/?s={search_term_string}"},"query-input":"required name=search_term_string"}],"inLanguage":"en-US"},{"@type":"ImageObject","@id":"https:\/\/www.ztefan.pl\/produkt\/czapka-z-daszkiem-z-naturalnej-skory-cs-03\/#primaryimage","inLanguage":"en-US","url":"https:\/\/www.ztefan.pl\/wp-content\/uploads\/2021\/01\/1a.jpg","contentUrl":"https:\/\/www.ztefan.pl\/wp-content\/uploads\/2021\/01\/1a.jpg","width":867,"height":1300,"caption":"Sk\u00f3rzana czapka"},{"@type":"WebPage","@id":"https:\/\/www.ztefan.pl\/produkt\/czapka-z-daszkiem-z-naturalnej-skory-cs-03\/#webpage","url":"https:\/\/www.ztefan.pl\/produkt\/czapka-z-daszkiem-z-naturalnej-skory-cs-03\/","name":"[:pl]Czapka z naturalnej sk\u00f3ry - pilotka CS-03[:en]Natural leather cap - CS-03 pilot[:] - Ztefan","isPartOf":{"@id":"https:\/\/www.ztefan.pl\/#website"},"primaryImageOfPage":{"@id":"https:\/\/www.ztefan.pl\/produkt\/czapka-z-daszkiem-z-naturalnej-skory-cs-03\/#primaryimage"},"datePublished":"2021-01-03T13:13:47+00:00","dateModified":"2021-01-09T11:52:14+00:00","breadcrumb":{"@id":"https:\/\/www.ztefan.pl\/produkt\/czapka-z-daszkiem-z-naturalnej-skory-cs-03\/#breadcrumb"},"inLanguage":"en-US","potentialAction":[{"@type":"ReadAction","target":["https:\/\/www.ztefan.pl\/produkt\/czapka-z-daszkiem-z-naturalnej-skory-cs-03\/"]}]},{"@type":"BreadcrumbList","@id":"https:\/\/www.ztefan.pl\/produkt\/czapka-z-daszkiem-z-naturalnej-skory-cs-03\/#breadcrumb","itemListElement":[{"@type":"ListItem","position":1,"name":"Home","item":"https:\/\/www.ztefan.pl\/"},{"@type":"ListItem","position":2,"name":"Torby m\u0119skie ze sk\u00f3ry naturalnej","item":"https:\/\/www.ztefan.pl\/sklep\/"},{"@type":"ListItem","position":3,"name":"Czapka z naturalnej sk\u00f3ry &#8211; pilotka CS-03"}]}]}},"_links":{"self":[{"href":"https:\/\/www.ztefan.pl\/en\/wp-json\/wp\/v2\/product\/1471"}],"collection":[{"href":"https:\/\/www.ztefan.pl\/en\/wp-json\/wp\/v2\/product"}],"about":[{"href":"https:\/\/www.ztefan.pl\/en\/wp-json\/wp\/v2\/types\/product"}],"wp:featuredmedia":[{"embeddable":true,"href":"https:\/\/www.ztefan.pl\/en\/wp-json\/wp\/v2\/media\/1492"}],"wp:attachment":[{"href":"https:\/\/www.ztefan.pl\/en\/wp-json\/wp\/v2\/media?parent=1471"}],"curies":[{"name":"wp","href":"https:\/\/api.w.org\/{rel}","templated":true}]}}