{"id":1498,"date":"2021-01-09T19:42:52","date_gmt":"2021-01-09T18:42:52","guid":{"rendered":"http:\/\/www.ztefan.pl\/?post_type=product&#038;p=1498"},"modified":"2021-01-09T19:53:20","modified_gmt":"2021-01-09T18:53:20","slug":"ciemnobrazowa-skorzana-torba-na-laptopa-zt-30","status":"publish","type":"product","link":"https:\/\/www.ztefan.pl\/en\/produkt\/ciemnobrazowa-skorzana-torba-na-laptopa-zt-30\/","title":{"rendered":"Dark brown leather laptop bag ZT-30"},"content":{"rendered":"<p>Genuine leather laptop bag.<br \/>\nOuter pocket : 16 x 28 cm.<br \/>\nInside the main compartment there is a separate compartment for a laptop, document bag, wallet, organizer and pens.<\/p>\n<p>Adjustable, padded shoulder strap with a length of 163 cm.<\/p>","protected":false},"excerpt":{"rendered":"<p><strong>Material<\/strong>: Bufallo Vintage\u00a0 leather Dark brown full grain leather.<\/p>\n<p><strong>Category:<\/strong> For laptop<\/p>\n<p>Dimensions:<br \/>\n<strong>Length:<\/strong> 42cm<br \/>\n<strong>Height:<\/strong> 28 cm<br \/>\n<strong>Depth:<\/strong> 7,5 cm<\/p>\n<p><strong>Color:<\/strong> Vintage Dark Brown<br \/>\nBrass fittings.<\/p>\n","protected":false},"featured_media":1499,"template":"","meta":[],"yoast_head":"<!-- This site is optimized with the Yoast SEO plugin v18.3 - https:\/\/yoast.com\/wordpress\/plugins\/seo\/ -->\n<title>Dark brown leather laptop bag ZT-30 - Ztefan<\/title>\n<meta name=\"robots\" content=\"index, follow, max-snippet:-1, max-image-preview:large, max-video-preview:-1\" \/>\n<link rel=\"canonical\" href=\"https:\/\/www.ztefan.pl\/produkt\/ciemnobrazowa-skorzana-torba-na-laptopa-zt-30\/\" \/>\n<meta property=\"og:locale\" content=\"en_US\" \/>\n<meta property=\"og:type\" content=\"article\" \/>\n<meta property=\"og:title\" content=\"[:pl]Ciemnobr\u0105zowa sk\u00f3rzana torba na laptopa ZT-30[:en]Dark brown leather laptop bag ZT-30[:] - Ztefan\" \/>\n<meta property=\"og:description\" content=\"[:pl]Materia\u0142 : Vintage Ciemnobr\u0105zowa sk\u00f3ra bawola  Wymiary: D\u0142ugo\u015b\u0107: 42cm Wysoko\u015b\u0107: 28 cm G\u0142\u0119boko\u015b\u0107: 7,5 cm  Kolor: Vintage Dark Brown \u0141\u0105czniki z mosi\u0105dzu.[:en]Material: Bufallo Vintage\u00a0 leather Dark brown full grain leather.  Category: For laptop  Dimensions: Length: 42cm Height: 28 cm Depth: 7,5 cm  Color: Vintage Dark Brown Brass fittings.[:]\" \/>\n<meta property=\"og:url\" content=\"https:\/\/www.ztefan.pl\/produkt\/ciemnobrazowa-skorzana-torba-na-laptopa-zt-30\/\" \/>\n<meta property=\"og:site_name\" content=\"Ztefan\" \/>\n<meta property=\"article:publisher\" content=\"https:\/\/www.facebook.com\/ZTEFANSZCZECIN\" \/>\n<meta property=\"article:modified_time\" content=\"2021-01-09T18:53:20+00:00\" \/>\n<meta property=\"og:image\" content=\"https:\/\/www.ztefan.pl\/wp-content\/uploads\/2021\/01\/1.png\" \/>\n\t<meta property=\"og:image:width\" content=\"1920\" \/>\n\t<meta property=\"og:image:height\" content=\"1276\" \/>\n\t<meta property=\"og:image:type\" content=\"image\/png\" \/>\n<meta name=\"twitter:card\" content=\"summary_large_image\" \/>\n<script type=\"application\/ld+json\" class=\"yoast-schema-graph\">{\"@context\":\"https:\/\/schema.org\",\"@graph\":[{\"@type\":\"Organization\",\"@id\":\"https:\/\/www.ztefan.pl\/#organization\",\"name\":\"ZTEFAN Piotr Stefa\u0144ski\",\"url\":\"https:\/\/www.ztefan.pl\/\",\"sameAs\":[\"https:\/\/www.facebook.com\/ZTEFANSZCZECIN\",\"https:\/\/www.instagram.com\/ztefan_torby_skorzane\/\"],\"logo\":{\"@type\":\"ImageObject\",\"@id\":\"https:\/\/www.ztefan.pl\/#logo\",\"inLanguage\":\"en-US\",\"url\":\"https:\/\/www.ztefan.pl\/wp-content\/uploads\/2019\/12\/logo_www_color.png\",\"contentUrl\":\"https:\/\/www.ztefan.pl\/wp-content\/uploads\/2019\/12\/logo_www_color.png\",\"width\":182,\"height\":90,\"caption\":\"ZTEFAN Piotr Stefa\u0144ski\"},\"image\":{\"@id\":\"https:\/\/www.ztefan.pl\/#logo\"}},{\"@type\":\"WebSite\",\"@id\":\"https:\/\/www.ztefan.pl\/#website\",\"url\":\"https:\/\/www.ztefan.pl\/\",\"name\":\"Ztefan\",\"description\":\"Sk\u00f3rzane wyroby, torby podr\u00f3\u017cne, torby sportowe , torby na laptop Szczecin\",\"publisher\":{\"@id\":\"https:\/\/www.ztefan.pl\/#organization\"},\"potentialAction\":[{\"@type\":\"SearchAction\",\"target\":{\"@type\":\"EntryPoint\",\"urlTemplate\":\"https:\/\/www.ztefan.pl\/?s={search_term_string}\"},\"query-input\":\"required name=search_term_string\"}],\"inLanguage\":\"en-US\"},{\"@type\":\"ImageObject\",\"@id\":\"https:\/\/www.ztefan.pl\/produkt\/ciemnobrazowa-skorzana-torba-na-laptopa-zt-30\/#primaryimage\",\"inLanguage\":\"en-US\",\"url\":\"https:\/\/www.ztefan.pl\/wp-content\/uploads\/2021\/01\/1.png\",\"contentUrl\":\"https:\/\/www.ztefan.pl\/wp-content\/uploads\/2021\/01\/1.png\",\"width\":1920,\"height\":1276,\"caption\":\"Sk\u00f3rzana torba\"},{\"@type\":\"WebPage\",\"@id\":\"https:\/\/www.ztefan.pl\/produkt\/ciemnobrazowa-skorzana-torba-na-laptopa-zt-30\/#webpage\",\"url\":\"https:\/\/www.ztefan.pl\/produkt\/ciemnobrazowa-skorzana-torba-na-laptopa-zt-30\/\",\"name\":\"[:pl]Ciemnobr\u0105zowa sk\u00f3rzana torba na laptopa ZT-30[:en]Dark brown leather laptop bag ZT-30[:] - Ztefan\",\"isPartOf\":{\"@id\":\"https:\/\/www.ztefan.pl\/#website\"},\"primaryImageOfPage\":{\"@id\":\"https:\/\/www.ztefan.pl\/produkt\/ciemnobrazowa-skorzana-torba-na-laptopa-zt-30\/#primaryimage\"},\"datePublished\":\"2021-01-09T18:42:52+00:00\",\"dateModified\":\"2021-01-09T18:53:20+00:00\",\"breadcrumb\":{\"@id\":\"https:\/\/www.ztefan.pl\/produkt\/ciemnobrazowa-skorzana-torba-na-laptopa-zt-30\/#breadcrumb\"},\"inLanguage\":\"en-US\",\"potentialAction\":[{\"@type\":\"ReadAction\",\"target\":[\"https:\/\/www.ztefan.pl\/produkt\/ciemnobrazowa-skorzana-torba-na-laptopa-zt-30\/\"]}]},{\"@type\":\"BreadcrumbList\",\"@id\":\"https:\/\/www.ztefan.pl\/produkt\/ciemnobrazowa-skorzana-torba-na-laptopa-zt-30\/#breadcrumb\",\"itemListElement\":[{\"@type\":\"ListItem\",\"position\":1,\"name\":\"Home\",\"item\":\"https:\/\/www.ztefan.pl\/\"},{\"@type\":\"ListItem\",\"position\":2,\"name\":\"Torby m\u0119skie ze sk\u00f3ry naturalnej\",\"item\":\"https:\/\/www.ztefan.pl\/sklep\/\"},{\"@type\":\"ListItem\",\"position\":3,\"name\":\"Ciemnobr\u0105zowa sk\u00f3rzana torba na laptopa ZT-30\"}]}]}<\/script>\n<!-- \/ Yoast SEO plugin. -->","yoast_head_json":{"title":"[:pl]Ciemnobr\u0105zowa sk\u00f3rzana torba na laptopa ZT-30[:en]Dark brown leather laptop bag ZT-30[:] - Ztefan","robots":{"index":"index","follow":"follow","max-snippet":"max-snippet:-1","max-image-preview":"max-image-preview:large","max-video-preview":"max-video-preview:-1"},"canonical":"https:\/\/www.ztefan.pl\/produkt\/ciemnobrazowa-skorzana-torba-na-laptopa-zt-30\/","og_locale":"en_US","og_type":"article","og_title":"[:pl]Ciemnobr\u0105zowa sk\u00f3rzana torba na laptopa ZT-30[:en]Dark brown leather laptop bag ZT-30[:] - Ztefan","og_description":"[:pl]Materia\u0142 : Vintage Ciemnobr\u0105zowa sk\u00f3ra bawola  Wymiary: D\u0142ugo\u015b\u0107: 42cm Wysoko\u015b\u0107: 28 cm G\u0142\u0119boko\u015b\u0107: 7,5 cm  Kolor: Vintage Dark Brown \u0141\u0105czniki z mosi\u0105dzu.[:en]Material: Bufallo Vintage\u00a0 leather Dark brown full grain leather.  Category: For laptop  Dimensions: Length: 42cm Height: 28 cm Depth: 7,5 cm  Color: Vintage Dark Brown Brass fittings.[:]","og_url":"https:\/\/www.ztefan.pl\/produkt\/ciemnobrazowa-skorzana-torba-na-laptopa-zt-30\/","og_site_name":"Ztefan","article_publisher":"https:\/\/www.facebook.com\/ZTEFANSZCZECIN","article_modified_time":"2021-01-09T18:53:20+00:00","og_image":[{"width":1920,"height":1276,"url":"https:\/\/www.ztefan.pl\/wp-content\/uploads\/2021\/01\/1.png","type":"image\/png"}],"twitter_card":"summary_large_image","schema":{"@context":"https:\/\/schema.org","@graph":[{"@type":"Organization","@id":"https:\/\/www.ztefan.pl\/#organization","name":"ZTEFAN Piotr Stefa\u0144ski","url":"https:\/\/www.ztefan.pl\/","sameAs":["https:\/\/www.facebook.com\/ZTEFANSZCZECIN","https:\/\/www.instagram.com\/ztefan_torby_skorzane\/"],"logo":{"@type":"ImageObject","@id":"https:\/\/www.ztefan.pl\/#logo","inLanguage":"en-US","url":"https:\/\/www.ztefan.pl\/wp-content\/uploads\/2019\/12\/logo_www_color.png","contentUrl":"https:\/\/www.ztefan.pl\/wp-content\/uploads\/2019\/12\/logo_www_color.png","width":182,"height":90,"caption":"ZTEFAN Piotr Stefa\u0144ski"},"image":{"@id":"https:\/\/www.ztefan.pl\/#logo"}},{"@type":"WebSite","@id":"https:\/\/www.ztefan.pl\/#website","url":"https:\/\/www.ztefan.pl\/","name":"Ztefan","description":"Sk\u00f3rzane wyroby, torby podr\u00f3\u017cne, torby sportowe , torby na laptop Szczecin","publisher":{"@id":"https:\/\/www.ztefan.pl\/#organization"},"potentialAction":[{"@type":"SearchAction","target":{"@type":"EntryPoint","urlTemplate":"https:\/\/www.ztefan.pl\/?s={search_term_string}"},"query-input":"required name=search_term_string"}],"inLanguage":"en-US"},{"@type":"ImageObject","@id":"https:\/\/www.ztefan.pl\/produkt\/ciemnobrazowa-skorzana-torba-na-laptopa-zt-30\/#primaryimage","inLanguage":"en-US","url":"https:\/\/www.ztefan.pl\/wp-content\/uploads\/2021\/01\/1.png","contentUrl":"https:\/\/www.ztefan.pl\/wp-content\/uploads\/2021\/01\/1.png","width":1920,"height":1276,"caption":"Sk\u00f3rzana torba"},{"@type":"WebPage","@id":"https:\/\/www.ztefan.pl\/produkt\/ciemnobrazowa-skorzana-torba-na-laptopa-zt-30\/#webpage","url":"https:\/\/www.ztefan.pl\/produkt\/ciemnobrazowa-skorzana-torba-na-laptopa-zt-30\/","name":"[:pl]Ciemnobr\u0105zowa sk\u00f3rzana torba na laptopa ZT-30[:en]Dark brown leather laptop bag ZT-30[:] - Ztefan","isPartOf":{"@id":"https:\/\/www.ztefan.pl\/#website"},"primaryImageOfPage":{"@id":"https:\/\/www.ztefan.pl\/produkt\/ciemnobrazowa-skorzana-torba-na-laptopa-zt-30\/#primaryimage"},"datePublished":"2021-01-09T18:42:52+00:00","dateModified":"2021-01-09T18:53:20+00:00","breadcrumb":{"@id":"https:\/\/www.ztefan.pl\/produkt\/ciemnobrazowa-skorzana-torba-na-laptopa-zt-30\/#breadcrumb"},"inLanguage":"en-US","potentialAction":[{"@type":"ReadAction","target":["https:\/\/www.ztefan.pl\/produkt\/ciemnobrazowa-skorzana-torba-na-laptopa-zt-30\/"]}]},{"@type":"BreadcrumbList","@id":"https:\/\/www.ztefan.pl\/produkt\/ciemnobrazowa-skorzana-torba-na-laptopa-zt-30\/#breadcrumb","itemListElement":[{"@type":"ListItem","position":1,"name":"Home","item":"https:\/\/www.ztefan.pl\/"},{"@type":"ListItem","position":2,"name":"Torby m\u0119skie ze sk\u00f3ry naturalnej","item":"https:\/\/www.ztefan.pl\/sklep\/"},{"@type":"ListItem","position":3,"name":"Ciemnobr\u0105zowa sk\u00f3rzana torba na laptopa ZT-30"}]}]}},"_links":{"self":[{"href":"https:\/\/www.ztefan.pl\/en\/wp-json\/wp\/v2\/product\/1498"}],"collection":[{"href":"https:\/\/www.ztefan.pl\/en\/wp-json\/wp\/v2\/product"}],"about":[{"href":"https:\/\/www.ztefan.pl\/en\/wp-json\/wp\/v2\/types\/product"}],"wp:featuredmedia":[{"embeddable":true,"href":"https:\/\/www.ztefan.pl\/en\/wp-json\/wp\/v2\/media\/1499"}],"wp:attachment":[{"href":"https:\/\/www.ztefan.pl\/en\/wp-json\/wp\/v2\/media?parent=1498"}],"curies":[{"name":"wp","href":"https:\/\/api.w.org\/{rel}","templated":true}]}}