{"id":1537,"date":"2021-01-17T10:48:33","date_gmt":"2021-01-17T09:48:33","guid":{"rendered":"http:\/\/www.ztefan.pl\/?post_type=product&#038;p=1537"},"modified":"2022-12-05T20:55:49","modified_gmt":"2022-12-05T19:55:49","slug":"brazowa-skorzana-torba-na-laptopa-zt-33","status":"publish","type":"product","link":"https:\/\/www.ztefan.pl\/en\/produkt\/brazowa-skorzana-torba-na-laptopa-zt-33\/","title":{"rendered":"ZT-33 brown leather laptop bag"},"content":{"rendered":"<p><span class=\"JLqJ4b ChMk0b\" data-language-for-alternatives=\"en\" data-language-to-translate-into=\"pl\" data-phrase-index=\"0\">Genuine buffalo leather laptop bag.<\/span><\/p>\n<p><span class=\"JLqJ4b ChMk0b\" data-language-for-alternatives=\"en\" data-language-to-translate-into=\"pl\" data-phrase-index=\"2\">Two outer pockets with dimensions of 25 x 31 cm<\/span><\/p>\n<p><span class=\"JLqJ4b ChMk0b\" data-language-for-alternatives=\"en\" data-language-to-translate-into=\"pl\" data-phrase-index=\"4\">External zippered pocket measuring 16 x 23 cm<\/span><\/p>\n<p><span class=\"JLqJ4b ChMk0b\" data-language-for-alternatives=\"en\" data-language-to-translate-into=\"pl\" data-phrase-index=\"6\">Inside the main compartment there is a separate compartment with a zipper for documents, wallet, organizer<\/span><\/p>\n<p><span class=\"JLqJ4b ChMk0b\" data-language-for-alternatives=\"en\" data-language-to-translate-into=\"pl\" data-phrase-index=\"8\">Internal pockets for a phone, wallet, pens<\/span><\/p>\n<p><span class=\"JLqJ4b ChMk0b\" data-language-for-alternatives=\"en\" data-language-to-translate-into=\"pl\" data-phrase-index=\"10\">Adjustable, padded shoulder strap with a maximum length of 150 cm.<\/span><\/p>","protected":false},"excerpt":{"rendered":"<p><strong>Material<\/strong>: Bufallo leather<\/p>\n<p><strong>Category:<\/strong> For laptop<\/p>\n<p>Dimensions:<br \/>\n<strong>Length:<\/strong> 37 cm<br \/>\n<strong>Height:<\/strong> 28 cm<br \/>\n<strong>Depth:<\/strong> 7 cm<\/p>\n<p><strong>Color:<\/strong> Vintage Brown<br \/>\nBrass fittings.<\/p>\n","protected":false},"featured_media":1538,"template":"","meta":[],"yoast_head":"<!-- This site is optimized with the Yoast SEO plugin v18.3 - https:\/\/yoast.com\/wordpress\/plugins\/seo\/ -->\n<title>ZT-33 brown leather laptop bag - Ztefan<\/title>\n<meta name=\"robots\" content=\"index, follow, max-snippet:-1, max-image-preview:large, max-video-preview:-1\" \/>\n<link rel=\"canonical\" href=\"https:\/\/www.ztefan.pl\/produkt\/brazowa-skorzana-torba-na-laptopa-zt-33\/\" \/>\n<meta property=\"og:locale\" content=\"en_US\" \/>\n<meta property=\"og:type\" content=\"article\" \/>\n<meta property=\"og:title\" content=\"[:pl]Br\u0105zowa sk\u00f3rzana torba na laptopa ZT-33[:en]ZT-33 brown leather laptop bag[:] - Ztefan\" \/>\n<meta property=\"og:description\" content=\"[:pl]Materia\u0142 : Sk\u00f3ra bawola .  Wymiary: D\u0142ugo\u015b\u0107: 37 cm Wysoko\u015b\u0107: 28 cm G\u0142\u0119boko\u015b\u0107: 7 cm  Kolor: Vintage Dark Brown \u0141\u0105czniki z mosi\u0105dzu.[:en]Material: Bufallo leather  Category: For laptop  Dimensions: Length: 37 cm Height: 28 cm Depth: 7 cm  Color: Vintage Brown Brass fittings.[:]\" \/>\n<meta property=\"og:url\" content=\"https:\/\/www.ztefan.pl\/produkt\/brazowa-skorzana-torba-na-laptopa-zt-33\/\" \/>\n<meta property=\"og:site_name\" content=\"Ztefan\" \/>\n<meta property=\"article:publisher\" content=\"https:\/\/www.facebook.com\/ZTEFANSZCZECIN\" \/>\n<meta property=\"article:modified_time\" content=\"2022-12-05T19:55:49+00:00\" \/>\n<meta property=\"og:image\" content=\"https:\/\/www.ztefan.pl\/wp-content\/uploads\/2021\/01\/6-2.jpg\" \/>\n\t<meta property=\"og:image:width\" content=\"1817\" \/>\n\t<meta property=\"og:image:height\" content=\"1300\" \/>\n\t<meta property=\"og:image:type\" content=\"image\/jpeg\" \/>\n<meta name=\"twitter:card\" content=\"summary_large_image\" \/>\n<meta name=\"twitter:label1\" content=\"Est. reading time\" \/>\n\t<meta name=\"twitter:data1\" content=\"1 minute\" \/>\n<script type=\"application\/ld+json\" class=\"yoast-schema-graph\">{\"@context\":\"https:\/\/schema.org\",\"@graph\":[{\"@type\":\"Organization\",\"@id\":\"https:\/\/www.ztefan.pl\/#organization\",\"name\":\"ZTEFAN Piotr Stefa\u0144ski\",\"url\":\"https:\/\/www.ztefan.pl\/\",\"sameAs\":[\"https:\/\/www.facebook.com\/ZTEFANSZCZECIN\",\"https:\/\/www.instagram.com\/ztefan_torby_skorzane\/\"],\"logo\":{\"@type\":\"ImageObject\",\"@id\":\"https:\/\/www.ztefan.pl\/#logo\",\"inLanguage\":\"en-US\",\"url\":\"https:\/\/www.ztefan.pl\/wp-content\/uploads\/2019\/12\/logo_www_color.png\",\"contentUrl\":\"https:\/\/www.ztefan.pl\/wp-content\/uploads\/2019\/12\/logo_www_color.png\",\"width\":182,\"height\":90,\"caption\":\"ZTEFAN Piotr Stefa\u0144ski\"},\"image\":{\"@id\":\"https:\/\/www.ztefan.pl\/#logo\"}},{\"@type\":\"WebSite\",\"@id\":\"https:\/\/www.ztefan.pl\/#website\",\"url\":\"https:\/\/www.ztefan.pl\/\",\"name\":\"Ztefan\",\"description\":\"Sk\u00f3rzane wyroby, torby podr\u00f3\u017cne, torby sportowe , torby na laptop Szczecin\",\"publisher\":{\"@id\":\"https:\/\/www.ztefan.pl\/#organization\"},\"potentialAction\":[{\"@type\":\"SearchAction\",\"target\":{\"@type\":\"EntryPoint\",\"urlTemplate\":\"https:\/\/www.ztefan.pl\/?s={search_term_string}\"},\"query-input\":\"required name=search_term_string\"}],\"inLanguage\":\"en-US\"},{\"@type\":\"ImageObject\",\"@id\":\"https:\/\/www.ztefan.pl\/produkt\/brazowa-skorzana-torba-na-laptopa-zt-33\/#primaryimage\",\"inLanguage\":\"en-US\",\"url\":\"https:\/\/www.ztefan.pl\/wp-content\/uploads\/2021\/01\/6-2.jpg\",\"contentUrl\":\"https:\/\/www.ztefan.pl\/wp-content\/uploads\/2021\/01\/6-2.jpg\",\"width\":1817,\"height\":1300,\"caption\":\"Sk\u00f3rzana torba\"},{\"@type\":\"WebPage\",\"@id\":\"https:\/\/www.ztefan.pl\/produkt\/brazowa-skorzana-torba-na-laptopa-zt-33\/#webpage\",\"url\":\"https:\/\/www.ztefan.pl\/produkt\/brazowa-skorzana-torba-na-laptopa-zt-33\/\",\"name\":\"[:pl]Br\u0105zowa sk\u00f3rzana torba na laptopa ZT-33[:en]ZT-33 brown leather laptop bag[:] - Ztefan\",\"isPartOf\":{\"@id\":\"https:\/\/www.ztefan.pl\/#website\"},\"primaryImageOfPage\":{\"@id\":\"https:\/\/www.ztefan.pl\/produkt\/brazowa-skorzana-torba-na-laptopa-zt-33\/#primaryimage\"},\"datePublished\":\"2021-01-17T09:48:33+00:00\",\"dateModified\":\"2022-12-05T19:55:49+00:00\",\"breadcrumb\":{\"@id\":\"https:\/\/www.ztefan.pl\/produkt\/brazowa-skorzana-torba-na-laptopa-zt-33\/#breadcrumb\"},\"inLanguage\":\"en-US\",\"potentialAction\":[{\"@type\":\"ReadAction\",\"target\":[\"https:\/\/www.ztefan.pl\/produkt\/brazowa-skorzana-torba-na-laptopa-zt-33\/\"]}]},{\"@type\":\"BreadcrumbList\",\"@id\":\"https:\/\/www.ztefan.pl\/produkt\/brazowa-skorzana-torba-na-laptopa-zt-33\/#breadcrumb\",\"itemListElement\":[{\"@type\":\"ListItem\",\"position\":1,\"name\":\"Home\",\"item\":\"https:\/\/www.ztefan.pl\/\"},{\"@type\":\"ListItem\",\"position\":2,\"name\":\"Torby m\u0119skie ze sk\u00f3ry naturalnej\",\"item\":\"https:\/\/www.ztefan.pl\/sklep\/\"},{\"@type\":\"ListItem\",\"position\":3,\"name\":\"Br\u0105zowa sk\u00f3rzana torba na laptopa ZT-33\"}]}]}<\/script>\n<!-- \/ Yoast SEO plugin. -->","yoast_head_json":{"title":"[:pl]Br\u0105zowa sk\u00f3rzana torba na laptopa ZT-33[:en]ZT-33 brown leather laptop bag[:] - Ztefan","robots":{"index":"index","follow":"follow","max-snippet":"max-snippet:-1","max-image-preview":"max-image-preview:large","max-video-preview":"max-video-preview:-1"},"canonical":"https:\/\/www.ztefan.pl\/produkt\/brazowa-skorzana-torba-na-laptopa-zt-33\/","og_locale":"en_US","og_type":"article","og_title":"[:pl]Br\u0105zowa sk\u00f3rzana torba na laptopa ZT-33[:en]ZT-33 brown leather laptop bag[:] - Ztefan","og_description":"[:pl]Materia\u0142 : Sk\u00f3ra bawola .  Wymiary: D\u0142ugo\u015b\u0107: 37 cm Wysoko\u015b\u0107: 28 cm G\u0142\u0119boko\u015b\u0107: 7 cm  Kolor: Vintage Dark Brown \u0141\u0105czniki z mosi\u0105dzu.[:en]Material: Bufallo leather  Category: For laptop  Dimensions: Length: 37 cm Height: 28 cm Depth: 7 cm  Color: Vintage Brown Brass fittings.[:]","og_url":"https:\/\/www.ztefan.pl\/produkt\/brazowa-skorzana-torba-na-laptopa-zt-33\/","og_site_name":"Ztefan","article_publisher":"https:\/\/www.facebook.com\/ZTEFANSZCZECIN","article_modified_time":"2022-12-05T19:55:49+00:00","og_image":[{"width":1817,"height":1300,"url":"https:\/\/www.ztefan.pl\/wp-content\/uploads\/2021\/01\/6-2.jpg","type":"image\/jpeg"}],"twitter_card":"summary_large_image","twitter_misc":{"Est. reading time":"1 minute"},"schema":{"@context":"https:\/\/schema.org","@graph":[{"@type":"Organization","@id":"https:\/\/www.ztefan.pl\/#organization","name":"ZTEFAN Piotr Stefa\u0144ski","url":"https:\/\/www.ztefan.pl\/","sameAs":["https:\/\/www.facebook.com\/ZTEFANSZCZECIN","https:\/\/www.instagram.com\/ztefan_torby_skorzane\/"],"logo":{"@type":"ImageObject","@id":"https:\/\/www.ztefan.pl\/#logo","inLanguage":"en-US","url":"https:\/\/www.ztefan.pl\/wp-content\/uploads\/2019\/12\/logo_www_color.png","contentUrl":"https:\/\/www.ztefan.pl\/wp-content\/uploads\/2019\/12\/logo_www_color.png","width":182,"height":90,"caption":"ZTEFAN Piotr Stefa\u0144ski"},"image":{"@id":"https:\/\/www.ztefan.pl\/#logo"}},{"@type":"WebSite","@id":"https:\/\/www.ztefan.pl\/#website","url":"https:\/\/www.ztefan.pl\/","name":"Ztefan","description":"Sk\u00f3rzane wyroby, torby podr\u00f3\u017cne, torby sportowe , torby na laptop Szczecin","publisher":{"@id":"https:\/\/www.ztefan.pl\/#organization"},"potentialAction":[{"@type":"SearchAction","target":{"@type":"EntryPoint","urlTemplate":"https:\/\/www.ztefan.pl\/?s={search_term_string}"},"query-input":"required name=search_term_string"}],"inLanguage":"en-US"},{"@type":"ImageObject","@id":"https:\/\/www.ztefan.pl\/produkt\/brazowa-skorzana-torba-na-laptopa-zt-33\/#primaryimage","inLanguage":"en-US","url":"https:\/\/www.ztefan.pl\/wp-content\/uploads\/2021\/01\/6-2.jpg","contentUrl":"https:\/\/www.ztefan.pl\/wp-content\/uploads\/2021\/01\/6-2.jpg","width":1817,"height":1300,"caption":"Sk\u00f3rzana torba"},{"@type":"WebPage","@id":"https:\/\/www.ztefan.pl\/produkt\/brazowa-skorzana-torba-na-laptopa-zt-33\/#webpage","url":"https:\/\/www.ztefan.pl\/produkt\/brazowa-skorzana-torba-na-laptopa-zt-33\/","name":"[:pl]Br\u0105zowa sk\u00f3rzana torba na laptopa ZT-33[:en]ZT-33 brown leather laptop bag[:] - Ztefan","isPartOf":{"@id":"https:\/\/www.ztefan.pl\/#website"},"primaryImageOfPage":{"@id":"https:\/\/www.ztefan.pl\/produkt\/brazowa-skorzana-torba-na-laptopa-zt-33\/#primaryimage"},"datePublished":"2021-01-17T09:48:33+00:00","dateModified":"2022-12-05T19:55:49+00:00","breadcrumb":{"@id":"https:\/\/www.ztefan.pl\/produkt\/brazowa-skorzana-torba-na-laptopa-zt-33\/#breadcrumb"},"inLanguage":"en-US","potentialAction":[{"@type":"ReadAction","target":["https:\/\/www.ztefan.pl\/produkt\/brazowa-skorzana-torba-na-laptopa-zt-33\/"]}]},{"@type":"BreadcrumbList","@id":"https:\/\/www.ztefan.pl\/produkt\/brazowa-skorzana-torba-na-laptopa-zt-33\/#breadcrumb","itemListElement":[{"@type":"ListItem","position":1,"name":"Home","item":"https:\/\/www.ztefan.pl\/"},{"@type":"ListItem","position":2,"name":"Torby m\u0119skie ze sk\u00f3ry naturalnej","item":"https:\/\/www.ztefan.pl\/sklep\/"},{"@type":"ListItem","position":3,"name":"Br\u0105zowa sk\u00f3rzana torba na laptopa ZT-33"}]}]}},"_links":{"self":[{"href":"https:\/\/www.ztefan.pl\/en\/wp-json\/wp\/v2\/product\/1537"}],"collection":[{"href":"https:\/\/www.ztefan.pl\/en\/wp-json\/wp\/v2\/product"}],"about":[{"href":"https:\/\/www.ztefan.pl\/en\/wp-json\/wp\/v2\/types\/product"}],"wp:featuredmedia":[{"embeddable":true,"href":"https:\/\/www.ztefan.pl\/en\/wp-json\/wp\/v2\/media\/1538"}],"wp:attachment":[{"href":"https:\/\/www.ztefan.pl\/en\/wp-json\/wp\/v2\/media?parent=1537"}],"curies":[{"name":"wp","href":"https:\/\/api.w.org\/{rel}","templated":true}]}}