{"id":2033,"date":"2021-05-31T22:47:12","date_gmt":"2021-05-31T20:47:12","guid":{"rendered":"http:\/\/www.ztefan.pl\/?post_type=product&#038;p=2033"},"modified":"2023-04-23T12:19:04","modified_gmt":"2023-04-23T10:19:04","slug":"torba-weekendowa-z-prawdziwej-skory-zt-36","status":"publish","type":"product","link":"https:\/\/www.ztefan.pl\/en\/produkt\/torba-weekendowa-z-prawdziwej-skory-zt-36\/","title":{"rendered":"Hunter Brown ZT-36"},"content":{"rendered":"<p><span class=\"VIiyi\" lang=\"en\"><span class=\"JLqJ4b ChMk0b\" data-language-for-alternatives=\"en\" data-language-to-translate-into=\"pl\" data-phrase-index=\"0\">Leather weekend bag in Hunter Brown color.<\/span> <\/span><\/p>\n<p><span class=\"VIiyi\" lang=\"en\"><span class=\"JLqJ4b ChMk0b\" data-language-for-alternatives=\"en\" data-language-to-translate-into=\"pl\" data-phrase-index=\"2\">The bag has a U-shaped main pocket, which gives access to all its corners.<\/span> <\/span><\/p>\n<p><span class=\"VIiyi\" lang=\"en\"><span class=\"JLqJ4b ChMk0b\" data-language-for-alternatives=\"en\" data-language-to-translate-into=\"pl\" data-phrase-index=\"4\">The shape and size of the pockets make it easy to carry and take things out of the bag.<\/span> <\/span><\/p>\n<p><span class=\"VIiyi\" lang=\"en\"><span class=\"JLqJ4b ChMk0b\" data-language-for-alternatives=\"en\" data-language-to-translate-into=\"pl\" data-phrase-index=\"6\">The bottom of the bag is protected against scratches with metal studs.<\/span> <\/span><\/p>\n<p><span class=\"VIiyi\" lang=\"en\"><span class=\"JLqJ4b ChMk0b\" data-language-for-alternatives=\"en\" data-language-to-translate-into=\"pl\" data-phrase-index=\"8\">Two outer side pockets to store useful items<\/span> <\/span><\/p>\n<p><span class=\"VIiyi\" lang=\"en\"><span class=\"JLqJ4b ChMk0b\" data-language-for-alternatives=\"en\" data-language-to-translate-into=\"pl\" data-phrase-index=\"10\">Adjustable, padded shoulder strap, length: 115 &#8211; 140 cm.<\/span><\/span><\/p>","protected":false},"excerpt":{"rendered":"<div class=\"ccvoYb\">\n<div class=\"AxqVh\">\n<div class=\"OPPzxe\">\n<div class=\"dePhmb\">\n<div class=\"eyKpYb\" data-language=\"en\" data-original-language=\"pl\" data-result-index=\"0\"><\/div>\n<\/div>\n<div class=\"ZyvIDe\">\n<div class=\"a8FIud X0rvP\" data-apply-responsive-style=\"true\" data-classes=\"\" data-initial-source-text-length=\"123\" data-saved-translation-limit-reached=\"false\">\n<div data-show-delay-ms=\"250\" data-append-to-body=\"false\" data-propagate-tooltip-mouseover-events=\"true\" data-anchor-corner=\"bottom-end\" data-popup-corner=\"top-end\">\n<div><span class=\"VIiyi\" lang=\"en\"><span class=\"JLqJ4b ChMk0b\" data-language-for-alternatives=\"en\" data-language-to-translate-into=\"pl\" data-phrase-index=\"0\"><strong>Material:<\/strong> buffalo leather.<\/span><\/span><\/div>\n<div><strong><span class=\"VIiyi\" lang=\"en\"><span class=\"JLqJ4b ChMk0b\" data-language-for-alternatives=\"en\" data-language-to-translate-into=\"pl\" data-phrase-index=\"2\">Dimensions:<\/span> <\/span><\/strong><\/div>\n<div><span class=\"VIiyi\" lang=\"en\"><span class=\"JLqJ4b ChMk0b\" data-language-for-alternatives=\"en\" data-language-to-translate-into=\"pl\" data-phrase-index=\"4\"><strong>Length:<\/strong> 64cm<\/span> <\/span><\/div>\n<div><span class=\"VIiyi\" lang=\"en\"><span class=\"JLqJ4b ChMk0b\" data-language-for-alternatives=\"en\" data-language-to-translate-into=\"pl\" data-phrase-index=\"6\"><strong>Height:<\/strong> 29 cm<\/span> <\/span><\/div>\n<div><span class=\"VIiyi\" lang=\"en\"><span class=\"JLqJ4b ChMk0b\" data-language-for-alternatives=\"en\" data-language-to-translate-into=\"pl\" data-phrase-index=\"8\"><strong>Depth:<\/strong> 24 cm<\/span> <\/span><\/div>\n<div><span class=\"VIiyi\" lang=\"en\"><span class=\"JLqJ4b ChMk0b\" data-language-for-alternatives=\"en\" data-language-to-translate-into=\"pl\" data-phrase-index=\"10\"><strong>Color:<\/strong> Hunter Brown.<\/span> <\/span><\/div>\n<div><strong><span class=\"VIiyi\" lang=\"en\"><span class=\"JLqJ4b ChMk0b\" data-language-for-alternatives=\"en\" data-language-to-translate-into=\"pl\" data-phrase-index=\"12\">Brass fittings.<\/span><\/span> <\/strong><\/div>\n<\/div>\n<\/div>\n<\/div>\n<\/div>\n<\/div>\n<\/div>\n<div class=\"kGmWO\"><\/div>\n","protected":false},"featured_media":2034,"template":"","meta":[],"yoast_head":"<!-- This site is optimized with the Yoast SEO plugin v18.3 - https:\/\/yoast.com\/wordpress\/plugins\/seo\/ -->\n<title>Hunter Brown ZT-36 - Ztefan<\/title>\n<meta name=\"robots\" content=\"index, follow, max-snippet:-1, max-image-preview:large, max-video-preview:-1\" \/>\n<link rel=\"canonical\" href=\"https:\/\/www.ztefan.pl\/produkt\/torba-weekendowa-z-prawdziwej-skory-zt-36\/\" \/>\n<meta property=\"og:locale\" content=\"en_US\" \/>\n<meta property=\"og:type\" content=\"article\" \/>\n<meta property=\"og:title\" content=\"[:pl]Torba weekendowa z prawdziwej sk\u00f3ry ZT-36[:en]Hunter Brown ZT-36[:] - Ztefan\" \/>\n<meta property=\"og:description\" content=\"[:pl]Materia\u0142: sk\u00f3ra bawola.  Wymiary: D\u0142ugo\u015b\u0107: 64cm Wysoko\u015b\u0107: 29 cm G\u0142\u0119boko\u015b\u0107: 24 cm Kolor: Hunter Brown. \u0141\u0105czniki z mosi\u0105dzu .[:en]         Material: buffalo leather. Dimensions:  Length: 64cm  Height: 29 cm  Depth: 24 cm  Color: Hunter Brown.  Brass fittings.        [:]\" \/>\n<meta property=\"og:url\" content=\"https:\/\/www.ztefan.pl\/produkt\/torba-weekendowa-z-prawdziwej-skory-zt-36\/\" \/>\n<meta property=\"og:site_name\" content=\"Ztefan\" \/>\n<meta property=\"article:publisher\" content=\"https:\/\/www.facebook.com\/ZTEFANSZCZECIN\" \/>\n<meta property=\"article:modified_time\" content=\"2023-04-23T10:19:04+00:00\" \/>\n<meta property=\"og:image\" content=\"https:\/\/www.ztefan.pl\/wp-content\/uploads\/2021\/05\/1.jpeg\" \/>\n\t<meta property=\"og:image:width\" content=\"1280\" \/>\n\t<meta property=\"og:image:height\" content=\"1280\" \/>\n\t<meta property=\"og:image:type\" content=\"image\/jpeg\" \/>\n<meta name=\"twitter:card\" content=\"summary_large_image\" \/>\n<meta name=\"twitter:label1\" content=\"Est. reading time\" \/>\n\t<meta name=\"twitter:data1\" content=\"1 minute\" \/>\n<script type=\"application\/ld+json\" class=\"yoast-schema-graph\">{\"@context\":\"https:\/\/schema.org\",\"@graph\":[{\"@type\":\"Organization\",\"@id\":\"https:\/\/www.ztefan.pl\/#organization\",\"name\":\"ZTEFAN Piotr Stefa\u0144ski\",\"url\":\"https:\/\/www.ztefan.pl\/\",\"sameAs\":[\"https:\/\/www.facebook.com\/ZTEFANSZCZECIN\",\"https:\/\/www.instagram.com\/ztefan_torby_skorzane\/\"],\"logo\":{\"@type\":\"ImageObject\",\"@id\":\"https:\/\/www.ztefan.pl\/#logo\",\"inLanguage\":\"en-US\",\"url\":\"https:\/\/www.ztefan.pl\/wp-content\/uploads\/2019\/12\/logo_www_color.png\",\"contentUrl\":\"https:\/\/www.ztefan.pl\/wp-content\/uploads\/2019\/12\/logo_www_color.png\",\"width\":182,\"height\":90,\"caption\":\"ZTEFAN Piotr Stefa\u0144ski\"},\"image\":{\"@id\":\"https:\/\/www.ztefan.pl\/#logo\"}},{\"@type\":\"WebSite\",\"@id\":\"https:\/\/www.ztefan.pl\/#website\",\"url\":\"https:\/\/www.ztefan.pl\/\",\"name\":\"Ztefan\",\"description\":\"Sk\u00f3rzane wyroby, torby podr\u00f3\u017cne, torby sportowe , torby na laptop Szczecin\",\"publisher\":{\"@id\":\"https:\/\/www.ztefan.pl\/#organization\"},\"potentialAction\":[{\"@type\":\"SearchAction\",\"target\":{\"@type\":\"EntryPoint\",\"urlTemplate\":\"https:\/\/www.ztefan.pl\/?s={search_term_string}\"},\"query-input\":\"required name=search_term_string\"}],\"inLanguage\":\"en-US\"},{\"@type\":\"ImageObject\",\"@id\":\"https:\/\/www.ztefan.pl\/produkt\/torba-weekendowa-z-prawdziwej-skory-zt-36\/#primaryimage\",\"inLanguage\":\"en-US\",\"url\":\"https:\/\/www.ztefan.pl\/wp-content\/uploads\/2021\/05\/1.jpeg\",\"contentUrl\":\"https:\/\/www.ztefan.pl\/wp-content\/uploads\/2021\/05\/1.jpeg\",\"width\":1280,\"height\":1280,\"caption\":\"Sk\u00f3rzana torba\"},{\"@type\":\"WebPage\",\"@id\":\"https:\/\/www.ztefan.pl\/produkt\/torba-weekendowa-z-prawdziwej-skory-zt-36\/#webpage\",\"url\":\"https:\/\/www.ztefan.pl\/produkt\/torba-weekendowa-z-prawdziwej-skory-zt-36\/\",\"name\":\"[:pl]Torba weekendowa z prawdziwej sk\u00f3ry ZT-36[:en]Hunter Brown ZT-36[:] - Ztefan\",\"isPartOf\":{\"@id\":\"https:\/\/www.ztefan.pl\/#website\"},\"primaryImageOfPage\":{\"@id\":\"https:\/\/www.ztefan.pl\/produkt\/torba-weekendowa-z-prawdziwej-skory-zt-36\/#primaryimage\"},\"datePublished\":\"2021-05-31T20:47:12+00:00\",\"dateModified\":\"2023-04-23T10:19:04+00:00\",\"breadcrumb\":{\"@id\":\"https:\/\/www.ztefan.pl\/produkt\/torba-weekendowa-z-prawdziwej-skory-zt-36\/#breadcrumb\"},\"inLanguage\":\"en-US\",\"potentialAction\":[{\"@type\":\"ReadAction\",\"target\":[\"https:\/\/www.ztefan.pl\/produkt\/torba-weekendowa-z-prawdziwej-skory-zt-36\/\"]}]},{\"@type\":\"BreadcrumbList\",\"@id\":\"https:\/\/www.ztefan.pl\/produkt\/torba-weekendowa-z-prawdziwej-skory-zt-36\/#breadcrumb\",\"itemListElement\":[{\"@type\":\"ListItem\",\"position\":1,\"name\":\"Home\",\"item\":\"https:\/\/www.ztefan.pl\/\"},{\"@type\":\"ListItem\",\"position\":2,\"name\":\"Torby m\u0119skie ze sk\u00f3ry naturalnej\",\"item\":\"https:\/\/www.ztefan.pl\/sklep\/\"},{\"@type\":\"ListItem\",\"position\":3,\"name\":\"Torba weekendowa z prawdziwej sk\u00f3ry ZT-36\"}]}]}<\/script>\n<!-- \/ Yoast SEO plugin. -->","yoast_head_json":{"title":"[:pl]Torba weekendowa z prawdziwej sk\u00f3ry ZT-36[:en]Hunter Brown ZT-36[:] - Ztefan","robots":{"index":"index","follow":"follow","max-snippet":"max-snippet:-1","max-image-preview":"max-image-preview:large","max-video-preview":"max-video-preview:-1"},"canonical":"https:\/\/www.ztefan.pl\/produkt\/torba-weekendowa-z-prawdziwej-skory-zt-36\/","og_locale":"en_US","og_type":"article","og_title":"[:pl]Torba weekendowa z prawdziwej sk\u00f3ry ZT-36[:en]Hunter Brown ZT-36[:] - Ztefan","og_description":"[:pl]Materia\u0142: sk\u00f3ra bawola.  Wymiary: D\u0142ugo\u015b\u0107: 64cm Wysoko\u015b\u0107: 29 cm G\u0142\u0119boko\u015b\u0107: 24 cm Kolor: Hunter Brown. \u0141\u0105czniki z mosi\u0105dzu .[:en]         Material: buffalo leather. Dimensions:  Length: 64cm  Height: 29 cm  Depth: 24 cm  Color: Hunter Brown.  Brass fittings.        [:]","og_url":"https:\/\/www.ztefan.pl\/produkt\/torba-weekendowa-z-prawdziwej-skory-zt-36\/","og_site_name":"Ztefan","article_publisher":"https:\/\/www.facebook.com\/ZTEFANSZCZECIN","article_modified_time":"2023-04-23T10:19:04+00:00","og_image":[{"width":1280,"height":1280,"url":"https:\/\/www.ztefan.pl\/wp-content\/uploads\/2021\/05\/1.jpeg","type":"image\/jpeg"}],"twitter_card":"summary_large_image","twitter_misc":{"Est. reading time":"1 minute"},"schema":{"@context":"https:\/\/schema.org","@graph":[{"@type":"Organization","@id":"https:\/\/www.ztefan.pl\/#organization","name":"ZTEFAN Piotr Stefa\u0144ski","url":"https:\/\/www.ztefan.pl\/","sameAs":["https:\/\/www.facebook.com\/ZTEFANSZCZECIN","https:\/\/www.instagram.com\/ztefan_torby_skorzane\/"],"logo":{"@type":"ImageObject","@id":"https:\/\/www.ztefan.pl\/#logo","inLanguage":"en-US","url":"https:\/\/www.ztefan.pl\/wp-content\/uploads\/2019\/12\/logo_www_color.png","contentUrl":"https:\/\/www.ztefan.pl\/wp-content\/uploads\/2019\/12\/logo_www_color.png","width":182,"height":90,"caption":"ZTEFAN Piotr Stefa\u0144ski"},"image":{"@id":"https:\/\/www.ztefan.pl\/#logo"}},{"@type":"WebSite","@id":"https:\/\/www.ztefan.pl\/#website","url":"https:\/\/www.ztefan.pl\/","name":"Ztefan","description":"Sk\u00f3rzane wyroby, torby podr\u00f3\u017cne, torby sportowe , torby na laptop Szczecin","publisher":{"@id":"https:\/\/www.ztefan.pl\/#organization"},"potentialAction":[{"@type":"SearchAction","target":{"@type":"EntryPoint","urlTemplate":"https:\/\/www.ztefan.pl\/?s={search_term_string}"},"query-input":"required name=search_term_string"}],"inLanguage":"en-US"},{"@type":"ImageObject","@id":"https:\/\/www.ztefan.pl\/produkt\/torba-weekendowa-z-prawdziwej-skory-zt-36\/#primaryimage","inLanguage":"en-US","url":"https:\/\/www.ztefan.pl\/wp-content\/uploads\/2021\/05\/1.jpeg","contentUrl":"https:\/\/www.ztefan.pl\/wp-content\/uploads\/2021\/05\/1.jpeg","width":1280,"height":1280,"caption":"Sk\u00f3rzana torba"},{"@type":"WebPage","@id":"https:\/\/www.ztefan.pl\/produkt\/torba-weekendowa-z-prawdziwej-skory-zt-36\/#webpage","url":"https:\/\/www.ztefan.pl\/produkt\/torba-weekendowa-z-prawdziwej-skory-zt-36\/","name":"[:pl]Torba weekendowa z prawdziwej sk\u00f3ry ZT-36[:en]Hunter Brown ZT-36[:] - Ztefan","isPartOf":{"@id":"https:\/\/www.ztefan.pl\/#website"},"primaryImageOfPage":{"@id":"https:\/\/www.ztefan.pl\/produkt\/torba-weekendowa-z-prawdziwej-skory-zt-36\/#primaryimage"},"datePublished":"2021-05-31T20:47:12+00:00","dateModified":"2023-04-23T10:19:04+00:00","breadcrumb":{"@id":"https:\/\/www.ztefan.pl\/produkt\/torba-weekendowa-z-prawdziwej-skory-zt-36\/#breadcrumb"},"inLanguage":"en-US","potentialAction":[{"@type":"ReadAction","target":["https:\/\/www.ztefan.pl\/produkt\/torba-weekendowa-z-prawdziwej-skory-zt-36\/"]}]},{"@type":"BreadcrumbList","@id":"https:\/\/www.ztefan.pl\/produkt\/torba-weekendowa-z-prawdziwej-skory-zt-36\/#breadcrumb","itemListElement":[{"@type":"ListItem","position":1,"name":"Home","item":"https:\/\/www.ztefan.pl\/"},{"@type":"ListItem","position":2,"name":"Torby m\u0119skie ze sk\u00f3ry naturalnej","item":"https:\/\/www.ztefan.pl\/sklep\/"},{"@type":"ListItem","position":3,"name":"Torba weekendowa z prawdziwej sk\u00f3ry ZT-36"}]}]}},"_links":{"self":[{"href":"https:\/\/www.ztefan.pl\/en\/wp-json\/wp\/v2\/product\/2033"}],"collection":[{"href":"https:\/\/www.ztefan.pl\/en\/wp-json\/wp\/v2\/product"}],"about":[{"href":"https:\/\/www.ztefan.pl\/en\/wp-json\/wp\/v2\/types\/product"}],"wp:featuredmedia":[{"embeddable":true,"href":"https:\/\/www.ztefan.pl\/en\/wp-json\/wp\/v2\/media\/2034"}],"wp:attachment":[{"href":"https:\/\/www.ztefan.pl\/en\/wp-json\/wp\/v2\/media?parent=2033"}],"curies":[{"name":"wp","href":"https:\/\/api.w.org\/{rel}","templated":true}]}}