{"id":2127,"date":"2021-07-10T21:44:03","date_gmt":"2021-07-10T19:44:03","guid":{"rendered":"http:\/\/www.ztefan.pl\/?post_type=product&#038;p=2127"},"modified":"2021-07-10T21:50:03","modified_gmt":"2021-07-10T19:50:03","slug":"skorzane-rekawice-do-grilla-sr-01","status":"publish","type":"product","link":"https:\/\/www.ztefan.pl\/en\/produkt\/skorzane-rekawice-do-grilla-sr-01\/","title":{"rendered":"Leather barbecue gloves SR-01"},"content":{"rendered":"<p>Leather barbecue gloves<\/p>","protected":false},"excerpt":{"rendered":"<p><strong>Material :<\/strong> cow skin<\/p>\n<p>Dimensions:<br \/>\n<strong>Length:<\/strong> 36 cm<\/p>\n<p><strong>Color:<\/strong> brown.<\/p>\n","protected":false},"featured_media":2130,"template":"","meta":[],"yoast_head":"<!-- This site is optimized with the Yoast SEO plugin v18.3 - https:\/\/yoast.com\/wordpress\/plugins\/seo\/ -->\n<title>Leather barbecue gloves SR-01  - Ztefan<\/title>\n<meta name=\"robots\" content=\"index, follow, max-snippet:-1, max-image-preview:large, max-video-preview:-1\" \/>\n<link rel=\"canonical\" href=\"https:\/\/www.ztefan.pl\/en\/produkt\/skorzane-rekawice-do-grilla-sr-01\/\" \/>\n<meta property=\"og:locale\" content=\"en_US\" \/>\n<meta property=\"og:type\" content=\"article\" \/>\n<meta property=\"og:title\" content=\"[:pl]Sk\u00f3rzane r\u0119kawice do grilla SR-01[:en]Leather barbecue gloves SR-01 [:] - Ztefan\" \/>\n<meta property=\"og:description\" content=\"[:pl]Materia\u0142 : sk\u00f3ra krowia  Wymiary: D\u0142ugo\u015b\u0107 maksymalna: 36 cm  Kolor: br\u0105zowy.[:en]Material : cow skin  Dimensions: Length: 36 cm  Color: brown.[:]\" \/>\n<meta property=\"og:url\" content=\"https:\/\/www.ztefan.pl\/en\/produkt\/skorzane-rekawice-do-grilla-sr-01\/\" \/>\n<meta property=\"og:site_name\" content=\"Ztefan\" \/>\n<meta property=\"article:publisher\" content=\"https:\/\/www.facebook.com\/ZTEFANSZCZECIN\" \/>\n<meta property=\"article:modified_time\" content=\"2021-07-10T19:50:03+00:00\" \/>\n<meta property=\"og:image\" content=\"https:\/\/www.ztefan.pl\/wp-content\/uploads\/2021\/07\/13.jpg\" \/>\n\t<meta property=\"og:image:width\" content=\"1920\" \/>\n\t<meta property=\"og:image:height\" content=\"1277\" \/>\n\t<meta property=\"og:image:type\" content=\"image\/jpeg\" \/>\n<meta name=\"twitter:card\" content=\"summary_large_image\" \/>\n<script type=\"application\/ld+json\" class=\"yoast-schema-graph\">{\"@context\":\"https:\/\/schema.org\",\"@graph\":[{\"@type\":\"Organization\",\"@id\":\"https:\/\/www.ztefan.pl\/#organization\",\"name\":\"ZTEFAN Piotr Stefa\u0144ski\",\"url\":\"https:\/\/www.ztefan.pl\/\",\"sameAs\":[\"https:\/\/www.facebook.com\/ZTEFANSZCZECIN\",\"https:\/\/www.instagram.com\/ztefan_torby_skorzane\/\"],\"logo\":{\"@type\":\"ImageObject\",\"@id\":\"https:\/\/www.ztefan.pl\/#logo\",\"inLanguage\":\"en-US\",\"url\":\"https:\/\/www.ztefan.pl\/wp-content\/uploads\/2019\/12\/logo_www_color.png\",\"contentUrl\":\"https:\/\/www.ztefan.pl\/wp-content\/uploads\/2019\/12\/logo_www_color.png\",\"width\":182,\"height\":90,\"caption\":\"ZTEFAN Piotr Stefa\u0144ski\"},\"image\":{\"@id\":\"https:\/\/www.ztefan.pl\/#logo\"}},{\"@type\":\"WebSite\",\"@id\":\"https:\/\/www.ztefan.pl\/#website\",\"url\":\"https:\/\/www.ztefan.pl\/\",\"name\":\"Ztefan\",\"description\":\"Sk\u00f3rzane wyroby, torby podr\u00f3\u017cne, torby sportowe , torby na laptop Szczecin\",\"publisher\":{\"@id\":\"https:\/\/www.ztefan.pl\/#organization\"},\"potentialAction\":[{\"@type\":\"SearchAction\",\"target\":{\"@type\":\"EntryPoint\",\"urlTemplate\":\"https:\/\/www.ztefan.pl\/?s={search_term_string}\"},\"query-input\":\"required name=search_term_string\"}],\"inLanguage\":\"en-US\"},{\"@type\":\"ImageObject\",\"@id\":\"https:\/\/www.ztefan.pl\/en\/produkt\/skorzane-rekawice-do-grilla-sr-01\/#primaryimage\",\"inLanguage\":\"en-US\",\"url\":\"https:\/\/www.ztefan.pl\/wp-content\/uploads\/2021\/07\/13.jpg\",\"contentUrl\":\"https:\/\/www.ztefan.pl\/wp-content\/uploads\/2021\/07\/13.jpg\",\"width\":1920,\"height\":1277,\"caption\":\"r\u0119kawice\"},{\"@type\":\"WebPage\",\"@id\":\"https:\/\/www.ztefan.pl\/en\/produkt\/skorzane-rekawice-do-grilla-sr-01\/#webpage\",\"url\":\"https:\/\/www.ztefan.pl\/en\/produkt\/skorzane-rekawice-do-grilla-sr-01\/\",\"name\":\"[:pl]Sk\u00f3rzane r\u0119kawice do grilla SR-01[:en]Leather barbecue gloves SR-01 [:] - Ztefan\",\"isPartOf\":{\"@id\":\"https:\/\/www.ztefan.pl\/#website\"},\"primaryImageOfPage\":{\"@id\":\"https:\/\/www.ztefan.pl\/en\/produkt\/skorzane-rekawice-do-grilla-sr-01\/#primaryimage\"},\"datePublished\":\"2021-07-10T19:44:03+00:00\",\"dateModified\":\"2021-07-10T19:50:03+00:00\",\"breadcrumb\":{\"@id\":\"https:\/\/www.ztefan.pl\/en\/produkt\/skorzane-rekawice-do-grilla-sr-01\/#breadcrumb\"},\"inLanguage\":\"en-US\",\"potentialAction\":[{\"@type\":\"ReadAction\",\"target\":[\"https:\/\/www.ztefan.pl\/en\/produkt\/skorzane-rekawice-do-grilla-sr-01\/\"]}]},{\"@type\":\"BreadcrumbList\",\"@id\":\"https:\/\/www.ztefan.pl\/en\/produkt\/skorzane-rekawice-do-grilla-sr-01\/#breadcrumb\",\"itemListElement\":[{\"@type\":\"ListItem\",\"position\":1,\"name\":\"Home\",\"item\":\"https:\/\/www.ztefan.pl\/\"},{\"@type\":\"ListItem\",\"position\":2,\"name\":\"Torby m\u0119skie ze sk\u00f3ry naturalnej\",\"item\":\"https:\/\/www.ztefan.pl\/sklep\/\"},{\"@type\":\"ListItem\",\"position\":3,\"name\":\"Leather barbecue gloves SR-01\"}]}]}<\/script>\n<!-- \/ Yoast SEO plugin. -->","yoast_head_json":{"title":"[:pl]Sk\u00f3rzane r\u0119kawice do grilla SR-01[:en]Leather barbecue gloves SR-01 [:] - Ztefan","robots":{"index":"index","follow":"follow","max-snippet":"max-snippet:-1","max-image-preview":"max-image-preview:large","max-video-preview":"max-video-preview:-1"},"canonical":"https:\/\/www.ztefan.pl\/en\/produkt\/skorzane-rekawice-do-grilla-sr-01\/","og_locale":"en_US","og_type":"article","og_title":"[:pl]Sk\u00f3rzane r\u0119kawice do grilla SR-01[:en]Leather barbecue gloves SR-01 [:] - Ztefan","og_description":"[:pl]Materia\u0142 : sk\u00f3ra krowia  Wymiary: D\u0142ugo\u015b\u0107 maksymalna: 36 cm  Kolor: br\u0105zowy.[:en]Material : cow skin  Dimensions: Length: 36 cm  Color: brown.[:]","og_url":"https:\/\/www.ztefan.pl\/en\/produkt\/skorzane-rekawice-do-grilla-sr-01\/","og_site_name":"Ztefan","article_publisher":"https:\/\/www.facebook.com\/ZTEFANSZCZECIN","article_modified_time":"2021-07-10T19:50:03+00:00","og_image":[{"width":1920,"height":1277,"url":"https:\/\/www.ztefan.pl\/wp-content\/uploads\/2021\/07\/13.jpg","type":"image\/jpeg"}],"twitter_card":"summary_large_image","schema":{"@context":"https:\/\/schema.org","@graph":[{"@type":"Organization","@id":"https:\/\/www.ztefan.pl\/#organization","name":"ZTEFAN Piotr Stefa\u0144ski","url":"https:\/\/www.ztefan.pl\/","sameAs":["https:\/\/www.facebook.com\/ZTEFANSZCZECIN","https:\/\/www.instagram.com\/ztefan_torby_skorzane\/"],"logo":{"@type":"ImageObject","@id":"https:\/\/www.ztefan.pl\/#logo","inLanguage":"en-US","url":"https:\/\/www.ztefan.pl\/wp-content\/uploads\/2019\/12\/logo_www_color.png","contentUrl":"https:\/\/www.ztefan.pl\/wp-content\/uploads\/2019\/12\/logo_www_color.png","width":182,"height":90,"caption":"ZTEFAN Piotr Stefa\u0144ski"},"image":{"@id":"https:\/\/www.ztefan.pl\/#logo"}},{"@type":"WebSite","@id":"https:\/\/www.ztefan.pl\/#website","url":"https:\/\/www.ztefan.pl\/","name":"Ztefan","description":"Sk\u00f3rzane wyroby, torby podr\u00f3\u017cne, torby sportowe , torby na laptop Szczecin","publisher":{"@id":"https:\/\/www.ztefan.pl\/#organization"},"potentialAction":[{"@type":"SearchAction","target":{"@type":"EntryPoint","urlTemplate":"https:\/\/www.ztefan.pl\/?s={search_term_string}"},"query-input":"required name=search_term_string"}],"inLanguage":"en-US"},{"@type":"ImageObject","@id":"https:\/\/www.ztefan.pl\/en\/produkt\/skorzane-rekawice-do-grilla-sr-01\/#primaryimage","inLanguage":"en-US","url":"https:\/\/www.ztefan.pl\/wp-content\/uploads\/2021\/07\/13.jpg","contentUrl":"https:\/\/www.ztefan.pl\/wp-content\/uploads\/2021\/07\/13.jpg","width":1920,"height":1277,"caption":"r\u0119kawice"},{"@type":"WebPage","@id":"https:\/\/www.ztefan.pl\/en\/produkt\/skorzane-rekawice-do-grilla-sr-01\/#webpage","url":"https:\/\/www.ztefan.pl\/en\/produkt\/skorzane-rekawice-do-grilla-sr-01\/","name":"[:pl]Sk\u00f3rzane r\u0119kawice do grilla SR-01[:en]Leather barbecue gloves SR-01 [:] - Ztefan","isPartOf":{"@id":"https:\/\/www.ztefan.pl\/#website"},"primaryImageOfPage":{"@id":"https:\/\/www.ztefan.pl\/en\/produkt\/skorzane-rekawice-do-grilla-sr-01\/#primaryimage"},"datePublished":"2021-07-10T19:44:03+00:00","dateModified":"2021-07-10T19:50:03+00:00","breadcrumb":{"@id":"https:\/\/www.ztefan.pl\/en\/produkt\/skorzane-rekawice-do-grilla-sr-01\/#breadcrumb"},"inLanguage":"en-US","potentialAction":[{"@type":"ReadAction","target":["https:\/\/www.ztefan.pl\/en\/produkt\/skorzane-rekawice-do-grilla-sr-01\/"]}]},{"@type":"BreadcrumbList","@id":"https:\/\/www.ztefan.pl\/en\/produkt\/skorzane-rekawice-do-grilla-sr-01\/#breadcrumb","itemListElement":[{"@type":"ListItem","position":1,"name":"Home","item":"https:\/\/www.ztefan.pl\/"},{"@type":"ListItem","position":2,"name":"Torby m\u0119skie ze sk\u00f3ry naturalnej","item":"https:\/\/www.ztefan.pl\/sklep\/"},{"@type":"ListItem","position":3,"name":"Leather barbecue gloves SR-01"}]}]}},"_links":{"self":[{"href":"https:\/\/www.ztefan.pl\/en\/wp-json\/wp\/v2\/product\/2127"}],"collection":[{"href":"https:\/\/www.ztefan.pl\/en\/wp-json\/wp\/v2\/product"}],"about":[{"href":"https:\/\/www.ztefan.pl\/en\/wp-json\/wp\/v2\/types\/product"}],"wp:featuredmedia":[{"embeddable":true,"href":"https:\/\/www.ztefan.pl\/en\/wp-json\/wp\/v2\/media\/2130"}],"wp:attachment":[{"href":"https:\/\/www.ztefan.pl\/en\/wp-json\/wp\/v2\/media?parent=2127"}],"curies":[{"name":"wp","href":"https:\/\/api.w.org\/{rel}","templated":true}]}}