{"id":2147,"date":"2021-07-11T09:36:28","date_gmt":"2021-07-11T07:36:28","guid":{"rendered":"http:\/\/www.ztefan.pl\/?post_type=product&#038;p=2147"},"modified":"2021-07-11T09:49:13","modified_gmt":"2021-07-11T07:49:13","slug":"czarna-skorzana-torba-na-laptopa-aktowka-pc-06g","status":"publish","type":"product","link":"https:\/\/www.ztefan.pl\/en\/produkt\/czarna-skorzana-torba-na-laptopa-aktowka-pc-06g\/","title":{"rendered":"Black leather laptop \/ briefcase PC-06g"},"content":{"rendered":"<p>Leather laptop bag,<br \/>\nThe width of the bag is up to 17 cm, which provides ample storage space.<br \/>\nThree main pockets:<br \/>\nfirst pocket measuring 26 x 40 cm with space for a telephone, keys, pens and other small items,<br \/>\nsecond pocket with an additional inner compartment measuring 22 x 37 cm,<br \/>\nthird pocket with divider for two separate compartments,<br \/>\nside pockets with dimensions: 10 x 20 cm<br \/>\nzippered pocket on the front of the bag, dimensions: 18 x 30 cm<br \/>\nAdjustable shoulder strap 75-115 cm long.<\/p>\n<p>&nbsp;<\/p>\n<p>&nbsp;<\/p>","protected":false},"excerpt":{"rendered":"<p><strong>Material :<\/strong> cow skin<\/p>\n<p>Dimensions:<br \/>\n<strong>Length:<\/strong> 42 cm ( without pockets )<br \/>\n<strong>Height :<\/strong> 30 cm<br \/>\n<strong>Depth:<\/strong> 17 cm<\/p>\n<p><strong>Color:<\/strong> black.<\/p>\n","protected":false},"featured_media":2151,"template":"","meta":[],"yoast_head":"<!-- This site is optimized with the Yoast SEO plugin v18.3 - https:\/\/yoast.com\/wordpress\/plugins\/seo\/ -->\n<title>Black leather laptop \/ briefcase PC-06g - Ztefan<\/title>\n<meta name=\"robots\" content=\"index, follow, max-snippet:-1, max-image-preview:large, max-video-preview:-1\" \/>\n<link rel=\"canonical\" href=\"https:\/\/www.ztefan.pl\/en\/produkt\/czarna-skorzana-torba-na-laptopa-aktowka-pc-06g\/\" \/>\n<meta property=\"og:locale\" content=\"en_US\" \/>\n<meta property=\"og:type\" content=\"article\" \/>\n<meta property=\"og:title\" content=\"[:pl]Czarna sk\u00f3rzana torba na laptopa \/ akt\u00f3wka PC-06g[:en]Black leather laptop \/ briefcase PC-06g[:] - Ztefan\" \/>\n<meta property=\"og:description\" content=\"[:pl]Materia\u0142 : sk\u00f3ra krowia  Wymiary: D\u0142ugo\u015b\u0107: 42 cm ( bez bocznych kieszonek ) Szeroko\u015b\u0107 : 30 cm G\u0142\u0119boko\u015b\u0107: 17 cm  Kolor: czarny.[:en]Material : cow skin  Dimensions: Length: 42 cm ( without pockets ) Height : 30 cm Depth: 17 cm  Color: black.[:]\" \/>\n<meta property=\"og:url\" content=\"https:\/\/www.ztefan.pl\/en\/produkt\/czarna-skorzana-torba-na-laptopa-aktowka-pc-06g\/\" \/>\n<meta property=\"og:site_name\" content=\"Ztefan\" \/>\n<meta property=\"article:publisher\" content=\"https:\/\/www.facebook.com\/ZTEFANSZCZECIN\" \/>\n<meta property=\"article:modified_time\" content=\"2021-07-11T07:49:13+00:00\" \/>\n<meta property=\"og:image\" content=\"https:\/\/www.ztefan.pl\/wp-content\/uploads\/2021\/07\/DSC00877g.jpg\" \/>\n\t<meta property=\"og:image:width\" content=\"1571\" \/>\n\t<meta property=\"og:image:height\" content=\"1300\" \/>\n\t<meta property=\"og:image:type\" content=\"image\/jpeg\" \/>\n<meta name=\"twitter:card\" content=\"summary_large_image\" \/>\n<meta name=\"twitter:label1\" content=\"Est. reading time\" \/>\n\t<meta name=\"twitter:data1\" content=\"1 minute\" \/>\n<script type=\"application\/ld+json\" class=\"yoast-schema-graph\">{\"@context\":\"https:\/\/schema.org\",\"@graph\":[{\"@type\":\"Organization\",\"@id\":\"https:\/\/www.ztefan.pl\/#organization\",\"name\":\"ZTEFAN Piotr Stefa\u0144ski\",\"url\":\"https:\/\/www.ztefan.pl\/\",\"sameAs\":[\"https:\/\/www.facebook.com\/ZTEFANSZCZECIN\",\"https:\/\/www.instagram.com\/ztefan_torby_skorzane\/\"],\"logo\":{\"@type\":\"ImageObject\",\"@id\":\"https:\/\/www.ztefan.pl\/#logo\",\"inLanguage\":\"en-US\",\"url\":\"https:\/\/www.ztefan.pl\/wp-content\/uploads\/2019\/12\/logo_www_color.png\",\"contentUrl\":\"https:\/\/www.ztefan.pl\/wp-content\/uploads\/2019\/12\/logo_www_color.png\",\"width\":182,\"height\":90,\"caption\":\"ZTEFAN Piotr Stefa\u0144ski\"},\"image\":{\"@id\":\"https:\/\/www.ztefan.pl\/#logo\"}},{\"@type\":\"WebSite\",\"@id\":\"https:\/\/www.ztefan.pl\/#website\",\"url\":\"https:\/\/www.ztefan.pl\/\",\"name\":\"Ztefan\",\"description\":\"Sk\u00f3rzane wyroby, torby podr\u00f3\u017cne, torby sportowe , torby na laptop Szczecin\",\"publisher\":{\"@id\":\"https:\/\/www.ztefan.pl\/#organization\"},\"potentialAction\":[{\"@type\":\"SearchAction\",\"target\":{\"@type\":\"EntryPoint\",\"urlTemplate\":\"https:\/\/www.ztefan.pl\/?s={search_term_string}\"},\"query-input\":\"required name=search_term_string\"}],\"inLanguage\":\"en-US\"},{\"@type\":\"ImageObject\",\"@id\":\"https:\/\/www.ztefan.pl\/en\/produkt\/czarna-skorzana-torba-na-laptopa-aktowka-pc-06g\/#primaryimage\",\"inLanguage\":\"en-US\",\"url\":\"https:\/\/www.ztefan.pl\/wp-content\/uploads\/2021\/07\/DSC00877g.jpg\",\"contentUrl\":\"https:\/\/www.ztefan.pl\/wp-content\/uploads\/2021\/07\/DSC00877g.jpg\",\"width\":1571,\"height\":1300,\"caption\":\"sk\u00f3rzana torba\"},{\"@type\":\"WebPage\",\"@id\":\"https:\/\/www.ztefan.pl\/en\/produkt\/czarna-skorzana-torba-na-laptopa-aktowka-pc-06g\/#webpage\",\"url\":\"https:\/\/www.ztefan.pl\/en\/produkt\/czarna-skorzana-torba-na-laptopa-aktowka-pc-06g\/\",\"name\":\"[:pl]Czarna sk\u00f3rzana torba na laptopa \/ akt\u00f3wka PC-06g[:en]Black leather laptop \/ briefcase PC-06g[:] - Ztefan\",\"isPartOf\":{\"@id\":\"https:\/\/www.ztefan.pl\/#website\"},\"primaryImageOfPage\":{\"@id\":\"https:\/\/www.ztefan.pl\/en\/produkt\/czarna-skorzana-torba-na-laptopa-aktowka-pc-06g\/#primaryimage\"},\"datePublished\":\"2021-07-11T07:36:28+00:00\",\"dateModified\":\"2021-07-11T07:49:13+00:00\",\"breadcrumb\":{\"@id\":\"https:\/\/www.ztefan.pl\/en\/produkt\/czarna-skorzana-torba-na-laptopa-aktowka-pc-06g\/#breadcrumb\"},\"inLanguage\":\"en-US\",\"potentialAction\":[{\"@type\":\"ReadAction\",\"target\":[\"https:\/\/www.ztefan.pl\/en\/produkt\/czarna-skorzana-torba-na-laptopa-aktowka-pc-06g\/\"]}]},{\"@type\":\"BreadcrumbList\",\"@id\":\"https:\/\/www.ztefan.pl\/en\/produkt\/czarna-skorzana-torba-na-laptopa-aktowka-pc-06g\/#breadcrumb\",\"itemListElement\":[{\"@type\":\"ListItem\",\"position\":1,\"name\":\"Home\",\"item\":\"https:\/\/www.ztefan.pl\/\"},{\"@type\":\"ListItem\",\"position\":2,\"name\":\"Torby m\u0119skie ze sk\u00f3ry naturalnej\",\"item\":\"https:\/\/www.ztefan.pl\/sklep\/\"},{\"@type\":\"ListItem\",\"position\":3,\"name\":\"Black leather laptop \/ briefcase PC-06g\"}]}]}<\/script>\n<!-- \/ Yoast SEO plugin. -->","yoast_head_json":{"title":"[:pl]Czarna sk\u00f3rzana torba na laptopa \/ akt\u00f3wka PC-06g[:en]Black leather laptop \/ briefcase PC-06g[:] - Ztefan","robots":{"index":"index","follow":"follow","max-snippet":"max-snippet:-1","max-image-preview":"max-image-preview:large","max-video-preview":"max-video-preview:-1"},"canonical":"https:\/\/www.ztefan.pl\/en\/produkt\/czarna-skorzana-torba-na-laptopa-aktowka-pc-06g\/","og_locale":"en_US","og_type":"article","og_title":"[:pl]Czarna sk\u00f3rzana torba na laptopa \/ akt\u00f3wka PC-06g[:en]Black leather laptop \/ briefcase PC-06g[:] - Ztefan","og_description":"[:pl]Materia\u0142 : sk\u00f3ra krowia  Wymiary: D\u0142ugo\u015b\u0107: 42 cm ( bez bocznych kieszonek ) Szeroko\u015b\u0107 : 30 cm G\u0142\u0119boko\u015b\u0107: 17 cm  Kolor: czarny.[:en]Material : cow skin  Dimensions: Length: 42 cm ( without pockets ) Height : 30 cm Depth: 17 cm  Color: black.[:]","og_url":"https:\/\/www.ztefan.pl\/en\/produkt\/czarna-skorzana-torba-na-laptopa-aktowka-pc-06g\/","og_site_name":"Ztefan","article_publisher":"https:\/\/www.facebook.com\/ZTEFANSZCZECIN","article_modified_time":"2021-07-11T07:49:13+00:00","og_image":[{"width":1571,"height":1300,"url":"https:\/\/www.ztefan.pl\/wp-content\/uploads\/2021\/07\/DSC00877g.jpg","type":"image\/jpeg"}],"twitter_card":"summary_large_image","twitter_misc":{"Est. reading time":"1 minute"},"schema":{"@context":"https:\/\/schema.org","@graph":[{"@type":"Organization","@id":"https:\/\/www.ztefan.pl\/#organization","name":"ZTEFAN Piotr Stefa\u0144ski","url":"https:\/\/www.ztefan.pl\/","sameAs":["https:\/\/www.facebook.com\/ZTEFANSZCZECIN","https:\/\/www.instagram.com\/ztefan_torby_skorzane\/"],"logo":{"@type":"ImageObject","@id":"https:\/\/www.ztefan.pl\/#logo","inLanguage":"en-US","url":"https:\/\/www.ztefan.pl\/wp-content\/uploads\/2019\/12\/logo_www_color.png","contentUrl":"https:\/\/www.ztefan.pl\/wp-content\/uploads\/2019\/12\/logo_www_color.png","width":182,"height":90,"caption":"ZTEFAN Piotr Stefa\u0144ski"},"image":{"@id":"https:\/\/www.ztefan.pl\/#logo"}},{"@type":"WebSite","@id":"https:\/\/www.ztefan.pl\/#website","url":"https:\/\/www.ztefan.pl\/","name":"Ztefan","description":"Sk\u00f3rzane wyroby, torby podr\u00f3\u017cne, torby sportowe , torby na laptop Szczecin","publisher":{"@id":"https:\/\/www.ztefan.pl\/#organization"},"potentialAction":[{"@type":"SearchAction","target":{"@type":"EntryPoint","urlTemplate":"https:\/\/www.ztefan.pl\/?s={search_term_string}"},"query-input":"required name=search_term_string"}],"inLanguage":"en-US"},{"@type":"ImageObject","@id":"https:\/\/www.ztefan.pl\/en\/produkt\/czarna-skorzana-torba-na-laptopa-aktowka-pc-06g\/#primaryimage","inLanguage":"en-US","url":"https:\/\/www.ztefan.pl\/wp-content\/uploads\/2021\/07\/DSC00877g.jpg","contentUrl":"https:\/\/www.ztefan.pl\/wp-content\/uploads\/2021\/07\/DSC00877g.jpg","width":1571,"height":1300,"caption":"sk\u00f3rzana torba"},{"@type":"WebPage","@id":"https:\/\/www.ztefan.pl\/en\/produkt\/czarna-skorzana-torba-na-laptopa-aktowka-pc-06g\/#webpage","url":"https:\/\/www.ztefan.pl\/en\/produkt\/czarna-skorzana-torba-na-laptopa-aktowka-pc-06g\/","name":"[:pl]Czarna sk\u00f3rzana torba na laptopa \/ akt\u00f3wka PC-06g[:en]Black leather laptop \/ briefcase PC-06g[:] - Ztefan","isPartOf":{"@id":"https:\/\/www.ztefan.pl\/#website"},"primaryImageOfPage":{"@id":"https:\/\/www.ztefan.pl\/en\/produkt\/czarna-skorzana-torba-na-laptopa-aktowka-pc-06g\/#primaryimage"},"datePublished":"2021-07-11T07:36:28+00:00","dateModified":"2021-07-11T07:49:13+00:00","breadcrumb":{"@id":"https:\/\/www.ztefan.pl\/en\/produkt\/czarna-skorzana-torba-na-laptopa-aktowka-pc-06g\/#breadcrumb"},"inLanguage":"en-US","potentialAction":[{"@type":"ReadAction","target":["https:\/\/www.ztefan.pl\/en\/produkt\/czarna-skorzana-torba-na-laptopa-aktowka-pc-06g\/"]}]},{"@type":"BreadcrumbList","@id":"https:\/\/www.ztefan.pl\/en\/produkt\/czarna-skorzana-torba-na-laptopa-aktowka-pc-06g\/#breadcrumb","itemListElement":[{"@type":"ListItem","position":1,"name":"Home","item":"https:\/\/www.ztefan.pl\/"},{"@type":"ListItem","position":2,"name":"Torby m\u0119skie ze sk\u00f3ry naturalnej","item":"https:\/\/www.ztefan.pl\/sklep\/"},{"@type":"ListItem","position":3,"name":"Black leather laptop \/ briefcase PC-06g"}]}]}},"_links":{"self":[{"href":"https:\/\/www.ztefan.pl\/en\/wp-json\/wp\/v2\/product\/2147"}],"collection":[{"href":"https:\/\/www.ztefan.pl\/en\/wp-json\/wp\/v2\/product"}],"about":[{"href":"https:\/\/www.ztefan.pl\/en\/wp-json\/wp\/v2\/types\/product"}],"wp:featuredmedia":[{"embeddable":true,"href":"https:\/\/www.ztefan.pl\/en\/wp-json\/wp\/v2\/media\/2151"}],"wp:attachment":[{"href":"https:\/\/www.ztefan.pl\/en\/wp-json\/wp\/v2\/media?parent=2147"}],"curies":[{"name":"wp","href":"https:\/\/api.w.org\/{rel}","templated":true}]}}