{"id":2163,"date":"2021-07-18T09:36:32","date_gmt":"2021-07-18T07:36:32","guid":{"rendered":"http:\/\/www.ztefan.pl\/?post_type=product&#038;p=2163"},"modified":"2025-02-06T06:53:13","modified_gmt":"2025-02-06T05:53:13","slug":"oryginalna-skorzana-torba-weekendowa-podrozna-sportowa-ze-skory-licowej-pc-07g","status":"publish","type":"product","link":"https:\/\/www.ztefan.pl\/en\/produkt\/oryginalna-skorzana-torba-weekendowa-podrozna-sportowa-ze-skory-licowej-pc-07g\/","title":{"rendered":"Genuine leather travel sports weekend bag made of grain leather PC-07g"},"content":{"rendered":"<p>Light brown leather weekend bag.<\/p>\n<p>The bag is made of extremely soft and exclusive cow leather<br \/>\nThe bag is protected from the bottom against scratches with metal studs.<br \/>\nSingle inner zip pocket with dimensions: 19 x 20 cm.<\/p>\n<p>Additional pockets for phone and other small items<br \/>\nOuter pocket with the dimensions 20 x 27 cm.<\/p>\n<p>Adjustable shoulder strap length: 100 &#8211; 120 cm<\/p>","protected":false},"excerpt":{"rendered":"<p><strong>Material:<\/strong> cow leather<\/p>\n<p><strong>Length:<\/strong> 58 cm<br \/>\n<strong>Height:<\/strong> 30 cm<br \/>\n<strong>Depth:<\/strong> 25 cm<\/p>\n<p><strong>Color:<\/strong> light brown<\/p>\n<p>&nbsp;<\/p>\n","protected":false},"featured_media":2164,"template":"","meta":[],"yoast_head":"<!-- This site is optimized with the Yoast SEO plugin v18.3 - https:\/\/yoast.com\/wordpress\/plugins\/seo\/ -->\n<title>Travel sports weekend bag made of grain leather PC-07g<\/title>\n<meta name=\"robots\" content=\"index, follow, max-snippet:-1, max-image-preview:large, max-video-preview:-1\" \/>\n<link rel=\"canonical\" href=\"https:\/\/www.ztefan.pl\/produkt\/oryginalna-skorzana-torba-weekendowa-podrozna-sportowa-ze-skory-licowej-pc-07g\/\" \/>\n<meta property=\"og:locale\" content=\"en_US\" \/>\n<meta property=\"og:type\" content=\"article\" \/>\n<meta property=\"og:title\" content=\"[:pl]Oryginalna sk\u00f3rzana torba weekendowa podr\u00f3\u017cna PC-07g[:en] Travel sports weekend bag made of grain leather PC-07g[:]\" \/>\n<meta property=\"og:description\" content=\"[:pl]Materia\u0142: Sk\u00f3ra krowia  D\u0142ugo\u015b\u0107: 58 cm Wysoko\u015b\u0107: 30 cm G\u0142\u0119boko\u015b\u0107: 25 cm  Kolor: jasny br\u0105z  &nbsp;[:en]Material: cow leather  Length: 58 cm Height: 30 cm Depth: 25 cm  Color: light brown  &nbsp;[:]\" \/>\n<meta property=\"og:url\" content=\"https:\/\/www.ztefan.pl\/produkt\/oryginalna-skorzana-torba-weekendowa-podrozna-sportowa-ze-skory-licowej-pc-07g\/\" \/>\n<meta property=\"og:site_name\" content=\"Ztefan\" \/>\n<meta property=\"article:publisher\" content=\"https:\/\/www.facebook.com\/ZTEFANSZCZECIN\" \/>\n<meta property=\"article:modified_time\" content=\"2025-02-06T05:53:13+00:00\" \/>\n<meta property=\"og:image\" content=\"https:\/\/www.ztefan.pl\/wp-content\/uploads\/2021\/07\/DSC00863.jpg\" \/>\n\t<meta property=\"og:image:width\" content=\"1920\" \/>\n\t<meta property=\"og:image:height\" content=\"1277\" \/>\n\t<meta property=\"og:image:type\" content=\"image\/jpeg\" \/>\n<meta name=\"twitter:card\" content=\"summary_large_image\" \/>\n<meta name=\"twitter:label1\" content=\"Est. reading time\" \/>\n\t<meta name=\"twitter:data1\" content=\"1 minute\" \/>\n<script type=\"application\/ld+json\" class=\"yoast-schema-graph\">{\"@context\":\"https:\/\/schema.org\",\"@graph\":[{\"@type\":\"Organization\",\"@id\":\"https:\/\/www.ztefan.pl\/#organization\",\"name\":\"ZTEFAN Piotr Stefa\u0144ski\",\"url\":\"https:\/\/www.ztefan.pl\/\",\"sameAs\":[\"https:\/\/www.facebook.com\/ZTEFANSZCZECIN\",\"https:\/\/www.instagram.com\/ztefan_torby_skorzane\/\"],\"logo\":{\"@type\":\"ImageObject\",\"@id\":\"https:\/\/www.ztefan.pl\/#logo\",\"inLanguage\":\"en-US\",\"url\":\"https:\/\/www.ztefan.pl\/wp-content\/uploads\/2019\/12\/logo_www_color.png\",\"contentUrl\":\"https:\/\/www.ztefan.pl\/wp-content\/uploads\/2019\/12\/logo_www_color.png\",\"width\":182,\"height\":90,\"caption\":\"ZTEFAN Piotr Stefa\u0144ski\"},\"image\":{\"@id\":\"https:\/\/www.ztefan.pl\/#logo\"}},{\"@type\":\"WebSite\",\"@id\":\"https:\/\/www.ztefan.pl\/#website\",\"url\":\"https:\/\/www.ztefan.pl\/\",\"name\":\"Ztefan\",\"description\":\"Sk\u00f3rzane wyroby, torby podr\u00f3\u017cne, torby sportowe , torby na laptop Szczecin\",\"publisher\":{\"@id\":\"https:\/\/www.ztefan.pl\/#organization\"},\"potentialAction\":[{\"@type\":\"SearchAction\",\"target\":{\"@type\":\"EntryPoint\",\"urlTemplate\":\"https:\/\/www.ztefan.pl\/?s={search_term_string}\"},\"query-input\":\"required name=search_term_string\"}],\"inLanguage\":\"en-US\"},{\"@type\":\"ImageObject\",\"@id\":\"https:\/\/www.ztefan.pl\/produkt\/oryginalna-skorzana-torba-weekendowa-podrozna-sportowa-ze-skory-licowej-pc-07g\/#primaryimage\",\"inLanguage\":\"en-US\",\"url\":\"https:\/\/www.ztefan.pl\/wp-content\/uploads\/2021\/07\/DSC00863.jpg\",\"contentUrl\":\"https:\/\/www.ztefan.pl\/wp-content\/uploads\/2021\/07\/DSC00863.jpg\",\"width\":1920,\"height\":1277,\"caption\":\"sk\u00f3rzana torba\"},{\"@type\":\"WebPage\",\"@id\":\"https:\/\/www.ztefan.pl\/produkt\/oryginalna-skorzana-torba-weekendowa-podrozna-sportowa-ze-skory-licowej-pc-07g\/#webpage\",\"url\":\"https:\/\/www.ztefan.pl\/produkt\/oryginalna-skorzana-torba-weekendowa-podrozna-sportowa-ze-skory-licowej-pc-07g\/\",\"name\":\"[:pl]Oryginalna sk\u00f3rzana torba weekendowa podr\u00f3\u017cna PC-07g[:en] Travel sports weekend bag made of grain leather PC-07g[:]\",\"isPartOf\":{\"@id\":\"https:\/\/www.ztefan.pl\/#website\"},\"primaryImageOfPage\":{\"@id\":\"https:\/\/www.ztefan.pl\/produkt\/oryginalna-skorzana-torba-weekendowa-podrozna-sportowa-ze-skory-licowej-pc-07g\/#primaryimage\"},\"datePublished\":\"2021-07-18T07:36:32+00:00\",\"dateModified\":\"2025-02-06T05:53:13+00:00\",\"breadcrumb\":{\"@id\":\"https:\/\/www.ztefan.pl\/produkt\/oryginalna-skorzana-torba-weekendowa-podrozna-sportowa-ze-skory-licowej-pc-07g\/#breadcrumb\"},\"inLanguage\":\"en-US\",\"potentialAction\":[{\"@type\":\"ReadAction\",\"target\":[\"https:\/\/www.ztefan.pl\/produkt\/oryginalna-skorzana-torba-weekendowa-podrozna-sportowa-ze-skory-licowej-pc-07g\/\"]}]},{\"@type\":\"BreadcrumbList\",\"@id\":\"https:\/\/www.ztefan.pl\/produkt\/oryginalna-skorzana-torba-weekendowa-podrozna-sportowa-ze-skory-licowej-pc-07g\/#breadcrumb\",\"itemListElement\":[{\"@type\":\"ListItem\",\"position\":1,\"name\":\"Home\",\"item\":\"https:\/\/www.ztefan.pl\/\"},{\"@type\":\"ListItem\",\"position\":2,\"name\":\"Torby m\u0119skie ze sk\u00f3ry naturalnej\",\"item\":\"https:\/\/www.ztefan.pl\/sklep\/\"},{\"@type\":\"ListItem\",\"position\":3,\"name\":\"Oryginalna sk\u00f3rzana torba weekendowa podr\u00f3\u017cna sportowa ze sk\u00f3ry licowej PC-07g\"}]}]}<\/script>\n<!-- \/ Yoast SEO plugin. -->","yoast_head_json":{"title":"[:pl]Oryginalna sk\u00f3rzana torba weekendowa podr\u00f3\u017cna PC-07g[:en] Travel sports weekend bag made of grain leather PC-07g[:]","robots":{"index":"index","follow":"follow","max-snippet":"max-snippet:-1","max-image-preview":"max-image-preview:large","max-video-preview":"max-video-preview:-1"},"canonical":"https:\/\/www.ztefan.pl\/produkt\/oryginalna-skorzana-torba-weekendowa-podrozna-sportowa-ze-skory-licowej-pc-07g\/","og_locale":"en_US","og_type":"article","og_title":"[:pl]Oryginalna sk\u00f3rzana torba weekendowa podr\u00f3\u017cna PC-07g[:en] Travel sports weekend bag made of grain leather PC-07g[:]","og_description":"[:pl]Materia\u0142: Sk\u00f3ra krowia  D\u0142ugo\u015b\u0107: 58 cm Wysoko\u015b\u0107: 30 cm G\u0142\u0119boko\u015b\u0107: 25 cm  Kolor: jasny br\u0105z  &nbsp;[:en]Material: cow leather  Length: 58 cm Height: 30 cm Depth: 25 cm  Color: light brown  &nbsp;[:]","og_url":"https:\/\/www.ztefan.pl\/produkt\/oryginalna-skorzana-torba-weekendowa-podrozna-sportowa-ze-skory-licowej-pc-07g\/","og_site_name":"Ztefan","article_publisher":"https:\/\/www.facebook.com\/ZTEFANSZCZECIN","article_modified_time":"2025-02-06T05:53:13+00:00","og_image":[{"width":1920,"height":1277,"url":"https:\/\/www.ztefan.pl\/wp-content\/uploads\/2021\/07\/DSC00863.jpg","type":"image\/jpeg"}],"twitter_card":"summary_large_image","twitter_misc":{"Est. reading time":"1 minute"},"schema":{"@context":"https:\/\/schema.org","@graph":[{"@type":"Organization","@id":"https:\/\/www.ztefan.pl\/#organization","name":"ZTEFAN Piotr Stefa\u0144ski","url":"https:\/\/www.ztefan.pl\/","sameAs":["https:\/\/www.facebook.com\/ZTEFANSZCZECIN","https:\/\/www.instagram.com\/ztefan_torby_skorzane\/"],"logo":{"@type":"ImageObject","@id":"https:\/\/www.ztefan.pl\/#logo","inLanguage":"en-US","url":"https:\/\/www.ztefan.pl\/wp-content\/uploads\/2019\/12\/logo_www_color.png","contentUrl":"https:\/\/www.ztefan.pl\/wp-content\/uploads\/2019\/12\/logo_www_color.png","width":182,"height":90,"caption":"ZTEFAN Piotr Stefa\u0144ski"},"image":{"@id":"https:\/\/www.ztefan.pl\/#logo"}},{"@type":"WebSite","@id":"https:\/\/www.ztefan.pl\/#website","url":"https:\/\/www.ztefan.pl\/","name":"Ztefan","description":"Sk\u00f3rzane wyroby, torby podr\u00f3\u017cne, torby sportowe , torby na laptop Szczecin","publisher":{"@id":"https:\/\/www.ztefan.pl\/#organization"},"potentialAction":[{"@type":"SearchAction","target":{"@type":"EntryPoint","urlTemplate":"https:\/\/www.ztefan.pl\/?s={search_term_string}"},"query-input":"required name=search_term_string"}],"inLanguage":"en-US"},{"@type":"ImageObject","@id":"https:\/\/www.ztefan.pl\/produkt\/oryginalna-skorzana-torba-weekendowa-podrozna-sportowa-ze-skory-licowej-pc-07g\/#primaryimage","inLanguage":"en-US","url":"https:\/\/www.ztefan.pl\/wp-content\/uploads\/2021\/07\/DSC00863.jpg","contentUrl":"https:\/\/www.ztefan.pl\/wp-content\/uploads\/2021\/07\/DSC00863.jpg","width":1920,"height":1277,"caption":"sk\u00f3rzana torba"},{"@type":"WebPage","@id":"https:\/\/www.ztefan.pl\/produkt\/oryginalna-skorzana-torba-weekendowa-podrozna-sportowa-ze-skory-licowej-pc-07g\/#webpage","url":"https:\/\/www.ztefan.pl\/produkt\/oryginalna-skorzana-torba-weekendowa-podrozna-sportowa-ze-skory-licowej-pc-07g\/","name":"[:pl]Oryginalna sk\u00f3rzana torba weekendowa podr\u00f3\u017cna PC-07g[:en] Travel sports weekend bag made of grain leather PC-07g[:]","isPartOf":{"@id":"https:\/\/www.ztefan.pl\/#website"},"primaryImageOfPage":{"@id":"https:\/\/www.ztefan.pl\/produkt\/oryginalna-skorzana-torba-weekendowa-podrozna-sportowa-ze-skory-licowej-pc-07g\/#primaryimage"},"datePublished":"2021-07-18T07:36:32+00:00","dateModified":"2025-02-06T05:53:13+00:00","breadcrumb":{"@id":"https:\/\/www.ztefan.pl\/produkt\/oryginalna-skorzana-torba-weekendowa-podrozna-sportowa-ze-skory-licowej-pc-07g\/#breadcrumb"},"inLanguage":"en-US","potentialAction":[{"@type":"ReadAction","target":["https:\/\/www.ztefan.pl\/produkt\/oryginalna-skorzana-torba-weekendowa-podrozna-sportowa-ze-skory-licowej-pc-07g\/"]}]},{"@type":"BreadcrumbList","@id":"https:\/\/www.ztefan.pl\/produkt\/oryginalna-skorzana-torba-weekendowa-podrozna-sportowa-ze-skory-licowej-pc-07g\/#breadcrumb","itemListElement":[{"@type":"ListItem","position":1,"name":"Home","item":"https:\/\/www.ztefan.pl\/"},{"@type":"ListItem","position":2,"name":"Torby m\u0119skie ze sk\u00f3ry naturalnej","item":"https:\/\/www.ztefan.pl\/sklep\/"},{"@type":"ListItem","position":3,"name":"Oryginalna sk\u00f3rzana torba weekendowa podr\u00f3\u017cna sportowa ze sk\u00f3ry licowej PC-07g"}]}]}},"_links":{"self":[{"href":"https:\/\/www.ztefan.pl\/en\/wp-json\/wp\/v2\/product\/2163"}],"collection":[{"href":"https:\/\/www.ztefan.pl\/en\/wp-json\/wp\/v2\/product"}],"about":[{"href":"https:\/\/www.ztefan.pl\/en\/wp-json\/wp\/v2\/types\/product"}],"wp:featuredmedia":[{"embeddable":true,"href":"https:\/\/www.ztefan.pl\/en\/wp-json\/wp\/v2\/media\/2164"}],"wp:attachment":[{"href":"https:\/\/www.ztefan.pl\/en\/wp-json\/wp\/v2\/media?parent=2163"}],"curies":[{"name":"wp","href":"https:\/\/api.w.org\/{rel}","templated":true}]}}