{"id":2167,"date":"2021-07-18T21:38:33","date_gmt":"2021-07-18T19:38:33","guid":{"rendered":"http:\/\/www.ztefan.pl\/?post_type=product&#038;p=2167"},"modified":"2023-12-17T17:15:45","modified_gmt":"2023-12-17T16:15:45","slug":"duza-elegancka-kosmetyczka-z-naturalnej-skory-kk-06","status":"publish","type":"product","link":"https:\/\/www.ztefan.pl\/en\/produkt\/duza-elegancka-kosmetyczka-z-naturalnej-skory-kk-06\/","title":{"rendered":"Large, elegant natural leather travel toiletry KK-06"},"content":{"rendered":"<p>Goat leather travel toiletry<\/p>\n<p>Exceptionally roomy<\/p>","protected":false},"excerpt":{"rendered":"<p><strong>Material<\/strong>: Cow leather .<\/p>\n<p>Dimensions:<br \/>\n<strong>Length:<\/strong> 25 cm<br \/>\n<strong>Height:<\/strong> 16 cm<br \/>\n<strong>Depth:<\/strong> 9\u00a0 cm<\/p>\n<p><strong>Color:<\/strong> brown<\/p>\n","protected":false},"featured_media":2171,"template":"","meta":[],"yoast_head":"<!-- This site is optimized with the Yoast SEO plugin v18.3 - https:\/\/yoast.com\/wordpress\/plugins\/seo\/ -->\n<title>Large, elegant natural leather travel toiletry KK-06 - Ztefan<\/title>\n<meta name=\"robots\" content=\"index, follow, max-snippet:-1, max-image-preview:large, max-video-preview:-1\" \/>\n<link rel=\"canonical\" href=\"https:\/\/www.ztefan.pl\/produkt\/duza-elegancka-kosmetyczka-z-naturalnej-skory-kk-06\/\" \/>\n<meta property=\"og:locale\" content=\"en_US\" \/>\n<meta property=\"og:type\" content=\"article\" \/>\n<meta property=\"og:title\" content=\"[:pl]Du\u017ca , elegancka kosmetyczka z naturalnej sk\u00f3ry KK-06[:en]Large, elegant natural leather travel toiletry KK-06[:] - Ztefan\" \/>\n<meta property=\"og:description\" content=\"[:pl]Materia\u0142 : krowia sk\u00f3ra\u00a0 .  Wymiary: D\u0142ugo\u015b\u0107: 25 cm Wysoko\u015b\u0107: 16 cm G\u0142\u0119boko\u015b\u0107: 9 cm  Kolor: br\u0105z[:en]Material: Cow leather .  Dimensions: Length: 25 cm Height: 16 cm Depth: 9\u00a0 cm  Color: brown[:]\" \/>\n<meta property=\"og:url\" content=\"https:\/\/www.ztefan.pl\/produkt\/duza-elegancka-kosmetyczka-z-naturalnej-skory-kk-06\/\" \/>\n<meta property=\"og:site_name\" content=\"Ztefan\" \/>\n<meta property=\"article:publisher\" content=\"https:\/\/www.facebook.com\/ZTEFANSZCZECIN\" \/>\n<meta property=\"article:modified_time\" content=\"2023-12-17T16:15:45+00:00\" \/>\n<meta property=\"og:image\" content=\"https:\/\/www.ztefan.pl\/wp-content\/uploads\/2021\/07\/IMG_6322.jpg\" \/>\n\t<meta property=\"og:image:width\" content=\"1733\" \/>\n\t<meta property=\"og:image:height\" content=\"1300\" \/>\n\t<meta property=\"og:image:type\" content=\"image\/jpeg\" \/>\n<meta name=\"twitter:card\" content=\"summary_large_image\" \/>\n<script type=\"application\/ld+json\" class=\"yoast-schema-graph\">{\"@context\":\"https:\/\/schema.org\",\"@graph\":[{\"@type\":\"Organization\",\"@id\":\"https:\/\/www.ztefan.pl\/#organization\",\"name\":\"ZTEFAN Piotr Stefa\u0144ski\",\"url\":\"https:\/\/www.ztefan.pl\/\",\"sameAs\":[\"https:\/\/www.facebook.com\/ZTEFANSZCZECIN\",\"https:\/\/www.instagram.com\/ztefan_torby_skorzane\/\"],\"logo\":{\"@type\":\"ImageObject\",\"@id\":\"https:\/\/www.ztefan.pl\/#logo\",\"inLanguage\":\"en-US\",\"url\":\"https:\/\/www.ztefan.pl\/wp-content\/uploads\/2019\/12\/logo_www_color.png\",\"contentUrl\":\"https:\/\/www.ztefan.pl\/wp-content\/uploads\/2019\/12\/logo_www_color.png\",\"width\":182,\"height\":90,\"caption\":\"ZTEFAN Piotr Stefa\u0144ski\"},\"image\":{\"@id\":\"https:\/\/www.ztefan.pl\/#logo\"}},{\"@type\":\"WebSite\",\"@id\":\"https:\/\/www.ztefan.pl\/#website\",\"url\":\"https:\/\/www.ztefan.pl\/\",\"name\":\"Ztefan\",\"description\":\"Sk\u00f3rzane wyroby, torby podr\u00f3\u017cne, torby sportowe , torby na laptop Szczecin\",\"publisher\":{\"@id\":\"https:\/\/www.ztefan.pl\/#organization\"},\"potentialAction\":[{\"@type\":\"SearchAction\",\"target\":{\"@type\":\"EntryPoint\",\"urlTemplate\":\"https:\/\/www.ztefan.pl\/?s={search_term_string}\"},\"query-input\":\"required name=search_term_string\"}],\"inLanguage\":\"en-US\"},{\"@type\":\"ImageObject\",\"@id\":\"https:\/\/www.ztefan.pl\/produkt\/duza-elegancka-kosmetyczka-z-naturalnej-skory-kk-06\/#primaryimage\",\"inLanguage\":\"en-US\",\"url\":\"https:\/\/www.ztefan.pl\/wp-content\/uploads\/2021\/07\/IMG_6322.jpg\",\"contentUrl\":\"https:\/\/www.ztefan.pl\/wp-content\/uploads\/2021\/07\/IMG_6322.jpg\",\"width\":1733,\"height\":1300,\"caption\":\"kosmetyczka\"},{\"@type\":\"WebPage\",\"@id\":\"https:\/\/www.ztefan.pl\/produkt\/duza-elegancka-kosmetyczka-z-naturalnej-skory-kk-06\/#webpage\",\"url\":\"https:\/\/www.ztefan.pl\/produkt\/duza-elegancka-kosmetyczka-z-naturalnej-skory-kk-06\/\",\"name\":\"[:pl]Du\u017ca , elegancka kosmetyczka z naturalnej sk\u00f3ry KK-06[:en]Large, elegant natural leather travel toiletry KK-06[:] - Ztefan\",\"isPartOf\":{\"@id\":\"https:\/\/www.ztefan.pl\/#website\"},\"primaryImageOfPage\":{\"@id\":\"https:\/\/www.ztefan.pl\/produkt\/duza-elegancka-kosmetyczka-z-naturalnej-skory-kk-06\/#primaryimage\"},\"datePublished\":\"2021-07-18T19:38:33+00:00\",\"dateModified\":\"2023-12-17T16:15:45+00:00\",\"breadcrumb\":{\"@id\":\"https:\/\/www.ztefan.pl\/produkt\/duza-elegancka-kosmetyczka-z-naturalnej-skory-kk-06\/#breadcrumb\"},\"inLanguage\":\"en-US\",\"potentialAction\":[{\"@type\":\"ReadAction\",\"target\":[\"https:\/\/www.ztefan.pl\/produkt\/duza-elegancka-kosmetyczka-z-naturalnej-skory-kk-06\/\"]}]},{\"@type\":\"BreadcrumbList\",\"@id\":\"https:\/\/www.ztefan.pl\/produkt\/duza-elegancka-kosmetyczka-z-naturalnej-skory-kk-06\/#breadcrumb\",\"itemListElement\":[{\"@type\":\"ListItem\",\"position\":1,\"name\":\"Home\",\"item\":\"https:\/\/www.ztefan.pl\/\"},{\"@type\":\"ListItem\",\"position\":2,\"name\":\"Torby m\u0119skie ze sk\u00f3ry naturalnej\",\"item\":\"https:\/\/www.ztefan.pl\/sklep\/\"},{\"@type\":\"ListItem\",\"position\":3,\"name\":\"Du\u017ca , elegancka kosmetyczka z naturalnej sk\u00f3ry KK-06\"}]}]}<\/script>\n<!-- \/ Yoast SEO plugin. -->","yoast_head_json":{"title":"[:pl]Du\u017ca , elegancka kosmetyczka z naturalnej sk\u00f3ry KK-06[:en]Large, elegant natural leather travel toiletry KK-06[:] - Ztefan","robots":{"index":"index","follow":"follow","max-snippet":"max-snippet:-1","max-image-preview":"max-image-preview:large","max-video-preview":"max-video-preview:-1"},"canonical":"https:\/\/www.ztefan.pl\/produkt\/duza-elegancka-kosmetyczka-z-naturalnej-skory-kk-06\/","og_locale":"en_US","og_type":"article","og_title":"[:pl]Du\u017ca , elegancka kosmetyczka z naturalnej sk\u00f3ry KK-06[:en]Large, elegant natural leather travel toiletry KK-06[:] - Ztefan","og_description":"[:pl]Materia\u0142 : krowia sk\u00f3ra\u00a0 .  Wymiary: D\u0142ugo\u015b\u0107: 25 cm Wysoko\u015b\u0107: 16 cm G\u0142\u0119boko\u015b\u0107: 9 cm  Kolor: br\u0105z[:en]Material: Cow leather .  Dimensions: Length: 25 cm Height: 16 cm Depth: 9\u00a0 cm  Color: brown[:]","og_url":"https:\/\/www.ztefan.pl\/produkt\/duza-elegancka-kosmetyczka-z-naturalnej-skory-kk-06\/","og_site_name":"Ztefan","article_publisher":"https:\/\/www.facebook.com\/ZTEFANSZCZECIN","article_modified_time":"2023-12-17T16:15:45+00:00","og_image":[{"width":1733,"height":1300,"url":"https:\/\/www.ztefan.pl\/wp-content\/uploads\/2021\/07\/IMG_6322.jpg","type":"image\/jpeg"}],"twitter_card":"summary_large_image","schema":{"@context":"https:\/\/schema.org","@graph":[{"@type":"Organization","@id":"https:\/\/www.ztefan.pl\/#organization","name":"ZTEFAN Piotr Stefa\u0144ski","url":"https:\/\/www.ztefan.pl\/","sameAs":["https:\/\/www.facebook.com\/ZTEFANSZCZECIN","https:\/\/www.instagram.com\/ztefan_torby_skorzane\/"],"logo":{"@type":"ImageObject","@id":"https:\/\/www.ztefan.pl\/#logo","inLanguage":"en-US","url":"https:\/\/www.ztefan.pl\/wp-content\/uploads\/2019\/12\/logo_www_color.png","contentUrl":"https:\/\/www.ztefan.pl\/wp-content\/uploads\/2019\/12\/logo_www_color.png","width":182,"height":90,"caption":"ZTEFAN Piotr Stefa\u0144ski"},"image":{"@id":"https:\/\/www.ztefan.pl\/#logo"}},{"@type":"WebSite","@id":"https:\/\/www.ztefan.pl\/#website","url":"https:\/\/www.ztefan.pl\/","name":"Ztefan","description":"Sk\u00f3rzane wyroby, torby podr\u00f3\u017cne, torby sportowe , torby na laptop Szczecin","publisher":{"@id":"https:\/\/www.ztefan.pl\/#organization"},"potentialAction":[{"@type":"SearchAction","target":{"@type":"EntryPoint","urlTemplate":"https:\/\/www.ztefan.pl\/?s={search_term_string}"},"query-input":"required name=search_term_string"}],"inLanguage":"en-US"},{"@type":"ImageObject","@id":"https:\/\/www.ztefan.pl\/produkt\/duza-elegancka-kosmetyczka-z-naturalnej-skory-kk-06\/#primaryimage","inLanguage":"en-US","url":"https:\/\/www.ztefan.pl\/wp-content\/uploads\/2021\/07\/IMG_6322.jpg","contentUrl":"https:\/\/www.ztefan.pl\/wp-content\/uploads\/2021\/07\/IMG_6322.jpg","width":1733,"height":1300,"caption":"kosmetyczka"},{"@type":"WebPage","@id":"https:\/\/www.ztefan.pl\/produkt\/duza-elegancka-kosmetyczka-z-naturalnej-skory-kk-06\/#webpage","url":"https:\/\/www.ztefan.pl\/produkt\/duza-elegancka-kosmetyczka-z-naturalnej-skory-kk-06\/","name":"[:pl]Du\u017ca , elegancka kosmetyczka z naturalnej sk\u00f3ry KK-06[:en]Large, elegant natural leather travel toiletry KK-06[:] - Ztefan","isPartOf":{"@id":"https:\/\/www.ztefan.pl\/#website"},"primaryImageOfPage":{"@id":"https:\/\/www.ztefan.pl\/produkt\/duza-elegancka-kosmetyczka-z-naturalnej-skory-kk-06\/#primaryimage"},"datePublished":"2021-07-18T19:38:33+00:00","dateModified":"2023-12-17T16:15:45+00:00","breadcrumb":{"@id":"https:\/\/www.ztefan.pl\/produkt\/duza-elegancka-kosmetyczka-z-naturalnej-skory-kk-06\/#breadcrumb"},"inLanguage":"en-US","potentialAction":[{"@type":"ReadAction","target":["https:\/\/www.ztefan.pl\/produkt\/duza-elegancka-kosmetyczka-z-naturalnej-skory-kk-06\/"]}]},{"@type":"BreadcrumbList","@id":"https:\/\/www.ztefan.pl\/produkt\/duza-elegancka-kosmetyczka-z-naturalnej-skory-kk-06\/#breadcrumb","itemListElement":[{"@type":"ListItem","position":1,"name":"Home","item":"https:\/\/www.ztefan.pl\/"},{"@type":"ListItem","position":2,"name":"Torby m\u0119skie ze sk\u00f3ry naturalnej","item":"https:\/\/www.ztefan.pl\/sklep\/"},{"@type":"ListItem","position":3,"name":"Du\u017ca , elegancka kosmetyczka z naturalnej sk\u00f3ry KK-06"}]}]}},"_links":{"self":[{"href":"https:\/\/www.ztefan.pl\/en\/wp-json\/wp\/v2\/product\/2167"}],"collection":[{"href":"https:\/\/www.ztefan.pl\/en\/wp-json\/wp\/v2\/product"}],"about":[{"href":"https:\/\/www.ztefan.pl\/en\/wp-json\/wp\/v2\/types\/product"}],"wp:featuredmedia":[{"embeddable":true,"href":"https:\/\/www.ztefan.pl\/en\/wp-json\/wp\/v2\/media\/2171"}],"wp:attachment":[{"href":"https:\/\/www.ztefan.pl\/en\/wp-json\/wp\/v2\/media?parent=2167"}],"curies":[{"name":"wp","href":"https:\/\/api.w.org\/{rel}","templated":true}]}}