{"id":2299,"date":"2021-11-28T20:26:46","date_gmt":"2021-11-28T19:26:46","guid":{"rendered":"http:\/\/www.ztefan.pl\/?post_type=product&#038;p=2299"},"modified":"2026-02-22T11:49:00","modified_gmt":"2026-02-22T10:49:00","slug":"torba-weekendowa-z-prawdziwej-skory-zt-04a","status":"publish","type":"product","link":"https:\/\/www.ztefan.pl\/en\/produkt\/torba-weekendowa-z-prawdziwej-skory-zt-04a\/","title":{"rendered":"ZT-04a genuine leather weekend bag"},"content":{"rendered":"<p>Dark brown leather weekend bag.<\/p>\n<p>The bag has a main U-shaped pocket, thanks to which all corners can be accessed. Pocket dimensions: 44 x 26 cm.<br \/>\nThe shape and size of the pocket makes it easy to carrythings in and pull out of the bag.<\/p>\n<p>The bag is protected from the bottom against scratches with metal studs.<br \/>\nSingle inner zip pocket with dimensions: 25 \u00d7 18 cm.<br \/>\nTwo outer side pockets for storing useful items with dimensions 15 x 17 cm.<\/p>\n<p>Adjustable, padded shoulder strap with a length of 150 cm.<\/p>","protected":false},"excerpt":{"rendered":"<p><strong>Material :<\/strong> full grain calf leather.<\/p>\n<p>Dimensions:<br \/>\n<strong>Length:<\/strong> 60 cm from pocket to pocket ( 50 cm without pocket )<br \/>\n<strong>Height:<\/strong> 25 cm<br \/>\n<strong>Depth:<\/strong> 25 cm<\/p>\n<p><strong>Handle :<\/strong> 16 cm<br \/>\n<strong>Color:<\/strong> Tan Brown.<br \/>\nBrass fittings.<br \/>\n<strong>Weight:<\/strong> 2,2 kg<\/p>\n","protected":false},"featured_media":2302,"template":"","meta":[],"yoast_head":"<!-- This site is optimized with the Yoast SEO plugin v18.3 - https:\/\/yoast.com\/wordpress\/plugins\/seo\/ -->\n<title>ZT-04a genuine leather weekend bag  - Ztefan<\/title>\n<meta name=\"robots\" content=\"index, follow, max-snippet:-1, max-image-preview:large, max-video-preview:-1\" \/>\n<link rel=\"canonical\" href=\"https:\/\/www.ztefan.pl\/produkt\/torba-weekendowa-z-prawdziwej-skory-zt-04a\/\" \/>\n<meta property=\"og:locale\" content=\"en_US\" \/>\n<meta property=\"og:type\" content=\"article\" \/>\n<meta property=\"og:title\" content=\"[:pl]Torba weekendowa z prawdziwej sk\u00f3ry ZT-04a[:en]ZT-04a genuine leather weekend bag [:] - Ztefan\" \/>\n<meta property=\"og:description\" content=\"[:pl]Materia\u0142 : sk\u00f3ra ciel\u0119ca licowa.  Wymiary : D\u0142ugo\u015b\u0107: 60 cm od kieszeni do kieszeni ( 50 cm bez kieszeni ) Wysoko\u015b\u0107: 25 cm G\u0142\u0119boko\u015b\u0107: 25 cm  Uchwyt : 16 cm Kolor: Tan Brown. Mosi\u0119\u017cne okucia. Waga: 2,2 kg[:en]Material : full grain calf leather.  Dimensions: Length: 60 cm from pocket to pocket ( 50 cm without pocket ) Height: 25 cm Depth: 25 cm  Handle : 16 cm Color: Tan Brown. Brass fittings. Weight: 2,2 kg[:]\" \/>\n<meta property=\"og:url\" content=\"https:\/\/www.ztefan.pl\/produkt\/torba-weekendowa-z-prawdziwej-skory-zt-04a\/\" \/>\n<meta property=\"og:site_name\" content=\"Ztefan\" \/>\n<meta property=\"article:publisher\" content=\"https:\/\/www.facebook.com\/ZTEFANSZCZECIN\" \/>\n<meta property=\"article:modified_time\" content=\"2026-02-22T10:49:00+00:00\" \/>\n<meta property=\"og:image\" content=\"https:\/\/www.ztefan.pl\/wp-content\/uploads\/2021\/11\/IMG_1999.jpg\" \/>\n\t<meta property=\"og:image:width\" content=\"1733\" \/>\n\t<meta property=\"og:image:height\" content=\"1300\" \/>\n\t<meta property=\"og:image:type\" content=\"image\/jpeg\" \/>\n<meta name=\"twitter:card\" content=\"summary_large_image\" \/>\n<meta name=\"twitter:label1\" content=\"Est. reading time\" \/>\n\t<meta name=\"twitter:data1\" content=\"1 minute\" \/>\n<script type=\"application\/ld+json\" class=\"yoast-schema-graph\">{\"@context\":\"https:\/\/schema.org\",\"@graph\":[{\"@type\":\"Organization\",\"@id\":\"https:\/\/www.ztefan.pl\/#organization\",\"name\":\"ZTEFAN Piotr Stefa\u0144ski\",\"url\":\"https:\/\/www.ztefan.pl\/\",\"sameAs\":[\"https:\/\/www.facebook.com\/ZTEFANSZCZECIN\",\"https:\/\/www.instagram.com\/ztefan_torby_skorzane\/\"],\"logo\":{\"@type\":\"ImageObject\",\"@id\":\"https:\/\/www.ztefan.pl\/#logo\",\"inLanguage\":\"en-US\",\"url\":\"https:\/\/www.ztefan.pl\/wp-content\/uploads\/2019\/12\/logo_www_color.png\",\"contentUrl\":\"https:\/\/www.ztefan.pl\/wp-content\/uploads\/2019\/12\/logo_www_color.png\",\"width\":182,\"height\":90,\"caption\":\"ZTEFAN Piotr Stefa\u0144ski\"},\"image\":{\"@id\":\"https:\/\/www.ztefan.pl\/#logo\"}},{\"@type\":\"WebSite\",\"@id\":\"https:\/\/www.ztefan.pl\/#website\",\"url\":\"https:\/\/www.ztefan.pl\/\",\"name\":\"Ztefan\",\"description\":\"Sk\u00f3rzane wyroby, torby podr\u00f3\u017cne, torby sportowe , torby na laptop Szczecin\",\"publisher\":{\"@id\":\"https:\/\/www.ztefan.pl\/#organization\"},\"potentialAction\":[{\"@type\":\"SearchAction\",\"target\":{\"@type\":\"EntryPoint\",\"urlTemplate\":\"https:\/\/www.ztefan.pl\/?s={search_term_string}\"},\"query-input\":\"required name=search_term_string\"}],\"inLanguage\":\"en-US\"},{\"@type\":\"ImageObject\",\"@id\":\"https:\/\/www.ztefan.pl\/produkt\/torba-weekendowa-z-prawdziwej-skory-zt-04a\/#primaryimage\",\"inLanguage\":\"en-US\",\"url\":\"https:\/\/www.ztefan.pl\/wp-content\/uploads\/2021\/11\/IMG_1999.jpg\",\"contentUrl\":\"https:\/\/www.ztefan.pl\/wp-content\/uploads\/2021\/11\/IMG_1999.jpg\",\"width\":1733,\"height\":1300,\"caption\":\"torba\"},{\"@type\":\"WebPage\",\"@id\":\"https:\/\/www.ztefan.pl\/produkt\/torba-weekendowa-z-prawdziwej-skory-zt-04a\/#webpage\",\"url\":\"https:\/\/www.ztefan.pl\/produkt\/torba-weekendowa-z-prawdziwej-skory-zt-04a\/\",\"name\":\"[:pl]Torba weekendowa z prawdziwej sk\u00f3ry ZT-04a[:en]ZT-04a genuine leather weekend bag [:] - Ztefan\",\"isPartOf\":{\"@id\":\"https:\/\/www.ztefan.pl\/#website\"},\"primaryImageOfPage\":{\"@id\":\"https:\/\/www.ztefan.pl\/produkt\/torba-weekendowa-z-prawdziwej-skory-zt-04a\/#primaryimage\"},\"datePublished\":\"2021-11-28T19:26:46+00:00\",\"dateModified\":\"2026-02-22T10:49:00+00:00\",\"breadcrumb\":{\"@id\":\"https:\/\/www.ztefan.pl\/produkt\/torba-weekendowa-z-prawdziwej-skory-zt-04a\/#breadcrumb\"},\"inLanguage\":\"en-US\",\"potentialAction\":[{\"@type\":\"ReadAction\",\"target\":[\"https:\/\/www.ztefan.pl\/produkt\/torba-weekendowa-z-prawdziwej-skory-zt-04a\/\"]}]},{\"@type\":\"BreadcrumbList\",\"@id\":\"https:\/\/www.ztefan.pl\/produkt\/torba-weekendowa-z-prawdziwej-skory-zt-04a\/#breadcrumb\",\"itemListElement\":[{\"@type\":\"ListItem\",\"position\":1,\"name\":\"Home\",\"item\":\"https:\/\/www.ztefan.pl\/\"},{\"@type\":\"ListItem\",\"position\":2,\"name\":\"Torby m\u0119skie ze sk\u00f3ry naturalnej\",\"item\":\"https:\/\/www.ztefan.pl\/sklep\/\"},{\"@type\":\"ListItem\",\"position\":3,\"name\":\"Torba weekendowa z prawdziwej sk\u00f3ry ZT-04a\"}]}]}<\/script>\n<!-- \/ Yoast SEO plugin. -->","yoast_head_json":{"title":"[:pl]Torba weekendowa z prawdziwej sk\u00f3ry ZT-04a[:en]ZT-04a genuine leather weekend bag [:] - Ztefan","robots":{"index":"index","follow":"follow","max-snippet":"max-snippet:-1","max-image-preview":"max-image-preview:large","max-video-preview":"max-video-preview:-1"},"canonical":"https:\/\/www.ztefan.pl\/produkt\/torba-weekendowa-z-prawdziwej-skory-zt-04a\/","og_locale":"en_US","og_type":"article","og_title":"[:pl]Torba weekendowa z prawdziwej sk\u00f3ry ZT-04a[:en]ZT-04a genuine leather weekend bag [:] - Ztefan","og_description":"[:pl]Materia\u0142 : sk\u00f3ra ciel\u0119ca licowa.  Wymiary : D\u0142ugo\u015b\u0107: 60 cm od kieszeni do kieszeni ( 50 cm bez kieszeni ) Wysoko\u015b\u0107: 25 cm G\u0142\u0119boko\u015b\u0107: 25 cm  Uchwyt : 16 cm Kolor: Tan Brown. Mosi\u0119\u017cne okucia. Waga: 2,2 kg[:en]Material : full grain calf leather.  Dimensions: Length: 60 cm from pocket to pocket ( 50 cm without pocket ) Height: 25 cm Depth: 25 cm  Handle : 16 cm Color: Tan Brown. Brass fittings. Weight: 2,2 kg[:]","og_url":"https:\/\/www.ztefan.pl\/produkt\/torba-weekendowa-z-prawdziwej-skory-zt-04a\/","og_site_name":"Ztefan","article_publisher":"https:\/\/www.facebook.com\/ZTEFANSZCZECIN","article_modified_time":"2026-02-22T10:49:00+00:00","og_image":[{"width":1733,"height":1300,"url":"https:\/\/www.ztefan.pl\/wp-content\/uploads\/2021\/11\/IMG_1999.jpg","type":"image\/jpeg"}],"twitter_card":"summary_large_image","twitter_misc":{"Est. reading time":"1 minute"},"schema":{"@context":"https:\/\/schema.org","@graph":[{"@type":"Organization","@id":"https:\/\/www.ztefan.pl\/#organization","name":"ZTEFAN Piotr Stefa\u0144ski","url":"https:\/\/www.ztefan.pl\/","sameAs":["https:\/\/www.facebook.com\/ZTEFANSZCZECIN","https:\/\/www.instagram.com\/ztefan_torby_skorzane\/"],"logo":{"@type":"ImageObject","@id":"https:\/\/www.ztefan.pl\/#logo","inLanguage":"en-US","url":"https:\/\/www.ztefan.pl\/wp-content\/uploads\/2019\/12\/logo_www_color.png","contentUrl":"https:\/\/www.ztefan.pl\/wp-content\/uploads\/2019\/12\/logo_www_color.png","width":182,"height":90,"caption":"ZTEFAN Piotr Stefa\u0144ski"},"image":{"@id":"https:\/\/www.ztefan.pl\/#logo"}},{"@type":"WebSite","@id":"https:\/\/www.ztefan.pl\/#website","url":"https:\/\/www.ztefan.pl\/","name":"Ztefan","description":"Sk\u00f3rzane wyroby, torby podr\u00f3\u017cne, torby sportowe , torby na laptop Szczecin","publisher":{"@id":"https:\/\/www.ztefan.pl\/#organization"},"potentialAction":[{"@type":"SearchAction","target":{"@type":"EntryPoint","urlTemplate":"https:\/\/www.ztefan.pl\/?s={search_term_string}"},"query-input":"required name=search_term_string"}],"inLanguage":"en-US"},{"@type":"ImageObject","@id":"https:\/\/www.ztefan.pl\/produkt\/torba-weekendowa-z-prawdziwej-skory-zt-04a\/#primaryimage","inLanguage":"en-US","url":"https:\/\/www.ztefan.pl\/wp-content\/uploads\/2021\/11\/IMG_1999.jpg","contentUrl":"https:\/\/www.ztefan.pl\/wp-content\/uploads\/2021\/11\/IMG_1999.jpg","width":1733,"height":1300,"caption":"torba"},{"@type":"WebPage","@id":"https:\/\/www.ztefan.pl\/produkt\/torba-weekendowa-z-prawdziwej-skory-zt-04a\/#webpage","url":"https:\/\/www.ztefan.pl\/produkt\/torba-weekendowa-z-prawdziwej-skory-zt-04a\/","name":"[:pl]Torba weekendowa z prawdziwej sk\u00f3ry ZT-04a[:en]ZT-04a genuine leather weekend bag [:] - Ztefan","isPartOf":{"@id":"https:\/\/www.ztefan.pl\/#website"},"primaryImageOfPage":{"@id":"https:\/\/www.ztefan.pl\/produkt\/torba-weekendowa-z-prawdziwej-skory-zt-04a\/#primaryimage"},"datePublished":"2021-11-28T19:26:46+00:00","dateModified":"2026-02-22T10:49:00+00:00","breadcrumb":{"@id":"https:\/\/www.ztefan.pl\/produkt\/torba-weekendowa-z-prawdziwej-skory-zt-04a\/#breadcrumb"},"inLanguage":"en-US","potentialAction":[{"@type":"ReadAction","target":["https:\/\/www.ztefan.pl\/produkt\/torba-weekendowa-z-prawdziwej-skory-zt-04a\/"]}]},{"@type":"BreadcrumbList","@id":"https:\/\/www.ztefan.pl\/produkt\/torba-weekendowa-z-prawdziwej-skory-zt-04a\/#breadcrumb","itemListElement":[{"@type":"ListItem","position":1,"name":"Home","item":"https:\/\/www.ztefan.pl\/"},{"@type":"ListItem","position":2,"name":"Torby m\u0119skie ze sk\u00f3ry naturalnej","item":"https:\/\/www.ztefan.pl\/sklep\/"},{"@type":"ListItem","position":3,"name":"Torba weekendowa z prawdziwej sk\u00f3ry ZT-04a"}]}]}},"_links":{"self":[{"href":"https:\/\/www.ztefan.pl\/en\/wp-json\/wp\/v2\/product\/2299"}],"collection":[{"href":"https:\/\/www.ztefan.pl\/en\/wp-json\/wp\/v2\/product"}],"about":[{"href":"https:\/\/www.ztefan.pl\/en\/wp-json\/wp\/v2\/types\/product"}],"wp:featuredmedia":[{"embeddable":true,"href":"https:\/\/www.ztefan.pl\/en\/wp-json\/wp\/v2\/media\/2302"}],"wp:attachment":[{"href":"https:\/\/www.ztefan.pl\/en\/wp-json\/wp\/v2\/media?parent=2299"}],"curies":[{"name":"wp","href":"https:\/\/api.w.org\/{rel}","templated":true}]}}