{"id":2432,"date":"2022-01-09T16:50:13","date_gmt":"2022-01-09T15:50:13","guid":{"rendered":"http:\/\/www.ztefan.pl\/?post_type=product&#038;p=2432"},"modified":"2022-01-31T19:02:41","modified_gmt":"2022-01-31T18:02:41","slug":"noz-ze-stali-weglowej-z-rekojescia-z-rogu-jelenia-mp-01","status":"publish","type":"product","link":"https:\/\/www.ztefan.pl\/en\/produkt\/noz-ze-stali-weglowej-z-rekojescia-z-rogu-jelenia-mp-01\/","title":{"rendered":"MP-01 Carbon Steel Knife"},"content":{"rendered":"<p>Carbon steel knife made in Pakistan<\/p>\n<p>Extremely hard and sharp blade<\/p>\n<p>Handle made of real deer horn<\/p>","protected":false},"excerpt":{"rendered":"<p><strong>Material:<\/strong> Carbon steel.<\/p>\n<p><strong>Dimensions:<\/strong><br \/>\n<strong>Overall length:<\/strong> 28 cm<br \/>\n<strong>Blade length:<\/strong> 13.5 cm<\/p>\n<p><strong>Handle:<\/strong> real deer horn<\/p>\n","protected":false},"featured_media":2440,"template":"","meta":[],"yoast_head":"<!-- This site is optimized with the Yoast SEO plugin v18.3 - https:\/\/yoast.com\/wordpress\/plugins\/seo\/ -->\n<title>MP-01 Carbon Steel Knife  - Ztefan<\/title>\n<meta name=\"robots\" content=\"index, follow, max-snippet:-1, max-image-preview:large, max-video-preview:-1\" \/>\n<link rel=\"canonical\" href=\"https:\/\/www.ztefan.pl\/produkt\/noz-ze-stali-weglowej-z-rekojescia-z-rogu-jelenia-mp-01\/\" \/>\n<meta property=\"og:locale\" content=\"en_US\" \/>\n<meta property=\"og:type\" content=\"article\" \/>\n<meta property=\"og:title\" content=\"[:pl]N\u00f3\u017c ze stali w\u0119glowej z r\u0119koje\u015bci\u0105 z rogu jelenia MP-01[:en]MP-01 Carbon Steel Knife [:] - Ztefan\" \/>\n<meta property=\"og:description\" content=\"[:pl]Materia\u0142 : stal w\u0119glowa .  Wymiary: D\u0142ugo\u015b\u0107 ca\u0142kowita : 28 cm D\u0142ugo\u015b\u0107 ostrza : 13,5 cm  R\u0119koje\u015b\u0107 : r\u00f3g jelenia  No\u017ce ze stali damasce\u0144skiej i w\u0119glowej s\u0105 lepsze ni\u017c no\u017ce ze stali nierdzewnej, ale wymagaj\u0105 \u015bwiadomego u\u017cytkowania. Oto kilka wskaz\u00f3wek, kt\u00f3re pomog\u0105 Ci dba\u0107 o n\u00f3\u017c ze stali damasce\u0144skiej . Bior\u0105c pod uwag\u0119, \u017ce stal damasce\u0144ska jest stal\u0105 wysokow\u0119glow\u0105, nale\u017cy o ni\u0105 dba\u0107 i uwa\u017ca\u0107. Musisz przechowywa\u0107 sw\u00f3j n\u00f3\u017c w suchym miejscu. D\u0142ugotrwa\u0142e przechowywanie w sk\u00f3rzanej pochwie mo\u017ce spowodowa\u0107 rdzewienie ostrza ze wzgl\u0119du na ch\u0142onn\u0105 natur\u0119 sk\u00f3ry. Je\u017celi nie planujesz u\u017cywa\u0107 no\u017ca d\u0142u\u017cszy czas zalecamy przygotowanie go do przechowywania. Pokrycie ostrza wazelin\u0105 lub lekkim olejem (takim jak WD 40 lub oliw\u0105 z oliwek) zapobiegnie przedostaniu si\u0119 wilgoci do stali. Je\u015bli zamierzasz przechowywa\u0107 go w pochwie, ostrze nale\u017cy owin\u0105\u0107 foli\u0105, a nast\u0119pnie w\u0142o\u017cy\u0107 do pochwy. Folia z tworzywa sztucznego b\u0119dzie dzia\u0142a\u0107 jak bariera ochronna mi\u0119dzy stal\u0105 a sk\u00f3r\u0105. Po wyj\u0119ciu no\u017ca z pochwy ,wystarczy wyczy\u015bci\u0107 ostrze. Je\u015bli na ostrzu pojawi si\u0119 troch\u0119 rdzy lub korozji, zalecamy szlifowanie na mokro przy u\u017cyciu WD40 z papierem \u015bciernym 1500 ( na mokro \/ na sucho )\u00a0 lub we\u0142n\u0105 stalow\u0105 0000 lub 000. WD40 dzia\u0142a jako \u015brodek zabezpieczaj\u0105cy.[:en]Material: Carbon steel.  Dimensions: Overall length: 28 cm Blade length: 13.5 cm  Handle: real deer horn[:]\" \/>\n<meta property=\"og:url\" content=\"https:\/\/www.ztefan.pl\/produkt\/noz-ze-stali-weglowej-z-rekojescia-z-rogu-jelenia-mp-01\/\" \/>\n<meta property=\"og:site_name\" content=\"Ztefan\" \/>\n<meta property=\"article:publisher\" content=\"https:\/\/www.facebook.com\/ZTEFANSZCZECIN\" \/>\n<meta property=\"article:modified_time\" content=\"2022-01-31T18:02:41+00:00\" \/>\n<meta property=\"og:image\" content=\"https:\/\/www.ztefan.pl\/wp-content\/uploads\/2022\/01\/IMG_6676.jpg\" \/>\n\t<meta property=\"og:image:width\" content=\"811\" \/>\n\t<meta property=\"og:image:height\" content=\"1300\" \/>\n\t<meta property=\"og:image:type\" content=\"image\/jpeg\" \/>\n<meta name=\"twitter:card\" content=\"summary_large_image\" \/>\n<script type=\"application\/ld+json\" class=\"yoast-schema-graph\">{\"@context\":\"https:\/\/schema.org\",\"@graph\":[{\"@type\":\"Organization\",\"@id\":\"https:\/\/www.ztefan.pl\/#organization\",\"name\":\"ZTEFAN Piotr Stefa\u0144ski\",\"url\":\"https:\/\/www.ztefan.pl\/\",\"sameAs\":[\"https:\/\/www.facebook.com\/ZTEFANSZCZECIN\",\"https:\/\/www.instagram.com\/ztefan_torby_skorzane\/\"],\"logo\":{\"@type\":\"ImageObject\",\"@id\":\"https:\/\/www.ztefan.pl\/#logo\",\"inLanguage\":\"en-US\",\"url\":\"https:\/\/www.ztefan.pl\/wp-content\/uploads\/2019\/12\/logo_www_color.png\",\"contentUrl\":\"https:\/\/www.ztefan.pl\/wp-content\/uploads\/2019\/12\/logo_www_color.png\",\"width\":182,\"height\":90,\"caption\":\"ZTEFAN Piotr Stefa\u0144ski\"},\"image\":{\"@id\":\"https:\/\/www.ztefan.pl\/#logo\"}},{\"@type\":\"WebSite\",\"@id\":\"https:\/\/www.ztefan.pl\/#website\",\"url\":\"https:\/\/www.ztefan.pl\/\",\"name\":\"Ztefan\",\"description\":\"Sk\u00f3rzane wyroby, torby podr\u00f3\u017cne, torby sportowe , torby na laptop Szczecin\",\"publisher\":{\"@id\":\"https:\/\/www.ztefan.pl\/#organization\"},\"potentialAction\":[{\"@type\":\"SearchAction\",\"target\":{\"@type\":\"EntryPoint\",\"urlTemplate\":\"https:\/\/www.ztefan.pl\/?s={search_term_string}\"},\"query-input\":\"required name=search_term_string\"}],\"inLanguage\":\"en-US\"},{\"@type\":\"ImageObject\",\"@id\":\"https:\/\/www.ztefan.pl\/produkt\/noz-ze-stali-weglowej-z-rekojescia-z-rogu-jelenia-mp-01\/#primaryimage\",\"inLanguage\":\"en-US\",\"url\":\"https:\/\/www.ztefan.pl\/wp-content\/uploads\/2022\/01\/IMG_6676.jpg\",\"contentUrl\":\"https:\/\/www.ztefan.pl\/wp-content\/uploads\/2022\/01\/IMG_6676.jpg\",\"width\":811,\"height\":1300,\"caption\":\"N\u00f3\u017c\"},{\"@type\":\"WebPage\",\"@id\":\"https:\/\/www.ztefan.pl\/produkt\/noz-ze-stali-weglowej-z-rekojescia-z-rogu-jelenia-mp-01\/#webpage\",\"url\":\"https:\/\/www.ztefan.pl\/produkt\/noz-ze-stali-weglowej-z-rekojescia-z-rogu-jelenia-mp-01\/\",\"name\":\"[:pl]N\u00f3\u017c ze stali w\u0119glowej z r\u0119koje\u015bci\u0105 z rogu jelenia MP-01[:en]MP-01 Carbon Steel Knife [:] - Ztefan\",\"isPartOf\":{\"@id\":\"https:\/\/www.ztefan.pl\/#website\"},\"primaryImageOfPage\":{\"@id\":\"https:\/\/www.ztefan.pl\/produkt\/noz-ze-stali-weglowej-z-rekojescia-z-rogu-jelenia-mp-01\/#primaryimage\"},\"datePublished\":\"2022-01-09T15:50:13+00:00\",\"dateModified\":\"2022-01-31T18:02:41+00:00\",\"breadcrumb\":{\"@id\":\"https:\/\/www.ztefan.pl\/produkt\/noz-ze-stali-weglowej-z-rekojescia-z-rogu-jelenia-mp-01\/#breadcrumb\"},\"inLanguage\":\"en-US\",\"potentialAction\":[{\"@type\":\"ReadAction\",\"target\":[\"https:\/\/www.ztefan.pl\/produkt\/noz-ze-stali-weglowej-z-rekojescia-z-rogu-jelenia-mp-01\/\"]}]},{\"@type\":\"BreadcrumbList\",\"@id\":\"https:\/\/www.ztefan.pl\/produkt\/noz-ze-stali-weglowej-z-rekojescia-z-rogu-jelenia-mp-01\/#breadcrumb\",\"itemListElement\":[{\"@type\":\"ListItem\",\"position\":1,\"name\":\"Home\",\"item\":\"https:\/\/www.ztefan.pl\/\"},{\"@type\":\"ListItem\",\"position\":2,\"name\":\"Torby m\u0119skie ze sk\u00f3ry naturalnej\",\"item\":\"https:\/\/www.ztefan.pl\/sklep\/\"},{\"@type\":\"ListItem\",\"position\":3,\"name\":\"N\u00f3\u017c ze stali w\u0119glowej z r\u0119koje\u015bci\u0105 z rogu jelenia MP-01\"}]}]}<\/script>\n<!-- \/ Yoast SEO plugin. -->","yoast_head_json":{"title":"[:pl]N\u00f3\u017c ze stali w\u0119glowej z r\u0119koje\u015bci\u0105 z rogu jelenia MP-01[:en]MP-01 Carbon Steel Knife [:] - Ztefan","robots":{"index":"index","follow":"follow","max-snippet":"max-snippet:-1","max-image-preview":"max-image-preview:large","max-video-preview":"max-video-preview:-1"},"canonical":"https:\/\/www.ztefan.pl\/produkt\/noz-ze-stali-weglowej-z-rekojescia-z-rogu-jelenia-mp-01\/","og_locale":"en_US","og_type":"article","og_title":"[:pl]N\u00f3\u017c ze stali w\u0119glowej z r\u0119koje\u015bci\u0105 z rogu jelenia MP-01[:en]MP-01 Carbon Steel Knife [:] - Ztefan","og_description":"[:pl]Materia\u0142 : stal w\u0119glowa .  Wymiary: D\u0142ugo\u015b\u0107 ca\u0142kowita : 28 cm D\u0142ugo\u015b\u0107 ostrza : 13,5 cm  R\u0119koje\u015b\u0107 : r\u00f3g jelenia  No\u017ce ze stali damasce\u0144skiej i w\u0119glowej s\u0105 lepsze ni\u017c no\u017ce ze stali nierdzewnej, ale wymagaj\u0105 \u015bwiadomego u\u017cytkowania. Oto kilka wskaz\u00f3wek, kt\u00f3re pomog\u0105 Ci dba\u0107 o n\u00f3\u017c ze stali damasce\u0144skiej . Bior\u0105c pod uwag\u0119, \u017ce stal damasce\u0144ska jest stal\u0105 wysokow\u0119glow\u0105, nale\u017cy o ni\u0105 dba\u0107 i uwa\u017ca\u0107. Musisz przechowywa\u0107 sw\u00f3j n\u00f3\u017c w suchym miejscu. D\u0142ugotrwa\u0142e przechowywanie w sk\u00f3rzanej pochwie mo\u017ce spowodowa\u0107 rdzewienie ostrza ze wzgl\u0119du na ch\u0142onn\u0105 natur\u0119 sk\u00f3ry. Je\u017celi nie planujesz u\u017cywa\u0107 no\u017ca d\u0142u\u017cszy czas zalecamy przygotowanie go do przechowywania. Pokrycie ostrza wazelin\u0105 lub lekkim olejem (takim jak WD 40 lub oliw\u0105 z oliwek) zapobiegnie przedostaniu si\u0119 wilgoci do stali. Je\u015bli zamierzasz przechowywa\u0107 go w pochwie, ostrze nale\u017cy owin\u0105\u0107 foli\u0105, a nast\u0119pnie w\u0142o\u017cy\u0107 do pochwy. Folia z tworzywa sztucznego b\u0119dzie dzia\u0142a\u0107 jak bariera ochronna mi\u0119dzy stal\u0105 a sk\u00f3r\u0105. Po wyj\u0119ciu no\u017ca z pochwy ,wystarczy wyczy\u015bci\u0107 ostrze. Je\u015bli na ostrzu pojawi si\u0119 troch\u0119 rdzy lub korozji, zalecamy szlifowanie na mokro przy u\u017cyciu WD40 z papierem \u015bciernym 1500 ( na mokro \/ na sucho )\u00a0 lub we\u0142n\u0105 stalow\u0105 0000 lub 000. WD40 dzia\u0142a jako \u015brodek zabezpieczaj\u0105cy.[:en]Material: Carbon steel.  Dimensions: Overall length: 28 cm Blade length: 13.5 cm  Handle: real deer horn[:]","og_url":"https:\/\/www.ztefan.pl\/produkt\/noz-ze-stali-weglowej-z-rekojescia-z-rogu-jelenia-mp-01\/","og_site_name":"Ztefan","article_publisher":"https:\/\/www.facebook.com\/ZTEFANSZCZECIN","article_modified_time":"2022-01-31T18:02:41+00:00","og_image":[{"width":811,"height":1300,"url":"https:\/\/www.ztefan.pl\/wp-content\/uploads\/2022\/01\/IMG_6676.jpg","type":"image\/jpeg"}],"twitter_card":"summary_large_image","schema":{"@context":"https:\/\/schema.org","@graph":[{"@type":"Organization","@id":"https:\/\/www.ztefan.pl\/#organization","name":"ZTEFAN Piotr Stefa\u0144ski","url":"https:\/\/www.ztefan.pl\/","sameAs":["https:\/\/www.facebook.com\/ZTEFANSZCZECIN","https:\/\/www.instagram.com\/ztefan_torby_skorzane\/"],"logo":{"@type":"ImageObject","@id":"https:\/\/www.ztefan.pl\/#logo","inLanguage":"en-US","url":"https:\/\/www.ztefan.pl\/wp-content\/uploads\/2019\/12\/logo_www_color.png","contentUrl":"https:\/\/www.ztefan.pl\/wp-content\/uploads\/2019\/12\/logo_www_color.png","width":182,"height":90,"caption":"ZTEFAN Piotr Stefa\u0144ski"},"image":{"@id":"https:\/\/www.ztefan.pl\/#logo"}},{"@type":"WebSite","@id":"https:\/\/www.ztefan.pl\/#website","url":"https:\/\/www.ztefan.pl\/","name":"Ztefan","description":"Sk\u00f3rzane wyroby, torby podr\u00f3\u017cne, torby sportowe , torby na laptop Szczecin","publisher":{"@id":"https:\/\/www.ztefan.pl\/#organization"},"potentialAction":[{"@type":"SearchAction","target":{"@type":"EntryPoint","urlTemplate":"https:\/\/www.ztefan.pl\/?s={search_term_string}"},"query-input":"required name=search_term_string"}],"inLanguage":"en-US"},{"@type":"ImageObject","@id":"https:\/\/www.ztefan.pl\/produkt\/noz-ze-stali-weglowej-z-rekojescia-z-rogu-jelenia-mp-01\/#primaryimage","inLanguage":"en-US","url":"https:\/\/www.ztefan.pl\/wp-content\/uploads\/2022\/01\/IMG_6676.jpg","contentUrl":"https:\/\/www.ztefan.pl\/wp-content\/uploads\/2022\/01\/IMG_6676.jpg","width":811,"height":1300,"caption":"N\u00f3\u017c"},{"@type":"WebPage","@id":"https:\/\/www.ztefan.pl\/produkt\/noz-ze-stali-weglowej-z-rekojescia-z-rogu-jelenia-mp-01\/#webpage","url":"https:\/\/www.ztefan.pl\/produkt\/noz-ze-stali-weglowej-z-rekojescia-z-rogu-jelenia-mp-01\/","name":"[:pl]N\u00f3\u017c ze stali w\u0119glowej z r\u0119koje\u015bci\u0105 z rogu jelenia MP-01[:en]MP-01 Carbon Steel Knife [:] - Ztefan","isPartOf":{"@id":"https:\/\/www.ztefan.pl\/#website"},"primaryImageOfPage":{"@id":"https:\/\/www.ztefan.pl\/produkt\/noz-ze-stali-weglowej-z-rekojescia-z-rogu-jelenia-mp-01\/#primaryimage"},"datePublished":"2022-01-09T15:50:13+00:00","dateModified":"2022-01-31T18:02:41+00:00","breadcrumb":{"@id":"https:\/\/www.ztefan.pl\/produkt\/noz-ze-stali-weglowej-z-rekojescia-z-rogu-jelenia-mp-01\/#breadcrumb"},"inLanguage":"en-US","potentialAction":[{"@type":"ReadAction","target":["https:\/\/www.ztefan.pl\/produkt\/noz-ze-stali-weglowej-z-rekojescia-z-rogu-jelenia-mp-01\/"]}]},{"@type":"BreadcrumbList","@id":"https:\/\/www.ztefan.pl\/produkt\/noz-ze-stali-weglowej-z-rekojescia-z-rogu-jelenia-mp-01\/#breadcrumb","itemListElement":[{"@type":"ListItem","position":1,"name":"Home","item":"https:\/\/www.ztefan.pl\/"},{"@type":"ListItem","position":2,"name":"Torby m\u0119skie ze sk\u00f3ry naturalnej","item":"https:\/\/www.ztefan.pl\/sklep\/"},{"@type":"ListItem","position":3,"name":"N\u00f3\u017c ze stali w\u0119glowej z r\u0119koje\u015bci\u0105 z rogu jelenia MP-01"}]}]}},"_links":{"self":[{"href":"https:\/\/www.ztefan.pl\/en\/wp-json\/wp\/v2\/product\/2432"}],"collection":[{"href":"https:\/\/www.ztefan.pl\/en\/wp-json\/wp\/v2\/product"}],"about":[{"href":"https:\/\/www.ztefan.pl\/en\/wp-json\/wp\/v2\/types\/product"}],"wp:featuredmedia":[{"embeddable":true,"href":"https:\/\/www.ztefan.pl\/en\/wp-json\/wp\/v2\/media\/2440"}],"wp:attachment":[{"href":"https:\/\/www.ztefan.pl\/en\/wp-json\/wp\/v2\/media?parent=2432"}],"curies":[{"name":"wp","href":"https:\/\/api.w.org\/{rel}","templated":true}]}}