{"id":2449,"date":"2022-01-09T19:29:59","date_gmt":"2022-01-09T18:29:59","guid":{"rendered":"http:\/\/www.ztefan.pl\/?post_type=product&#038;p=2449"},"modified":"2022-04-16T13:03:36","modified_gmt":"2022-04-16T11:03:36","slug":"torba-pokrowiec-skorzany-na-noze-lr-02","status":"publish","type":"product","link":"https:\/\/www.ztefan.pl\/en\/produkt\/torba-pokrowiec-skorzany-na-noze-lr-02\/","title":{"rendered":"Leather knife roll LR-02"},"content":{"rendered":"<p>Leather knife bag<\/p>\n<p>Inner zip pocket<\/p>\n<p>Adjustable shoulder strap<\/p>","protected":false},"excerpt":{"rendered":"<p><strong>Material :<\/strong> cow skin<\/p>\n<p>Dimensions:<br \/>\n<strong>Length:<\/strong> 75 cm<br \/>\n<strong>Height :<\/strong> 48 cm<\/p>\n<p><strong>Color:<\/strong> black.<\/p>\n","protected":false},"featured_media":2611,"template":"","meta":[],"yoast_head":"<!-- This site is optimized with the Yoast SEO plugin v18.3 - https:\/\/yoast.com\/wordpress\/plugins\/seo\/ -->\n<title>Leather knife roll LR-02 - Ztefan<\/title>\n<meta name=\"robots\" content=\"index, follow, max-snippet:-1, max-image-preview:large, max-video-preview:-1\" \/>\n<link rel=\"canonical\" href=\"https:\/\/www.ztefan.pl\/produkt\/torba-pokrowiec-skorzany-na-noze-lr-02\/\" \/>\n<meta property=\"og:locale\" content=\"en_US\" \/>\n<meta property=\"og:type\" content=\"article\" \/>\n<meta property=\"og:title\" content=\"[:pl]Torba \/ pokrowiec , sk\u00f3rzany na no\u017ce LR-02[:en]Leather knife roll LR-02[:] - Ztefan\" \/>\n<meta property=\"og:description\" content=\"[:pl]Materia\u0142 : sk\u00f3ra krowia  Wymiary: D\u0142ugo\u015b\u0107: 75 cm Szeroko\u015b\u0107 : 48 cm  Kolor: zielony.[:en]Material : cow skin  Dimensions: Length: 75 cm Height : 48 cm  Color: black.[:]\" \/>\n<meta property=\"og:url\" content=\"https:\/\/www.ztefan.pl\/produkt\/torba-pokrowiec-skorzany-na-noze-lr-02\/\" \/>\n<meta property=\"og:site_name\" content=\"Ztefan\" \/>\n<meta property=\"article:publisher\" content=\"https:\/\/www.facebook.com\/ZTEFANSZCZECIN\" \/>\n<meta property=\"article:modified_time\" content=\"2022-04-16T11:03:36+00:00\" \/>\n<meta property=\"og:image\" content=\"https:\/\/www.ztefan.pl\/wp-content\/uploads\/2022\/01\/IMG_5667.jpg\" \/>\n\t<meta property=\"og:image:width\" content=\"800\" \/>\n\t<meta property=\"og:image:height\" content=\"600\" \/>\n\t<meta property=\"og:image:type\" content=\"image\/jpeg\" \/>\n<meta name=\"twitter:card\" content=\"summary_large_image\" \/>\n<script type=\"application\/ld+json\" class=\"yoast-schema-graph\">{\"@context\":\"https:\/\/schema.org\",\"@graph\":[{\"@type\":\"Organization\",\"@id\":\"https:\/\/www.ztefan.pl\/#organization\",\"name\":\"ZTEFAN Piotr Stefa\u0144ski\",\"url\":\"https:\/\/www.ztefan.pl\/\",\"sameAs\":[\"https:\/\/www.facebook.com\/ZTEFANSZCZECIN\",\"https:\/\/www.instagram.com\/ztefan_torby_skorzane\/\"],\"logo\":{\"@type\":\"ImageObject\",\"@id\":\"https:\/\/www.ztefan.pl\/#logo\",\"inLanguage\":\"en-US\",\"url\":\"https:\/\/www.ztefan.pl\/wp-content\/uploads\/2019\/12\/logo_www_color.png\",\"contentUrl\":\"https:\/\/www.ztefan.pl\/wp-content\/uploads\/2019\/12\/logo_www_color.png\",\"width\":182,\"height\":90,\"caption\":\"ZTEFAN Piotr Stefa\u0144ski\"},\"image\":{\"@id\":\"https:\/\/www.ztefan.pl\/#logo\"}},{\"@type\":\"WebSite\",\"@id\":\"https:\/\/www.ztefan.pl\/#website\",\"url\":\"https:\/\/www.ztefan.pl\/\",\"name\":\"Ztefan\",\"description\":\"Sk\u00f3rzane wyroby, torby podr\u00f3\u017cne, torby sportowe , torby na laptop Szczecin\",\"publisher\":{\"@id\":\"https:\/\/www.ztefan.pl\/#organization\"},\"potentialAction\":[{\"@type\":\"SearchAction\",\"target\":{\"@type\":\"EntryPoint\",\"urlTemplate\":\"https:\/\/www.ztefan.pl\/?s={search_term_string}\"},\"query-input\":\"required name=search_term_string\"}],\"inLanguage\":\"en-US\"},{\"@type\":\"ImageObject\",\"@id\":\"https:\/\/www.ztefan.pl\/produkt\/torba-pokrowiec-skorzany-na-noze-lr-02\/#primaryimage\",\"inLanguage\":\"en-US\",\"url\":\"https:\/\/www.ztefan.pl\/wp-content\/uploads\/2022\/01\/IMG_5667.jpg\",\"contentUrl\":\"https:\/\/www.ztefan.pl\/wp-content\/uploads\/2022\/01\/IMG_5667.jpg\",\"width\":800,\"height\":600,\"caption\":\"Otwarta zielona sk\u00f3rzana torba z no\u017cem\"},{\"@type\":\"WebPage\",\"@id\":\"https:\/\/www.ztefan.pl\/produkt\/torba-pokrowiec-skorzany-na-noze-lr-02\/#webpage\",\"url\":\"https:\/\/www.ztefan.pl\/produkt\/torba-pokrowiec-skorzany-na-noze-lr-02\/\",\"name\":\"[:pl]Torba \/ pokrowiec , sk\u00f3rzany na no\u017ce LR-02[:en]Leather knife roll LR-02[:] - Ztefan\",\"isPartOf\":{\"@id\":\"https:\/\/www.ztefan.pl\/#website\"},\"primaryImageOfPage\":{\"@id\":\"https:\/\/www.ztefan.pl\/produkt\/torba-pokrowiec-skorzany-na-noze-lr-02\/#primaryimage\"},\"datePublished\":\"2022-01-09T18:29:59+00:00\",\"dateModified\":\"2022-04-16T11:03:36+00:00\",\"breadcrumb\":{\"@id\":\"https:\/\/www.ztefan.pl\/produkt\/torba-pokrowiec-skorzany-na-noze-lr-02\/#breadcrumb\"},\"inLanguage\":\"en-US\",\"potentialAction\":[{\"@type\":\"ReadAction\",\"target\":[\"https:\/\/www.ztefan.pl\/produkt\/torba-pokrowiec-skorzany-na-noze-lr-02\/\"]}]},{\"@type\":\"BreadcrumbList\",\"@id\":\"https:\/\/www.ztefan.pl\/produkt\/torba-pokrowiec-skorzany-na-noze-lr-02\/#breadcrumb\",\"itemListElement\":[{\"@type\":\"ListItem\",\"position\":1,\"name\":\"Home\",\"item\":\"https:\/\/www.ztefan.pl\/\"},{\"@type\":\"ListItem\",\"position\":2,\"name\":\"Torby m\u0119skie ze sk\u00f3ry naturalnej\",\"item\":\"https:\/\/www.ztefan.pl\/sklep\/\"},{\"@type\":\"ListItem\",\"position\":3,\"name\":\"Torba \/ pokrowiec , sk\u00f3rzany na no\u017ce LR-02\"}]}]}<\/script>\n<!-- \/ Yoast SEO plugin. -->","yoast_head_json":{"title":"[:pl]Torba \/ pokrowiec , sk\u00f3rzany na no\u017ce LR-02[:en]Leather knife roll LR-02[:] - Ztefan","robots":{"index":"index","follow":"follow","max-snippet":"max-snippet:-1","max-image-preview":"max-image-preview:large","max-video-preview":"max-video-preview:-1"},"canonical":"https:\/\/www.ztefan.pl\/produkt\/torba-pokrowiec-skorzany-na-noze-lr-02\/","og_locale":"en_US","og_type":"article","og_title":"[:pl]Torba \/ pokrowiec , sk\u00f3rzany na no\u017ce LR-02[:en]Leather knife roll LR-02[:] - Ztefan","og_description":"[:pl]Materia\u0142 : sk\u00f3ra krowia  Wymiary: D\u0142ugo\u015b\u0107: 75 cm Szeroko\u015b\u0107 : 48 cm  Kolor: zielony.[:en]Material : cow skin  Dimensions: Length: 75 cm Height : 48 cm  Color: black.[:]","og_url":"https:\/\/www.ztefan.pl\/produkt\/torba-pokrowiec-skorzany-na-noze-lr-02\/","og_site_name":"Ztefan","article_publisher":"https:\/\/www.facebook.com\/ZTEFANSZCZECIN","article_modified_time":"2022-04-16T11:03:36+00:00","og_image":[{"width":800,"height":600,"url":"https:\/\/www.ztefan.pl\/wp-content\/uploads\/2022\/01\/IMG_5667.jpg","type":"image\/jpeg"}],"twitter_card":"summary_large_image","schema":{"@context":"https:\/\/schema.org","@graph":[{"@type":"Organization","@id":"https:\/\/www.ztefan.pl\/#organization","name":"ZTEFAN Piotr Stefa\u0144ski","url":"https:\/\/www.ztefan.pl\/","sameAs":["https:\/\/www.facebook.com\/ZTEFANSZCZECIN","https:\/\/www.instagram.com\/ztefan_torby_skorzane\/"],"logo":{"@type":"ImageObject","@id":"https:\/\/www.ztefan.pl\/#logo","inLanguage":"en-US","url":"https:\/\/www.ztefan.pl\/wp-content\/uploads\/2019\/12\/logo_www_color.png","contentUrl":"https:\/\/www.ztefan.pl\/wp-content\/uploads\/2019\/12\/logo_www_color.png","width":182,"height":90,"caption":"ZTEFAN Piotr Stefa\u0144ski"},"image":{"@id":"https:\/\/www.ztefan.pl\/#logo"}},{"@type":"WebSite","@id":"https:\/\/www.ztefan.pl\/#website","url":"https:\/\/www.ztefan.pl\/","name":"Ztefan","description":"Sk\u00f3rzane wyroby, torby podr\u00f3\u017cne, torby sportowe , torby na laptop Szczecin","publisher":{"@id":"https:\/\/www.ztefan.pl\/#organization"},"potentialAction":[{"@type":"SearchAction","target":{"@type":"EntryPoint","urlTemplate":"https:\/\/www.ztefan.pl\/?s={search_term_string}"},"query-input":"required name=search_term_string"}],"inLanguage":"en-US"},{"@type":"ImageObject","@id":"https:\/\/www.ztefan.pl\/produkt\/torba-pokrowiec-skorzany-na-noze-lr-02\/#primaryimage","inLanguage":"en-US","url":"https:\/\/www.ztefan.pl\/wp-content\/uploads\/2022\/01\/IMG_5667.jpg","contentUrl":"https:\/\/www.ztefan.pl\/wp-content\/uploads\/2022\/01\/IMG_5667.jpg","width":800,"height":600,"caption":"Otwarta zielona sk\u00f3rzana torba z no\u017cem"},{"@type":"WebPage","@id":"https:\/\/www.ztefan.pl\/produkt\/torba-pokrowiec-skorzany-na-noze-lr-02\/#webpage","url":"https:\/\/www.ztefan.pl\/produkt\/torba-pokrowiec-skorzany-na-noze-lr-02\/","name":"[:pl]Torba \/ pokrowiec , sk\u00f3rzany na no\u017ce LR-02[:en]Leather knife roll LR-02[:] - Ztefan","isPartOf":{"@id":"https:\/\/www.ztefan.pl\/#website"},"primaryImageOfPage":{"@id":"https:\/\/www.ztefan.pl\/produkt\/torba-pokrowiec-skorzany-na-noze-lr-02\/#primaryimage"},"datePublished":"2022-01-09T18:29:59+00:00","dateModified":"2022-04-16T11:03:36+00:00","breadcrumb":{"@id":"https:\/\/www.ztefan.pl\/produkt\/torba-pokrowiec-skorzany-na-noze-lr-02\/#breadcrumb"},"inLanguage":"en-US","potentialAction":[{"@type":"ReadAction","target":["https:\/\/www.ztefan.pl\/produkt\/torba-pokrowiec-skorzany-na-noze-lr-02\/"]}]},{"@type":"BreadcrumbList","@id":"https:\/\/www.ztefan.pl\/produkt\/torba-pokrowiec-skorzany-na-noze-lr-02\/#breadcrumb","itemListElement":[{"@type":"ListItem","position":1,"name":"Home","item":"https:\/\/www.ztefan.pl\/"},{"@type":"ListItem","position":2,"name":"Torby m\u0119skie ze sk\u00f3ry naturalnej","item":"https:\/\/www.ztefan.pl\/sklep\/"},{"@type":"ListItem","position":3,"name":"Torba \/ pokrowiec , sk\u00f3rzany na no\u017ce LR-02"}]}]}},"_links":{"self":[{"href":"https:\/\/www.ztefan.pl\/en\/wp-json\/wp\/v2\/product\/2449"}],"collection":[{"href":"https:\/\/www.ztefan.pl\/en\/wp-json\/wp\/v2\/product"}],"about":[{"href":"https:\/\/www.ztefan.pl\/en\/wp-json\/wp\/v2\/types\/product"}],"wp:featuredmedia":[{"embeddable":true,"href":"https:\/\/www.ztefan.pl\/en\/wp-json\/wp\/v2\/media\/2611"}],"wp:attachment":[{"href":"https:\/\/www.ztefan.pl\/en\/wp-json\/wp\/v2\/media?parent=2449"}],"curies":[{"name":"wp","href":"https:\/\/api.w.org\/{rel}","templated":true}]}}