{"id":2507,"date":"2022-02-05T16:27:12","date_gmt":"2022-02-05T15:27:12","guid":{"rendered":"http:\/\/www.ztefan.pl\/?post_type=product&#038;p=2507"},"modified":"2022-02-05T16:35:23","modified_gmt":"2022-02-05T15:35:23","slug":"brazowa-skorzana-torba-na-laptopa-aktowka-tk-092","status":"publish","type":"product","link":"https:\/\/www.ztefan.pl\/en\/produkt\/brazowa-skorzana-torba-na-laptopa-aktowka-tk-092\/","title":{"rendered":"Brown leather laptop \/ briefcase TK-092"},"content":{"rendered":"<p><span class=\"JLqJ4b ChMk0b\" data-language-for-alternatives=\"en\" data-language-to-translate-into=\"pl\" data-phrase-index=\"0\" data-number-of-phrases=\"11\">Leather laptop bag,<\/span><\/p>\n<p><span class=\"JLqJ4b ChMk0b\" data-language-for-alternatives=\"en\" data-language-to-translate-into=\"pl\" data-phrase-index=\"2\" data-number-of-phrases=\"11\">The bag is 12 cm wide to provide plenty of storage space in the main compartment.<\/span><\/p>\n<p><span class=\"JLqJ4b ChMk0b\" data-language-for-alternatives=\"en\" data-language-to-translate-into=\"pl\" data-phrase-index=\"4\" data-number-of-phrases=\"11\">Three inside compartments and two zippered pockets with dimensions: 22 x 32 cm<\/span><\/p>\n<p><span class=\"JLqJ4b ChMk0b\" data-language-for-alternatives=\"en\" data-language-to-translate-into=\"pl\" data-phrase-index=\"6\" data-number-of-phrases=\"11\">Pockets for the phone, pens and small items<\/span><\/p>\n<p><span class=\"JLqJ4b ChMk0b\" data-language-for-alternatives=\"en\" data-language-to-translate-into=\"pl\" data-phrase-index=\"8\" data-number-of-phrases=\"11\">Two outer pockets with dimensions of 20 x 22 cm34<\/span><\/p>\n<p><span class=\"JLqJ4b ChMk0b\" data-language-for-alternatives=\"en\" data-language-to-translate-into=\"pl\" data-phrase-index=\"10\" data-number-of-phrases=\"11\">Adjustable shoulder strap, length: 120 &#8211; 150 cm.<\/span><\/p>","protected":false},"excerpt":{"rendered":"<p><strong>Material<\/strong>: Goat skin<\/p>\n<p>Dimensions:<br \/>\n<strong>Length:<\/strong> 45 cm<br \/>\n<strong>Height :<\/strong> 33 cm<br \/>\n<strong>Depth:<\/strong> 12 cm<\/p>\n<p><strong>Color:<\/strong> brown.<\/p>\n","protected":false},"featured_media":2512,"template":"","meta":[],"yoast_head":"<!-- This site is optimized with the Yoast SEO plugin v18.3 - https:\/\/yoast.com\/wordpress\/plugins\/seo\/ -->\n<title>Brown leather laptop \/ briefcase TK-092 - Ztefan<\/title>\n<meta name=\"robots\" content=\"index, follow, max-snippet:-1, max-image-preview:large, max-video-preview:-1\" \/>\n<link rel=\"canonical\" href=\"https:\/\/www.ztefan.pl\/produkt\/brazowa-skorzana-torba-na-laptopa-aktowka-tk-092\/\" \/>\n<meta property=\"og:locale\" content=\"en_US\" \/>\n<meta property=\"og:type\" content=\"article\" \/>\n<meta property=\"og:title\" content=\"[:pl]Br\u0105zowa sk\u00f3rzana torba na laptopa \/ akt\u00f3wka TK-092[:en]Brown leather laptop \/ briefcase TK-092[:] - Ztefan\" \/>\n<meta property=\"og:description\" content=\"[:pl]Materia\u0142 : sk\u00f3ra kozia  Wymiary: D\u0142ugo\u015b\u0107: 45 cm Szeroko\u015b\u0107 : 33 cm G\u0142\u0119boko\u015b\u0107: 12 cm  Kolor: br\u0105zowy.[:en]Material: Goat skin  Dimensions: Length: 45 cm Height : 33 cm Depth: 12 cm  Color: brown.[:]\" \/>\n<meta property=\"og:url\" content=\"https:\/\/www.ztefan.pl\/produkt\/brazowa-skorzana-torba-na-laptopa-aktowka-tk-092\/\" \/>\n<meta property=\"og:site_name\" content=\"Ztefan\" \/>\n<meta property=\"article:publisher\" content=\"https:\/\/www.facebook.com\/ZTEFANSZCZECIN\" \/>\n<meta property=\"article:modified_time\" content=\"2022-02-05T15:35:23+00:00\" \/>\n<meta property=\"og:image\" content=\"https:\/\/www.ztefan.pl\/wp-content\/uploads\/2022\/02\/IMG_E4047.jpg\" \/>\n\t<meta property=\"og:image:width\" content=\"800\" \/>\n\t<meta property=\"og:image:height\" content=\"600\" \/>\n\t<meta property=\"og:image:type\" content=\"image\/jpeg\" \/>\n<meta name=\"twitter:card\" content=\"summary_large_image\" \/>\n<meta name=\"twitter:label1\" content=\"Est. reading time\" \/>\n\t<meta name=\"twitter:data1\" content=\"1 minute\" \/>\n<script type=\"application\/ld+json\" class=\"yoast-schema-graph\">{\"@context\":\"https:\/\/schema.org\",\"@graph\":[{\"@type\":\"Organization\",\"@id\":\"https:\/\/www.ztefan.pl\/#organization\",\"name\":\"ZTEFAN Piotr Stefa\u0144ski\",\"url\":\"https:\/\/www.ztefan.pl\/\",\"sameAs\":[\"https:\/\/www.facebook.com\/ZTEFANSZCZECIN\",\"https:\/\/www.instagram.com\/ztefan_torby_skorzane\/\"],\"logo\":{\"@type\":\"ImageObject\",\"@id\":\"https:\/\/www.ztefan.pl\/#logo\",\"inLanguage\":\"en-US\",\"url\":\"https:\/\/www.ztefan.pl\/wp-content\/uploads\/2019\/12\/logo_www_color.png\",\"contentUrl\":\"https:\/\/www.ztefan.pl\/wp-content\/uploads\/2019\/12\/logo_www_color.png\",\"width\":182,\"height\":90,\"caption\":\"ZTEFAN Piotr Stefa\u0144ski\"},\"image\":{\"@id\":\"https:\/\/www.ztefan.pl\/#logo\"}},{\"@type\":\"WebSite\",\"@id\":\"https:\/\/www.ztefan.pl\/#website\",\"url\":\"https:\/\/www.ztefan.pl\/\",\"name\":\"Ztefan\",\"description\":\"Sk\u00f3rzane wyroby, torby podr\u00f3\u017cne, torby sportowe , torby na laptop Szczecin\",\"publisher\":{\"@id\":\"https:\/\/www.ztefan.pl\/#organization\"},\"potentialAction\":[{\"@type\":\"SearchAction\",\"target\":{\"@type\":\"EntryPoint\",\"urlTemplate\":\"https:\/\/www.ztefan.pl\/?s={search_term_string}\"},\"query-input\":\"required name=search_term_string\"}],\"inLanguage\":\"en-US\"},{\"@type\":\"ImageObject\",\"@id\":\"https:\/\/www.ztefan.pl\/produkt\/brazowa-skorzana-torba-na-laptopa-aktowka-tk-092\/#primaryimage\",\"inLanguage\":\"en-US\",\"url\":\"https:\/\/www.ztefan.pl\/wp-content\/uploads\/2022\/02\/IMG_E4047.jpg\",\"contentUrl\":\"https:\/\/www.ztefan.pl\/wp-content\/uploads\/2022\/02\/IMG_E4047.jpg\",\"width\":800,\"height\":600,\"caption\":\"Sk\u00f3rzana torba\"},{\"@type\":\"WebPage\",\"@id\":\"https:\/\/www.ztefan.pl\/produkt\/brazowa-skorzana-torba-na-laptopa-aktowka-tk-092\/#webpage\",\"url\":\"https:\/\/www.ztefan.pl\/produkt\/brazowa-skorzana-torba-na-laptopa-aktowka-tk-092\/\",\"name\":\"[:pl]Br\u0105zowa sk\u00f3rzana torba na laptopa \/ akt\u00f3wka TK-092[:en]Brown leather laptop \/ briefcase TK-092[:] - Ztefan\",\"isPartOf\":{\"@id\":\"https:\/\/www.ztefan.pl\/#website\"},\"primaryImageOfPage\":{\"@id\":\"https:\/\/www.ztefan.pl\/produkt\/brazowa-skorzana-torba-na-laptopa-aktowka-tk-092\/#primaryimage\"},\"datePublished\":\"2022-02-05T15:27:12+00:00\",\"dateModified\":\"2022-02-05T15:35:23+00:00\",\"breadcrumb\":{\"@id\":\"https:\/\/www.ztefan.pl\/produkt\/brazowa-skorzana-torba-na-laptopa-aktowka-tk-092\/#breadcrumb\"},\"inLanguage\":\"en-US\",\"potentialAction\":[{\"@type\":\"ReadAction\",\"target\":[\"https:\/\/www.ztefan.pl\/produkt\/brazowa-skorzana-torba-na-laptopa-aktowka-tk-092\/\"]}]},{\"@type\":\"BreadcrumbList\",\"@id\":\"https:\/\/www.ztefan.pl\/produkt\/brazowa-skorzana-torba-na-laptopa-aktowka-tk-092\/#breadcrumb\",\"itemListElement\":[{\"@type\":\"ListItem\",\"position\":1,\"name\":\"Home\",\"item\":\"https:\/\/www.ztefan.pl\/\"},{\"@type\":\"ListItem\",\"position\":2,\"name\":\"Torby m\u0119skie ze sk\u00f3ry naturalnej\",\"item\":\"https:\/\/www.ztefan.pl\/sklep\/\"},{\"@type\":\"ListItem\",\"position\":3,\"name\":\"Br\u0105zowa sk\u00f3rzana torba na laptopa \/ akt\u00f3wka TK-092\"}]}]}<\/script>\n<!-- \/ Yoast SEO plugin. -->","yoast_head_json":{"title":"[:pl]Br\u0105zowa sk\u00f3rzana torba na laptopa \/ akt\u00f3wka TK-092[:en]Brown leather laptop \/ briefcase TK-092[:] - Ztefan","robots":{"index":"index","follow":"follow","max-snippet":"max-snippet:-1","max-image-preview":"max-image-preview:large","max-video-preview":"max-video-preview:-1"},"canonical":"https:\/\/www.ztefan.pl\/produkt\/brazowa-skorzana-torba-na-laptopa-aktowka-tk-092\/","og_locale":"en_US","og_type":"article","og_title":"[:pl]Br\u0105zowa sk\u00f3rzana torba na laptopa \/ akt\u00f3wka TK-092[:en]Brown leather laptop \/ briefcase TK-092[:] - Ztefan","og_description":"[:pl]Materia\u0142 : sk\u00f3ra kozia  Wymiary: D\u0142ugo\u015b\u0107: 45 cm Szeroko\u015b\u0107 : 33 cm G\u0142\u0119boko\u015b\u0107: 12 cm  Kolor: br\u0105zowy.[:en]Material: Goat skin  Dimensions: Length: 45 cm Height : 33 cm Depth: 12 cm  Color: brown.[:]","og_url":"https:\/\/www.ztefan.pl\/produkt\/brazowa-skorzana-torba-na-laptopa-aktowka-tk-092\/","og_site_name":"Ztefan","article_publisher":"https:\/\/www.facebook.com\/ZTEFANSZCZECIN","article_modified_time":"2022-02-05T15:35:23+00:00","og_image":[{"width":800,"height":600,"url":"https:\/\/www.ztefan.pl\/wp-content\/uploads\/2022\/02\/IMG_E4047.jpg","type":"image\/jpeg"}],"twitter_card":"summary_large_image","twitter_misc":{"Est. reading time":"1 minute"},"schema":{"@context":"https:\/\/schema.org","@graph":[{"@type":"Organization","@id":"https:\/\/www.ztefan.pl\/#organization","name":"ZTEFAN Piotr Stefa\u0144ski","url":"https:\/\/www.ztefan.pl\/","sameAs":["https:\/\/www.facebook.com\/ZTEFANSZCZECIN","https:\/\/www.instagram.com\/ztefan_torby_skorzane\/"],"logo":{"@type":"ImageObject","@id":"https:\/\/www.ztefan.pl\/#logo","inLanguage":"en-US","url":"https:\/\/www.ztefan.pl\/wp-content\/uploads\/2019\/12\/logo_www_color.png","contentUrl":"https:\/\/www.ztefan.pl\/wp-content\/uploads\/2019\/12\/logo_www_color.png","width":182,"height":90,"caption":"ZTEFAN Piotr Stefa\u0144ski"},"image":{"@id":"https:\/\/www.ztefan.pl\/#logo"}},{"@type":"WebSite","@id":"https:\/\/www.ztefan.pl\/#website","url":"https:\/\/www.ztefan.pl\/","name":"Ztefan","description":"Sk\u00f3rzane wyroby, torby podr\u00f3\u017cne, torby sportowe , torby na laptop Szczecin","publisher":{"@id":"https:\/\/www.ztefan.pl\/#organization"},"potentialAction":[{"@type":"SearchAction","target":{"@type":"EntryPoint","urlTemplate":"https:\/\/www.ztefan.pl\/?s={search_term_string}"},"query-input":"required name=search_term_string"}],"inLanguage":"en-US"},{"@type":"ImageObject","@id":"https:\/\/www.ztefan.pl\/produkt\/brazowa-skorzana-torba-na-laptopa-aktowka-tk-092\/#primaryimage","inLanguage":"en-US","url":"https:\/\/www.ztefan.pl\/wp-content\/uploads\/2022\/02\/IMG_E4047.jpg","contentUrl":"https:\/\/www.ztefan.pl\/wp-content\/uploads\/2022\/02\/IMG_E4047.jpg","width":800,"height":600,"caption":"Sk\u00f3rzana torba"},{"@type":"WebPage","@id":"https:\/\/www.ztefan.pl\/produkt\/brazowa-skorzana-torba-na-laptopa-aktowka-tk-092\/#webpage","url":"https:\/\/www.ztefan.pl\/produkt\/brazowa-skorzana-torba-na-laptopa-aktowka-tk-092\/","name":"[:pl]Br\u0105zowa sk\u00f3rzana torba na laptopa \/ akt\u00f3wka TK-092[:en]Brown leather laptop \/ briefcase TK-092[:] - Ztefan","isPartOf":{"@id":"https:\/\/www.ztefan.pl\/#website"},"primaryImageOfPage":{"@id":"https:\/\/www.ztefan.pl\/produkt\/brazowa-skorzana-torba-na-laptopa-aktowka-tk-092\/#primaryimage"},"datePublished":"2022-02-05T15:27:12+00:00","dateModified":"2022-02-05T15:35:23+00:00","breadcrumb":{"@id":"https:\/\/www.ztefan.pl\/produkt\/brazowa-skorzana-torba-na-laptopa-aktowka-tk-092\/#breadcrumb"},"inLanguage":"en-US","potentialAction":[{"@type":"ReadAction","target":["https:\/\/www.ztefan.pl\/produkt\/brazowa-skorzana-torba-na-laptopa-aktowka-tk-092\/"]}]},{"@type":"BreadcrumbList","@id":"https:\/\/www.ztefan.pl\/produkt\/brazowa-skorzana-torba-na-laptopa-aktowka-tk-092\/#breadcrumb","itemListElement":[{"@type":"ListItem","position":1,"name":"Home","item":"https:\/\/www.ztefan.pl\/"},{"@type":"ListItem","position":2,"name":"Torby m\u0119skie ze sk\u00f3ry naturalnej","item":"https:\/\/www.ztefan.pl\/sklep\/"},{"@type":"ListItem","position":3,"name":"Br\u0105zowa sk\u00f3rzana torba na laptopa \/ akt\u00f3wka TK-092"}]}]}},"_links":{"self":[{"href":"https:\/\/www.ztefan.pl\/en\/wp-json\/wp\/v2\/product\/2507"}],"collection":[{"href":"https:\/\/www.ztefan.pl\/en\/wp-json\/wp\/v2\/product"}],"about":[{"href":"https:\/\/www.ztefan.pl\/en\/wp-json\/wp\/v2\/types\/product"}],"wp:featuredmedia":[{"embeddable":true,"href":"https:\/\/www.ztefan.pl\/en\/wp-json\/wp\/v2\/media\/2512"}],"wp:attachment":[{"href":"https:\/\/www.ztefan.pl\/en\/wp-json\/wp\/v2\/media?parent=2507"}],"curies":[{"name":"wp","href":"https:\/\/api.w.org\/{rel}","templated":true}]}}