{"id":2876,"date":"2022-11-01T14:24:49","date_gmt":"2022-11-01T13:24:49","guid":{"rendered":"https:\/\/www.ztefan.pl\/?post_type=product&#038;p=2876"},"modified":"2025-12-18T20:04:06","modified_gmt":"2025-12-18T19:04:06","slug":"wkrotce-2","status":"publish","type":"product","link":"https:\/\/www.ztefan.pl\/en\/produkt\/wkrotce-2\/","title":{"rendered":"TB &#8211; 2"},"content":{"rendered":"<p><\/p>\n<h1>Address plate &#8211; TB 2<\/h1>\n<pre id=\"tw-target-text\" class=\"tw-data-text tw-text-large tw-ta\" dir=\"ltr\" data-placeholder=\"T\u0142umaczenie\">After selecting the plate, please provide information on what the inscription should be on it and the color (you can choose the finish: bronze, copper, silver).\r\nAfter a few days, we will send you a computer model of the inscription with a request for approval. \r\nThen we start to create your unique plaque. \r\nThe inscriptions are placed on a pre-selected template and a casting mold is created. \r\nThe casting mold is made of sand sprinkled with graphite. \r\nAluminum is melted at the temperature of 750 oC and the mold is poured over it. \r\nThe next process is cleaning the plate from casting imperfections.\r\nThe tile is painted several times with paints protecting against weather conditions.\r\nThe inscriptions themselves are polished to achieve the \"mirror\" effect.\r\nThen your nameplate is sent to you.\r\nPlease be patient because the process of creating a sign is unique and individual, and therefore labor-intensive and time-consuming.\r\nThe plates proposed on our website are made using the artistic casting method. \r\nOur plates will reach you within 2 months from the date of order.<\/pre>\n<p>&nbsp;<\/p>","protected":false},"excerpt":{"rendered":"<p>&nbsp;<\/p>\n<p><span class=\"jCAhz ChMk0b\"><span class=\"ryNqvb\">Made in a classic style, a die-cast address plate is equally well suited to decorating private houses, tenement houses as well as office centers and city buildings, becoming a real showcase, favorably distinguishing them from other buildings.<\/span><\/span><\/p>\n<p><span class=\"jCAhz ChMk0b\"><span class=\"ryNqvb\">Please visit the gallery: Gallery<\/span><\/span><\/p>\n<p><span class=\"jCAhz ChMk0b\"><span class=\"ryNqvb\">Plate dimensions:<\/span><\/span><\/p>\n<p><span class=\"jCAhz ChMk0b\"><span class=\"ryNqvb\"><strong>Length:<\/strong> 70 cm<\/span><\/span><\/p>\n<p><span class=\"jCAhz ChMk0b\"><span class=\"ryNqvb\"><strong>Width:<\/strong> 40 cm<\/span><\/span><\/p>\n<p><span class=\"jCAhz ChMk0b\"><span class=\"ryNqvb\"><strong>Thickness:<\/strong> 1.8 cm<\/span><\/span><\/p>\n<p><span class=\"jCAhz ChMk0b\"><span class=\"ryNqvb\"><strong>Weight:<\/strong> approx. 5 kg<\/span><\/span><\/p>\n","protected":false},"featured_media":2752,"template":"","meta":[],"yoast_head":"<!-- This site is optimized with the Yoast SEO plugin v18.3 - https:\/\/yoast.com\/wordpress\/plugins\/seo\/ -->\n<title>TB - 2 - Ztefan<\/title>\n<meta name=\"robots\" content=\"index, follow, max-snippet:-1, max-image-preview:large, max-video-preview:-1\" \/>\n<link rel=\"canonical\" href=\"https:\/\/www.ztefan.pl\/produkt\/wkrotce-2\/\" \/>\n<meta property=\"og:locale\" content=\"en_US\" \/>\n<meta property=\"og:type\" content=\"article\" \/>\n<meta property=\"og:title\" content=\"TB - 2 - Ztefan\" \/>\n<meta property=\"og:description\" content=\"[:pl]&nbsp;  Wykonana w stylu klasycznym , odlewana tabliczka adresowa r\u00f3wnie dobrze nadaje si\u0119 do dekoracji dom\u00f3w prywatnych , kamienic a tak\u017ce centrum biurowych i budynk\u00f3w miejskich , staj\u0105c si\u0119 prawdziw\u0105 wizyt\u00f3wk\u0105 , korzystnie odr\u00f3\u017cniaj\u0105c ich od innych budynk\u00f3w.  Zapraszamy do galerii : Galeria  &nbsp;  &nbsp;  Wymiary tabliczki :  D\u0142ugo\u015b\u0107 : 70 cm  Szeroko\u015b\u0107 : 40 cm  Grubo\u015b\u0107 : 1,8 cm  Ci\u0119\u017car : oko\u0142o 5 kg  &nbsp;[:en]&nbsp;  Made in a classic style, a die-cast address plate is equally well suited to decorating private houses, tenement houses as well as office centers and city buildings, becoming a real showcase, favorably distinguishing them from other buildings.  Please visit the gallery: Gallery  Plate dimensions:  Length: 70 cm  Width: 40 cm  Thickness: 1.8 cm  Weight: approx. 5 kg[:]\" \/>\n<meta property=\"og:url\" content=\"https:\/\/www.ztefan.pl\/produkt\/wkrotce-2\/\" \/>\n<meta property=\"og:site_name\" content=\"Ztefan\" \/>\n<meta property=\"article:publisher\" content=\"https:\/\/www.facebook.com\/ZTEFANSZCZECIN\" \/>\n<meta property=\"article:modified_time\" content=\"2025-12-18T19:04:06+00:00\" \/>\n<meta property=\"og:image\" content=\"https:\/\/www.ztefan.pl\/wp-content\/uploads\/2022\/09\/photo_2022-06-28_16-41-25.jpg\" \/>\n\t<meta property=\"og:image:width\" content=\"960\" \/>\n\t<meta property=\"og:image:height\" content=\"600\" \/>\n\t<meta property=\"og:image:type\" content=\"image\/jpeg\" \/>\n<meta name=\"twitter:card\" content=\"summary_large_image\" \/>\n<meta name=\"twitter:label1\" content=\"Est. reading time\" \/>\n\t<meta name=\"twitter:data1\" content=\"1 minute\" \/>\n<script type=\"application\/ld+json\" class=\"yoast-schema-graph\">{\"@context\":\"https:\/\/schema.org\",\"@graph\":[{\"@type\":\"Organization\",\"@id\":\"https:\/\/www.ztefan.pl\/#organization\",\"name\":\"ZTEFAN Piotr Stefa\u0144ski\",\"url\":\"https:\/\/www.ztefan.pl\/\",\"sameAs\":[\"https:\/\/www.facebook.com\/ZTEFANSZCZECIN\",\"https:\/\/www.instagram.com\/ztefan_torby_skorzane\/\"],\"logo\":{\"@type\":\"ImageObject\",\"@id\":\"https:\/\/www.ztefan.pl\/#logo\",\"inLanguage\":\"en-US\",\"url\":\"https:\/\/www.ztefan.pl\/wp-content\/uploads\/2019\/12\/logo_www_color.png\",\"contentUrl\":\"https:\/\/www.ztefan.pl\/wp-content\/uploads\/2019\/12\/logo_www_color.png\",\"width\":182,\"height\":90,\"caption\":\"ZTEFAN Piotr Stefa\u0144ski\"},\"image\":{\"@id\":\"https:\/\/www.ztefan.pl\/#logo\"}},{\"@type\":\"WebSite\",\"@id\":\"https:\/\/www.ztefan.pl\/#website\",\"url\":\"https:\/\/www.ztefan.pl\/\",\"name\":\"Ztefan\",\"description\":\"Sk\u00f3rzane wyroby, torby podr\u00f3\u017cne, torby sportowe , torby na laptop Szczecin\",\"publisher\":{\"@id\":\"https:\/\/www.ztefan.pl\/#organization\"},\"potentialAction\":[{\"@type\":\"SearchAction\",\"target\":{\"@type\":\"EntryPoint\",\"urlTemplate\":\"https:\/\/www.ztefan.pl\/?s={search_term_string}\"},\"query-input\":\"required name=search_term_string\"}],\"inLanguage\":\"en-US\"},{\"@type\":\"ImageObject\",\"@id\":\"https:\/\/www.ztefan.pl\/produkt\/wkrotce-2\/#primaryimage\",\"inLanguage\":\"en-US\",\"url\":\"https:\/\/www.ztefan.pl\/wp-content\/uploads\/2022\/09\/photo_2022-06-28_16-41-25.jpg\",\"contentUrl\":\"https:\/\/www.ztefan.pl\/wp-content\/uploads\/2022\/09\/photo_2022-06-28_16-41-25.jpg\",\"width\":960,\"height\":600,\"caption\":\"Produkcja - tabliczki 27\"},{\"@type\":\"WebPage\",\"@id\":\"https:\/\/www.ztefan.pl\/produkt\/wkrotce-2\/#webpage\",\"url\":\"https:\/\/www.ztefan.pl\/produkt\/wkrotce-2\/\",\"name\":\"TB - 2 - Ztefan\",\"isPartOf\":{\"@id\":\"https:\/\/www.ztefan.pl\/#website\"},\"primaryImageOfPage\":{\"@id\":\"https:\/\/www.ztefan.pl\/produkt\/wkrotce-2\/#primaryimage\"},\"datePublished\":\"2022-11-01T13:24:49+00:00\",\"dateModified\":\"2025-12-18T19:04:06+00:00\",\"breadcrumb\":{\"@id\":\"https:\/\/www.ztefan.pl\/produkt\/wkrotce-2\/#breadcrumb\"},\"inLanguage\":\"en-US\",\"potentialAction\":[{\"@type\":\"ReadAction\",\"target\":[\"https:\/\/www.ztefan.pl\/produkt\/wkrotce-2\/\"]}]},{\"@type\":\"BreadcrumbList\",\"@id\":\"https:\/\/www.ztefan.pl\/produkt\/wkrotce-2\/#breadcrumb\",\"itemListElement\":[{\"@type\":\"ListItem\",\"position\":1,\"name\":\"Home\",\"item\":\"https:\/\/www.ztefan.pl\/\"},{\"@type\":\"ListItem\",\"position\":2,\"name\":\"Torby m\u0119skie ze sk\u00f3ry naturalnej\",\"item\":\"https:\/\/www.ztefan.pl\/sklep\/\"},{\"@type\":\"ListItem\",\"position\":3,\"name\":\"TB &#8211; 2\"}]}]}<\/script>\n<!-- \/ Yoast SEO plugin. -->","yoast_head_json":{"title":"TB - 2 - Ztefan","robots":{"index":"index","follow":"follow","max-snippet":"max-snippet:-1","max-image-preview":"max-image-preview:large","max-video-preview":"max-video-preview:-1"},"canonical":"https:\/\/www.ztefan.pl\/produkt\/wkrotce-2\/","og_locale":"en_US","og_type":"article","og_title":"TB - 2 - Ztefan","og_description":"[:pl]&nbsp;  Wykonana w stylu klasycznym , odlewana tabliczka adresowa r\u00f3wnie dobrze nadaje si\u0119 do dekoracji dom\u00f3w prywatnych , kamienic a tak\u017ce centrum biurowych i budynk\u00f3w miejskich , staj\u0105c si\u0119 prawdziw\u0105 wizyt\u00f3wk\u0105 , korzystnie odr\u00f3\u017cniaj\u0105c ich od innych budynk\u00f3w.  Zapraszamy do galerii : Galeria  &nbsp;  &nbsp;  Wymiary tabliczki :  D\u0142ugo\u015b\u0107 : 70 cm  Szeroko\u015b\u0107 : 40 cm  Grubo\u015b\u0107 : 1,8 cm  Ci\u0119\u017car : oko\u0142o 5 kg  &nbsp;[:en]&nbsp;  Made in a classic style, a die-cast address plate is equally well suited to decorating private houses, tenement houses as well as office centers and city buildings, becoming a real showcase, favorably distinguishing them from other buildings.  Please visit the gallery: Gallery  Plate dimensions:  Length: 70 cm  Width: 40 cm  Thickness: 1.8 cm  Weight: approx. 5 kg[:]","og_url":"https:\/\/www.ztefan.pl\/produkt\/wkrotce-2\/","og_site_name":"Ztefan","article_publisher":"https:\/\/www.facebook.com\/ZTEFANSZCZECIN","article_modified_time":"2025-12-18T19:04:06+00:00","og_image":[{"width":960,"height":600,"url":"https:\/\/www.ztefan.pl\/wp-content\/uploads\/2022\/09\/photo_2022-06-28_16-41-25.jpg","type":"image\/jpeg"}],"twitter_card":"summary_large_image","twitter_misc":{"Est. reading time":"1 minute"},"schema":{"@context":"https:\/\/schema.org","@graph":[{"@type":"Organization","@id":"https:\/\/www.ztefan.pl\/#organization","name":"ZTEFAN Piotr Stefa\u0144ski","url":"https:\/\/www.ztefan.pl\/","sameAs":["https:\/\/www.facebook.com\/ZTEFANSZCZECIN","https:\/\/www.instagram.com\/ztefan_torby_skorzane\/"],"logo":{"@type":"ImageObject","@id":"https:\/\/www.ztefan.pl\/#logo","inLanguage":"en-US","url":"https:\/\/www.ztefan.pl\/wp-content\/uploads\/2019\/12\/logo_www_color.png","contentUrl":"https:\/\/www.ztefan.pl\/wp-content\/uploads\/2019\/12\/logo_www_color.png","width":182,"height":90,"caption":"ZTEFAN Piotr Stefa\u0144ski"},"image":{"@id":"https:\/\/www.ztefan.pl\/#logo"}},{"@type":"WebSite","@id":"https:\/\/www.ztefan.pl\/#website","url":"https:\/\/www.ztefan.pl\/","name":"Ztefan","description":"Sk\u00f3rzane wyroby, torby podr\u00f3\u017cne, torby sportowe , torby na laptop Szczecin","publisher":{"@id":"https:\/\/www.ztefan.pl\/#organization"},"potentialAction":[{"@type":"SearchAction","target":{"@type":"EntryPoint","urlTemplate":"https:\/\/www.ztefan.pl\/?s={search_term_string}"},"query-input":"required name=search_term_string"}],"inLanguage":"en-US"},{"@type":"ImageObject","@id":"https:\/\/www.ztefan.pl\/produkt\/wkrotce-2\/#primaryimage","inLanguage":"en-US","url":"https:\/\/www.ztefan.pl\/wp-content\/uploads\/2022\/09\/photo_2022-06-28_16-41-25.jpg","contentUrl":"https:\/\/www.ztefan.pl\/wp-content\/uploads\/2022\/09\/photo_2022-06-28_16-41-25.jpg","width":960,"height":600,"caption":"Produkcja - tabliczki 27"},{"@type":"WebPage","@id":"https:\/\/www.ztefan.pl\/produkt\/wkrotce-2\/#webpage","url":"https:\/\/www.ztefan.pl\/produkt\/wkrotce-2\/","name":"TB - 2 - Ztefan","isPartOf":{"@id":"https:\/\/www.ztefan.pl\/#website"},"primaryImageOfPage":{"@id":"https:\/\/www.ztefan.pl\/produkt\/wkrotce-2\/#primaryimage"},"datePublished":"2022-11-01T13:24:49+00:00","dateModified":"2025-12-18T19:04:06+00:00","breadcrumb":{"@id":"https:\/\/www.ztefan.pl\/produkt\/wkrotce-2\/#breadcrumb"},"inLanguage":"en-US","potentialAction":[{"@type":"ReadAction","target":["https:\/\/www.ztefan.pl\/produkt\/wkrotce-2\/"]}]},{"@type":"BreadcrumbList","@id":"https:\/\/www.ztefan.pl\/produkt\/wkrotce-2\/#breadcrumb","itemListElement":[{"@type":"ListItem","position":1,"name":"Home","item":"https:\/\/www.ztefan.pl\/"},{"@type":"ListItem","position":2,"name":"Torby m\u0119skie ze sk\u00f3ry naturalnej","item":"https:\/\/www.ztefan.pl\/sklep\/"},{"@type":"ListItem","position":3,"name":"TB &#8211; 2"}]}]}},"_links":{"self":[{"href":"https:\/\/www.ztefan.pl\/en\/wp-json\/wp\/v2\/product\/2876"}],"collection":[{"href":"https:\/\/www.ztefan.pl\/en\/wp-json\/wp\/v2\/product"}],"about":[{"href":"https:\/\/www.ztefan.pl\/en\/wp-json\/wp\/v2\/types\/product"}],"wp:featuredmedia":[{"embeddable":true,"href":"https:\/\/www.ztefan.pl\/en\/wp-json\/wp\/v2\/media\/2752"}],"wp:attachment":[{"href":"https:\/\/www.ztefan.pl\/en\/wp-json\/wp\/v2\/media?parent=2876"}],"curies":[{"name":"wp","href":"https:\/\/api.w.org\/{rel}","templated":true}]}}