{"id":293,"date":"2020-01-19T15:35:08","date_gmt":"2020-01-19T14:35:08","guid":{"rendered":"http:\/\/www.ztefan.pl\/?post_type=product&#038;p=293"},"modified":"2021-09-29T11:03:27","modified_gmt":"2021-09-29T09:03:27","slug":"oryginalna-skorzana-torba-weekendowa-sportowa-ze-skory-bawolej-tp-02","status":"publish","type":"product","link":"https:\/\/www.ztefan.pl\/en\/produkt\/oryginalna-skorzana-torba-weekendowa-sportowa-ze-skory-bawolej-tp-02\/","title":{"rendered":"Genuine leather travel sports weekend bag made of grain leather TP-02"},"content":{"rendered":"<p>Light brown leather weekend bag.<\/p>\n<p>The bag is made of extremely soft and exclusive buffalo leather<br \/>\nThe bag is protected from the bottom against scratches with metal studs.<br \/>\nSingle inner zip pocket with dimensions: 15 x 22 cm.<\/p>\n<p>Checquered padding, light blue.<\/p>\n<p>Additional pocket for phone and other small items.<br \/>\nOuter zip pocket with the dimensions 15 x 17 cm.<\/p>\n<p>Adjustable shoulder strap length: 117 &#8211; 150 cm<\/p>","protected":false},"excerpt":{"rendered":"<p><strong>Material:<\/strong> grain leather<\/p>\n<p><strong>Length:<\/strong> 52 cm<br \/>\n<strong>Height:<\/strong> 24 cm<br \/>\n<strong>Depth:<\/strong> 22 cm<\/p>\n<p><strong>Color:<\/strong> light brown<\/p>\n<p>Brass fittings.<\/p>\n","protected":false},"featured_media":298,"template":"","meta":[],"yoast_head":"<!-- This site is optimized with the Yoast SEO plugin v18.3 - https:\/\/yoast.com\/wordpress\/plugins\/seo\/ -->\n<title>Genuine leather travel sports weekend bag made of grain leather TP-02 - Ztefan<\/title>\n<meta name=\"robots\" content=\"index, follow, max-snippet:-1, max-image-preview:large, max-video-preview:-1\" \/>\n<link rel=\"canonical\" href=\"https:\/\/www.ztefan.pl\/produkt\/oryginalna-skorzana-torba-weekendowa-sportowa-ze-skory-bawolej-tp-02\/\" \/>\n<meta property=\"og:locale\" content=\"en_US\" \/>\n<meta property=\"og:type\" content=\"article\" \/>\n<meta property=\"og:title\" content=\"[:pl]Oryginalna sk\u00f3rzana torba weekendowa podr\u00f3\u017cna sportowa ze sk\u00f3ry licowej TP-02[:en] Genuine leather travel sports weekend bag made of grain leather TP-02[:] - Ztefan\" \/>\n<meta property=\"og:description\" content=\"[:pl]Materia\u0142: Sk\u00f3ra licowa  D\u0142ugo\u015b\u0107: 52 cm Wysoko\u015b\u0107: 24 cm G\u0142\u0119boko\u015b\u0107: 22 cm  Kolor: jasny br\u0105z  Mosi\u0119\u017cne okucia.[:en]Material: grain leather  Length: 52 cm Height: 24 cm Depth: 22 cm  Color: light brown  Brass fittings.[:]\" \/>\n<meta property=\"og:url\" content=\"https:\/\/www.ztefan.pl\/produkt\/oryginalna-skorzana-torba-weekendowa-sportowa-ze-skory-bawolej-tp-02\/\" \/>\n<meta property=\"og:site_name\" content=\"Ztefan\" \/>\n<meta property=\"article:publisher\" content=\"https:\/\/www.facebook.com\/ZTEFANSZCZECIN\" \/>\n<meta property=\"article:modified_time\" content=\"2021-09-29T09:03:27+00:00\" \/>\n<meta property=\"og:image\" content=\"https:\/\/www.ztefan.pl\/wp-content\/uploads\/2020\/01\/DSC04302.jpg\" \/>\n\t<meta property=\"og:image:width\" content=\"1757\" \/>\n\t<meta property=\"og:image:height\" content=\"1300\" \/>\n\t<meta property=\"og:image:type\" content=\"image\/jpeg\" \/>\n<meta name=\"twitter:card\" content=\"summary_large_image\" \/>\n<meta name=\"twitter:label1\" content=\"Est. reading time\" \/>\n\t<meta name=\"twitter:data1\" content=\"1 minute\" \/>\n<script type=\"application\/ld+json\" class=\"yoast-schema-graph\">{\"@context\":\"https:\/\/schema.org\",\"@graph\":[{\"@type\":\"Organization\",\"@id\":\"https:\/\/www.ztefan.pl\/#organization\",\"name\":\"ZTEFAN Piotr Stefa\u0144ski\",\"url\":\"https:\/\/www.ztefan.pl\/\",\"sameAs\":[\"https:\/\/www.facebook.com\/ZTEFANSZCZECIN\",\"https:\/\/www.instagram.com\/ztefan_torby_skorzane\/\"],\"logo\":{\"@type\":\"ImageObject\",\"@id\":\"https:\/\/www.ztefan.pl\/#logo\",\"inLanguage\":\"en-US\",\"url\":\"https:\/\/www.ztefan.pl\/wp-content\/uploads\/2019\/12\/logo_www_color.png\",\"contentUrl\":\"https:\/\/www.ztefan.pl\/wp-content\/uploads\/2019\/12\/logo_www_color.png\",\"width\":182,\"height\":90,\"caption\":\"ZTEFAN Piotr Stefa\u0144ski\"},\"image\":{\"@id\":\"https:\/\/www.ztefan.pl\/#logo\"}},{\"@type\":\"WebSite\",\"@id\":\"https:\/\/www.ztefan.pl\/#website\",\"url\":\"https:\/\/www.ztefan.pl\/\",\"name\":\"Ztefan\",\"description\":\"Sk\u00f3rzane wyroby, torby podr\u00f3\u017cne, torby sportowe , torby na laptop Szczecin\",\"publisher\":{\"@id\":\"https:\/\/www.ztefan.pl\/#organization\"},\"potentialAction\":[{\"@type\":\"SearchAction\",\"target\":{\"@type\":\"EntryPoint\",\"urlTemplate\":\"https:\/\/www.ztefan.pl\/?s={search_term_string}\"},\"query-input\":\"required name=search_term_string\"}],\"inLanguage\":\"en-US\"},{\"@type\":\"ImageObject\",\"@id\":\"https:\/\/www.ztefan.pl\/produkt\/oryginalna-skorzana-torba-weekendowa-sportowa-ze-skory-bawolej-tp-02\/#primaryimage\",\"inLanguage\":\"en-US\",\"url\":\"https:\/\/www.ztefan.pl\/wp-content\/uploads\/2020\/01\/DSC04302.jpg\",\"contentUrl\":\"https:\/\/www.ztefan.pl\/wp-content\/uploads\/2020\/01\/DSC04302.jpg\",\"width\":1757,\"height\":1300,\"caption\":\"torba sk\u00f3rzana\"},{\"@type\":\"WebPage\",\"@id\":\"https:\/\/www.ztefan.pl\/produkt\/oryginalna-skorzana-torba-weekendowa-sportowa-ze-skory-bawolej-tp-02\/#webpage\",\"url\":\"https:\/\/www.ztefan.pl\/produkt\/oryginalna-skorzana-torba-weekendowa-sportowa-ze-skory-bawolej-tp-02\/\",\"name\":\"[:pl]Oryginalna sk\u00f3rzana torba weekendowa podr\u00f3\u017cna sportowa ze sk\u00f3ry licowej TP-02[:en] Genuine leather travel sports weekend bag made of grain leather TP-02[:] - Ztefan\",\"isPartOf\":{\"@id\":\"https:\/\/www.ztefan.pl\/#website\"},\"primaryImageOfPage\":{\"@id\":\"https:\/\/www.ztefan.pl\/produkt\/oryginalna-skorzana-torba-weekendowa-sportowa-ze-skory-bawolej-tp-02\/#primaryimage\"},\"datePublished\":\"2020-01-19T14:35:08+00:00\",\"dateModified\":\"2021-09-29T09:03:27+00:00\",\"breadcrumb\":{\"@id\":\"https:\/\/www.ztefan.pl\/produkt\/oryginalna-skorzana-torba-weekendowa-sportowa-ze-skory-bawolej-tp-02\/#breadcrumb\"},\"inLanguage\":\"en-US\",\"potentialAction\":[{\"@type\":\"ReadAction\",\"target\":[\"https:\/\/www.ztefan.pl\/produkt\/oryginalna-skorzana-torba-weekendowa-sportowa-ze-skory-bawolej-tp-02\/\"]}]},{\"@type\":\"BreadcrumbList\",\"@id\":\"https:\/\/www.ztefan.pl\/produkt\/oryginalna-skorzana-torba-weekendowa-sportowa-ze-skory-bawolej-tp-02\/#breadcrumb\",\"itemListElement\":[{\"@type\":\"ListItem\",\"position\":1,\"name\":\"Home\",\"item\":\"https:\/\/www.ztefan.pl\/\"},{\"@type\":\"ListItem\",\"position\":2,\"name\":\"Torby m\u0119skie ze sk\u00f3ry naturalnej\",\"item\":\"https:\/\/www.ztefan.pl\/sklep\/\"},{\"@type\":\"ListItem\",\"position\":3,\"name\":\"Oryginalna sk\u00f3rzana torba weekendowa podr\u00f3\u017cna sportowa ze sk\u00f3ry licowej TP-02\"}]}]}<\/script>\n<!-- \/ Yoast SEO plugin. -->","yoast_head_json":{"title":"[:pl]Oryginalna sk\u00f3rzana torba weekendowa podr\u00f3\u017cna sportowa ze sk\u00f3ry licowej TP-02[:en] Genuine leather travel sports weekend bag made of grain leather TP-02[:] - Ztefan","robots":{"index":"index","follow":"follow","max-snippet":"max-snippet:-1","max-image-preview":"max-image-preview:large","max-video-preview":"max-video-preview:-1"},"canonical":"https:\/\/www.ztefan.pl\/produkt\/oryginalna-skorzana-torba-weekendowa-sportowa-ze-skory-bawolej-tp-02\/","og_locale":"en_US","og_type":"article","og_title":"[:pl]Oryginalna sk\u00f3rzana torba weekendowa podr\u00f3\u017cna sportowa ze sk\u00f3ry licowej TP-02[:en] Genuine leather travel sports weekend bag made of grain leather TP-02[:] - Ztefan","og_description":"[:pl]Materia\u0142: Sk\u00f3ra licowa  D\u0142ugo\u015b\u0107: 52 cm Wysoko\u015b\u0107: 24 cm G\u0142\u0119boko\u015b\u0107: 22 cm  Kolor: jasny br\u0105z  Mosi\u0119\u017cne okucia.[:en]Material: grain leather  Length: 52 cm Height: 24 cm Depth: 22 cm  Color: light brown  Brass fittings.[:]","og_url":"https:\/\/www.ztefan.pl\/produkt\/oryginalna-skorzana-torba-weekendowa-sportowa-ze-skory-bawolej-tp-02\/","og_site_name":"Ztefan","article_publisher":"https:\/\/www.facebook.com\/ZTEFANSZCZECIN","article_modified_time":"2021-09-29T09:03:27+00:00","og_image":[{"width":1757,"height":1300,"url":"https:\/\/www.ztefan.pl\/wp-content\/uploads\/2020\/01\/DSC04302.jpg","type":"image\/jpeg"}],"twitter_card":"summary_large_image","twitter_misc":{"Est. reading time":"1 minute"},"schema":{"@context":"https:\/\/schema.org","@graph":[{"@type":"Organization","@id":"https:\/\/www.ztefan.pl\/#organization","name":"ZTEFAN Piotr Stefa\u0144ski","url":"https:\/\/www.ztefan.pl\/","sameAs":["https:\/\/www.facebook.com\/ZTEFANSZCZECIN","https:\/\/www.instagram.com\/ztefan_torby_skorzane\/"],"logo":{"@type":"ImageObject","@id":"https:\/\/www.ztefan.pl\/#logo","inLanguage":"en-US","url":"https:\/\/www.ztefan.pl\/wp-content\/uploads\/2019\/12\/logo_www_color.png","contentUrl":"https:\/\/www.ztefan.pl\/wp-content\/uploads\/2019\/12\/logo_www_color.png","width":182,"height":90,"caption":"ZTEFAN Piotr Stefa\u0144ski"},"image":{"@id":"https:\/\/www.ztefan.pl\/#logo"}},{"@type":"WebSite","@id":"https:\/\/www.ztefan.pl\/#website","url":"https:\/\/www.ztefan.pl\/","name":"Ztefan","description":"Sk\u00f3rzane wyroby, torby podr\u00f3\u017cne, torby sportowe , torby na laptop Szczecin","publisher":{"@id":"https:\/\/www.ztefan.pl\/#organization"},"potentialAction":[{"@type":"SearchAction","target":{"@type":"EntryPoint","urlTemplate":"https:\/\/www.ztefan.pl\/?s={search_term_string}"},"query-input":"required name=search_term_string"}],"inLanguage":"en-US"},{"@type":"ImageObject","@id":"https:\/\/www.ztefan.pl\/produkt\/oryginalna-skorzana-torba-weekendowa-sportowa-ze-skory-bawolej-tp-02\/#primaryimage","inLanguage":"en-US","url":"https:\/\/www.ztefan.pl\/wp-content\/uploads\/2020\/01\/DSC04302.jpg","contentUrl":"https:\/\/www.ztefan.pl\/wp-content\/uploads\/2020\/01\/DSC04302.jpg","width":1757,"height":1300,"caption":"torba sk\u00f3rzana"},{"@type":"WebPage","@id":"https:\/\/www.ztefan.pl\/produkt\/oryginalna-skorzana-torba-weekendowa-sportowa-ze-skory-bawolej-tp-02\/#webpage","url":"https:\/\/www.ztefan.pl\/produkt\/oryginalna-skorzana-torba-weekendowa-sportowa-ze-skory-bawolej-tp-02\/","name":"[:pl]Oryginalna sk\u00f3rzana torba weekendowa podr\u00f3\u017cna sportowa ze sk\u00f3ry licowej TP-02[:en] Genuine leather travel sports weekend bag made of grain leather TP-02[:] - Ztefan","isPartOf":{"@id":"https:\/\/www.ztefan.pl\/#website"},"primaryImageOfPage":{"@id":"https:\/\/www.ztefan.pl\/produkt\/oryginalna-skorzana-torba-weekendowa-sportowa-ze-skory-bawolej-tp-02\/#primaryimage"},"datePublished":"2020-01-19T14:35:08+00:00","dateModified":"2021-09-29T09:03:27+00:00","breadcrumb":{"@id":"https:\/\/www.ztefan.pl\/produkt\/oryginalna-skorzana-torba-weekendowa-sportowa-ze-skory-bawolej-tp-02\/#breadcrumb"},"inLanguage":"en-US","potentialAction":[{"@type":"ReadAction","target":["https:\/\/www.ztefan.pl\/produkt\/oryginalna-skorzana-torba-weekendowa-sportowa-ze-skory-bawolej-tp-02\/"]}]},{"@type":"BreadcrumbList","@id":"https:\/\/www.ztefan.pl\/produkt\/oryginalna-skorzana-torba-weekendowa-sportowa-ze-skory-bawolej-tp-02\/#breadcrumb","itemListElement":[{"@type":"ListItem","position":1,"name":"Home","item":"https:\/\/www.ztefan.pl\/"},{"@type":"ListItem","position":2,"name":"Torby m\u0119skie ze sk\u00f3ry naturalnej","item":"https:\/\/www.ztefan.pl\/sklep\/"},{"@type":"ListItem","position":3,"name":"Oryginalna sk\u00f3rzana torba weekendowa podr\u00f3\u017cna sportowa ze sk\u00f3ry licowej TP-02"}]}]}},"_links":{"self":[{"href":"https:\/\/www.ztefan.pl\/en\/wp-json\/wp\/v2\/product\/293"}],"collection":[{"href":"https:\/\/www.ztefan.pl\/en\/wp-json\/wp\/v2\/product"}],"about":[{"href":"https:\/\/www.ztefan.pl\/en\/wp-json\/wp\/v2\/types\/product"}],"wp:featuredmedia":[{"embeddable":true,"href":"https:\/\/www.ztefan.pl\/en\/wp-json\/wp\/v2\/media\/298"}],"wp:attachment":[{"href":"https:\/\/www.ztefan.pl\/en\/wp-json\/wp\/v2\/media?parent=293"}],"curies":[{"name":"wp","href":"https:\/\/api.w.org\/{rel}","templated":true}]}}