{"id":3091,"date":"2023-09-11T18:55:03","date_gmt":"2023-09-11T16:55:03","guid":{"rendered":"https:\/\/www.ztefan.pl\/?post_type=product&#038;p=3091"},"modified":"2023-09-11T19:05:12","modified_gmt":"2023-09-11T17:05:12","slug":"brazowy-skorzany-plecak-z-bawolej-skory-zt-082","status":"publish","type":"product","link":"https:\/\/www.ztefan.pl\/en\/produkt\/brazowy-skorzany-plecak-z-bawolej-skory-zt-082\/","title":{"rendered":"Brown leather backpack bufallo leather PC-082"},"content":{"rendered":"<p><\/p>\n<div class=\"lRu31\"><span class=\"HwtZe\" lang=\"en\"><span class=\"jCAhz ChMk0b\"><span class=\"ryNqvb\">Leather backpack made of buffalo leather,<\/span><\/span> <\/span><\/div>\n<div><\/div>\n<div class=\"lRu31\"><span class=\"HwtZe\" lang=\"en\"><span class=\"jCAhz ChMk0b\"><span class=\"ryNqvb\">The width of the backpack is 10 cm to provide large space for storing things.<\/span><\/span> <\/span><\/div>\n<div class=\"lRu31\"><span class=\"HwtZe\" lang=\"en\"><span class=\"jCAhz ChMk0b\"><span class=\"ryNqvb\">Back pocket dimensions: 16 x 17 cm<\/span><\/span> <span class=\"jCAhz ChMk0b\"><span class=\"ryNqvb\">Internal compartments for documents, pockets for small items, telephone<\/span><\/span> <\/span><\/div>\n<div><\/div>\n<div class=\"lRu31\"><span class=\"HwtZe\" lang=\"en\"><span class=\"jCAhz ChMk0b\"><span class=\"ryNqvb\">Adjustable shoulder straps<\/span><\/span><\/span><\/div>\n<div class=\"UdTY9 WdefRb\" aria-hidden=\"true\" data-location=\"2\"><\/div>\n<p>&nbsp;<\/p>","protected":false},"excerpt":{"rendered":"<p><strong>Material :<\/strong> bufallo skin<\/p>\n<p>Dimensions:<br \/>\n<strong>Length:<\/strong> 35 cm<br \/>\n<strong>Height :<\/strong> 27 cm<br \/>\n<strong>Depth:<\/strong> 10 cm<\/p>\n<p><strong>Color:<\/strong> brown.<\/p>\n","protected":false},"featured_media":3094,"template":"","meta":[],"yoast_head":"<!-- This site is optimized with the Yoast SEO plugin v18.3 - https:\/\/yoast.com\/wordpress\/plugins\/seo\/ -->\n<title>Brown leather backpack bufallo leather PC-082 - Ztefan<\/title>\n<meta name=\"robots\" content=\"index, follow, max-snippet:-1, max-image-preview:large, max-video-preview:-1\" \/>\n<link rel=\"canonical\" href=\"https:\/\/www.ztefan.pl\/produkt\/brazowy-skorzany-plecak-z-bawolej-skory-zt-082\/\" \/>\n<meta property=\"og:locale\" content=\"en_US\" \/>\n<meta property=\"og:type\" content=\"article\" \/>\n<meta property=\"og:title\" content=\"[:pl]Br\u0105zowy sk\u00f3rzany plecak z bawolej sk\u00f3ry ZT-082[:en]Brown leather backpack bufallo leather PC-082[:] - Ztefan\" \/>\n<meta property=\"og:description\" content=\"[:pl]Materia\u0142 : sk\u00f3ra bawola  Wymiary: D\u0142ugo\u015b\u0107: 35 cm Szeroko\u015b\u0107 : 27 cm G\u0142\u0119boko\u015b\u0107: 10 cm  Kolor: br\u0105zowy.[:en]Material : bufallo skin  Dimensions: Length: 35 cm Height : 27 cm Depth: 10 cm  Color: brown.[:]\" \/>\n<meta property=\"og:url\" content=\"https:\/\/www.ztefan.pl\/produkt\/brazowy-skorzany-plecak-z-bawolej-skory-zt-082\/\" \/>\n<meta property=\"og:site_name\" content=\"Ztefan\" \/>\n<meta property=\"article:publisher\" content=\"https:\/\/www.facebook.com\/ZTEFANSZCZECIN\" \/>\n<meta property=\"article:modified_time\" content=\"2023-09-11T17:05:12+00:00\" \/>\n<meta property=\"og:image\" content=\"https:\/\/www.ztefan.pl\/wp-content\/uploads\/2023\/09\/IMG_9007.jpg\" \/>\n\t<meta property=\"og:image:width\" content=\"450\" \/>\n\t<meta property=\"og:image:height\" content=\"600\" \/>\n\t<meta property=\"og:image:type\" content=\"image\/jpeg\" \/>\n<meta name=\"twitter:card\" content=\"summary_large_image\" \/>\n<meta name=\"twitter:label1\" content=\"Est. reading time\" \/>\n\t<meta name=\"twitter:data1\" content=\"1 minute\" \/>\n<script type=\"application\/ld+json\" class=\"yoast-schema-graph\">{\"@context\":\"https:\/\/schema.org\",\"@graph\":[{\"@type\":\"Organization\",\"@id\":\"https:\/\/www.ztefan.pl\/#organization\",\"name\":\"ZTEFAN Piotr Stefa\u0144ski\",\"url\":\"https:\/\/www.ztefan.pl\/\",\"sameAs\":[\"https:\/\/www.facebook.com\/ZTEFANSZCZECIN\",\"https:\/\/www.instagram.com\/ztefan_torby_skorzane\/\"],\"logo\":{\"@type\":\"ImageObject\",\"@id\":\"https:\/\/www.ztefan.pl\/#logo\",\"inLanguage\":\"en-US\",\"url\":\"https:\/\/www.ztefan.pl\/wp-content\/uploads\/2019\/12\/logo_www_color.png\",\"contentUrl\":\"https:\/\/www.ztefan.pl\/wp-content\/uploads\/2019\/12\/logo_www_color.png\",\"width\":182,\"height\":90,\"caption\":\"ZTEFAN Piotr Stefa\u0144ski\"},\"image\":{\"@id\":\"https:\/\/www.ztefan.pl\/#logo\"}},{\"@type\":\"WebSite\",\"@id\":\"https:\/\/www.ztefan.pl\/#website\",\"url\":\"https:\/\/www.ztefan.pl\/\",\"name\":\"Ztefan\",\"description\":\"Sk\u00f3rzane wyroby, torby podr\u00f3\u017cne, torby sportowe , torby na laptop Szczecin\",\"publisher\":{\"@id\":\"https:\/\/www.ztefan.pl\/#organization\"},\"potentialAction\":[{\"@type\":\"SearchAction\",\"target\":{\"@type\":\"EntryPoint\",\"urlTemplate\":\"https:\/\/www.ztefan.pl\/?s={search_term_string}\"},\"query-input\":\"required name=search_term_string\"}],\"inLanguage\":\"en-US\"},{\"@type\":\"ImageObject\",\"@id\":\"https:\/\/www.ztefan.pl\/produkt\/brazowy-skorzany-plecak-z-bawolej-skory-zt-082\/#primaryimage\",\"inLanguage\":\"en-US\",\"url\":\"https:\/\/www.ztefan.pl\/wp-content\/uploads\/2023\/09\/IMG_9007.jpg\",\"contentUrl\":\"https:\/\/www.ztefan.pl\/wp-content\/uploads\/2023\/09\/IMG_9007.jpg\",\"width\":450,\"height\":600,\"caption\":\"Br\u0105zowy sk\u00f3rzany plecak z bawolej sk\u00f3ry 10\"},{\"@type\":\"WebPage\",\"@id\":\"https:\/\/www.ztefan.pl\/produkt\/brazowy-skorzany-plecak-z-bawolej-skory-zt-082\/#webpage\",\"url\":\"https:\/\/www.ztefan.pl\/produkt\/brazowy-skorzany-plecak-z-bawolej-skory-zt-082\/\",\"name\":\"[:pl]Br\u0105zowy sk\u00f3rzany plecak z bawolej sk\u00f3ry ZT-082[:en]Brown leather backpack bufallo leather PC-082[:] - Ztefan\",\"isPartOf\":{\"@id\":\"https:\/\/www.ztefan.pl\/#website\"},\"primaryImageOfPage\":{\"@id\":\"https:\/\/www.ztefan.pl\/produkt\/brazowy-skorzany-plecak-z-bawolej-skory-zt-082\/#primaryimage\"},\"datePublished\":\"2023-09-11T16:55:03+00:00\",\"dateModified\":\"2023-09-11T17:05:12+00:00\",\"breadcrumb\":{\"@id\":\"https:\/\/www.ztefan.pl\/produkt\/brazowy-skorzany-plecak-z-bawolej-skory-zt-082\/#breadcrumb\"},\"inLanguage\":\"en-US\",\"potentialAction\":[{\"@type\":\"ReadAction\",\"target\":[\"https:\/\/www.ztefan.pl\/produkt\/brazowy-skorzany-plecak-z-bawolej-skory-zt-082\/\"]}]},{\"@type\":\"BreadcrumbList\",\"@id\":\"https:\/\/www.ztefan.pl\/produkt\/brazowy-skorzany-plecak-z-bawolej-skory-zt-082\/#breadcrumb\",\"itemListElement\":[{\"@type\":\"ListItem\",\"position\":1,\"name\":\"Home\",\"item\":\"https:\/\/www.ztefan.pl\/\"},{\"@type\":\"ListItem\",\"position\":2,\"name\":\"Torby m\u0119skie ze sk\u00f3ry naturalnej\",\"item\":\"https:\/\/www.ztefan.pl\/sklep\/\"},{\"@type\":\"ListItem\",\"position\":3,\"name\":\"Br\u0105zowy sk\u00f3rzany plecak z bawolej sk\u00f3ry ZT-082\"}]}]}<\/script>\n<!-- \/ Yoast SEO plugin. -->","yoast_head_json":{"title":"[:pl]Br\u0105zowy sk\u00f3rzany plecak z bawolej sk\u00f3ry ZT-082[:en]Brown leather backpack bufallo leather PC-082[:] - Ztefan","robots":{"index":"index","follow":"follow","max-snippet":"max-snippet:-1","max-image-preview":"max-image-preview:large","max-video-preview":"max-video-preview:-1"},"canonical":"https:\/\/www.ztefan.pl\/produkt\/brazowy-skorzany-plecak-z-bawolej-skory-zt-082\/","og_locale":"en_US","og_type":"article","og_title":"[:pl]Br\u0105zowy sk\u00f3rzany plecak z bawolej sk\u00f3ry ZT-082[:en]Brown leather backpack bufallo leather PC-082[:] - Ztefan","og_description":"[:pl]Materia\u0142 : sk\u00f3ra bawola  Wymiary: D\u0142ugo\u015b\u0107: 35 cm Szeroko\u015b\u0107 : 27 cm G\u0142\u0119boko\u015b\u0107: 10 cm  Kolor: br\u0105zowy.[:en]Material : bufallo skin  Dimensions: Length: 35 cm Height : 27 cm Depth: 10 cm  Color: brown.[:]","og_url":"https:\/\/www.ztefan.pl\/produkt\/brazowy-skorzany-plecak-z-bawolej-skory-zt-082\/","og_site_name":"Ztefan","article_publisher":"https:\/\/www.facebook.com\/ZTEFANSZCZECIN","article_modified_time":"2023-09-11T17:05:12+00:00","og_image":[{"width":450,"height":600,"url":"https:\/\/www.ztefan.pl\/wp-content\/uploads\/2023\/09\/IMG_9007.jpg","type":"image\/jpeg"}],"twitter_card":"summary_large_image","twitter_misc":{"Est. reading time":"1 minute"},"schema":{"@context":"https:\/\/schema.org","@graph":[{"@type":"Organization","@id":"https:\/\/www.ztefan.pl\/#organization","name":"ZTEFAN Piotr Stefa\u0144ski","url":"https:\/\/www.ztefan.pl\/","sameAs":["https:\/\/www.facebook.com\/ZTEFANSZCZECIN","https:\/\/www.instagram.com\/ztefan_torby_skorzane\/"],"logo":{"@type":"ImageObject","@id":"https:\/\/www.ztefan.pl\/#logo","inLanguage":"en-US","url":"https:\/\/www.ztefan.pl\/wp-content\/uploads\/2019\/12\/logo_www_color.png","contentUrl":"https:\/\/www.ztefan.pl\/wp-content\/uploads\/2019\/12\/logo_www_color.png","width":182,"height":90,"caption":"ZTEFAN Piotr Stefa\u0144ski"},"image":{"@id":"https:\/\/www.ztefan.pl\/#logo"}},{"@type":"WebSite","@id":"https:\/\/www.ztefan.pl\/#website","url":"https:\/\/www.ztefan.pl\/","name":"Ztefan","description":"Sk\u00f3rzane wyroby, torby podr\u00f3\u017cne, torby sportowe , torby na laptop Szczecin","publisher":{"@id":"https:\/\/www.ztefan.pl\/#organization"},"potentialAction":[{"@type":"SearchAction","target":{"@type":"EntryPoint","urlTemplate":"https:\/\/www.ztefan.pl\/?s={search_term_string}"},"query-input":"required name=search_term_string"}],"inLanguage":"en-US"},{"@type":"ImageObject","@id":"https:\/\/www.ztefan.pl\/produkt\/brazowy-skorzany-plecak-z-bawolej-skory-zt-082\/#primaryimage","inLanguage":"en-US","url":"https:\/\/www.ztefan.pl\/wp-content\/uploads\/2023\/09\/IMG_9007.jpg","contentUrl":"https:\/\/www.ztefan.pl\/wp-content\/uploads\/2023\/09\/IMG_9007.jpg","width":450,"height":600,"caption":"Br\u0105zowy sk\u00f3rzany plecak z bawolej sk\u00f3ry 10"},{"@type":"WebPage","@id":"https:\/\/www.ztefan.pl\/produkt\/brazowy-skorzany-plecak-z-bawolej-skory-zt-082\/#webpage","url":"https:\/\/www.ztefan.pl\/produkt\/brazowy-skorzany-plecak-z-bawolej-skory-zt-082\/","name":"[:pl]Br\u0105zowy sk\u00f3rzany plecak z bawolej sk\u00f3ry ZT-082[:en]Brown leather backpack bufallo leather PC-082[:] - Ztefan","isPartOf":{"@id":"https:\/\/www.ztefan.pl\/#website"},"primaryImageOfPage":{"@id":"https:\/\/www.ztefan.pl\/produkt\/brazowy-skorzany-plecak-z-bawolej-skory-zt-082\/#primaryimage"},"datePublished":"2023-09-11T16:55:03+00:00","dateModified":"2023-09-11T17:05:12+00:00","breadcrumb":{"@id":"https:\/\/www.ztefan.pl\/produkt\/brazowy-skorzany-plecak-z-bawolej-skory-zt-082\/#breadcrumb"},"inLanguage":"en-US","potentialAction":[{"@type":"ReadAction","target":["https:\/\/www.ztefan.pl\/produkt\/brazowy-skorzany-plecak-z-bawolej-skory-zt-082\/"]}]},{"@type":"BreadcrumbList","@id":"https:\/\/www.ztefan.pl\/produkt\/brazowy-skorzany-plecak-z-bawolej-skory-zt-082\/#breadcrumb","itemListElement":[{"@type":"ListItem","position":1,"name":"Home","item":"https:\/\/www.ztefan.pl\/"},{"@type":"ListItem","position":2,"name":"Torby m\u0119skie ze sk\u00f3ry naturalnej","item":"https:\/\/www.ztefan.pl\/sklep\/"},{"@type":"ListItem","position":3,"name":"Br\u0105zowy sk\u00f3rzany plecak z bawolej sk\u00f3ry ZT-082"}]}]}},"_links":{"self":[{"href":"https:\/\/www.ztefan.pl\/en\/wp-json\/wp\/v2\/product\/3091"}],"collection":[{"href":"https:\/\/www.ztefan.pl\/en\/wp-json\/wp\/v2\/product"}],"about":[{"href":"https:\/\/www.ztefan.pl\/en\/wp-json\/wp\/v2\/types\/product"}],"wp:featuredmedia":[{"embeddable":true,"href":"https:\/\/www.ztefan.pl\/en\/wp-json\/wp\/v2\/media\/3094"}],"wp:attachment":[{"href":"https:\/\/www.ztefan.pl\/en\/wp-json\/wp\/v2\/media?parent=3091"}],"curies":[{"name":"wp","href":"https:\/\/api.w.org\/{rel}","templated":true}]}}